{"id":43,"date":"2019-01-01T12:00:59","date_gmt":"2019-01-01T11:00:59","guid":{"rendered":"http:\/\/zubix.com.pl\/wordpress\/?page_id=43"},"modified":"2026-02-02T10:42:57","modified_gmt":"2026-02-02T09:42:57","slug":"fk","status":"publish","type":"page","link":"https:\/\/zubix.com.pl\/wordpress\/produkty\/fk\/","title":{"rendered":"System Finansowo-Ksi\u0119gowy"},"content":{"rendered":"<table border=\"0\" width=\"100%\" cellspacing=\"0\" cellpadding=\"0\">\n<tbody>\n<tr>\n<td bgcolor=\"#FEFDEF\" width=\"100%\">\n<div id=\"naglowek1\">System Finansowo-Ksi\u0119gowy<\/div>\n<div id=\"zawartosc1\">\n<div style=\"float: left; width: 105px;\"><img decoding=\"async\" src=\"https:\/\/zubix.com.pl\/grafika\/finanse.jpg\" \/><\/div>\n<p>System Finansowo-Ksi\u0119gowy stanowi trzon zintegrowanego systemu ZFKS. Pe\u0142na ksi\u0119gowo\u015b\u0107 oraz Ksi\u0119ga Przychod\u00f3w i Rozchod\u00f3w. Rozbudowana obs\u0142uga<br \/>\nrozrachunk\u00f3w, JPK, automatyczne rozliczanie VAT, e-sprawozdanie. System w pe\u0142ni zgodny z obowi\u0105zuj\u0105cymi ustawami i przepisami, na bie\u017c\u0105co aktualizowany.<br \/>\nProgram podzielony jest na modu\u0142y:<\/p>\n<div id=\"naglowek2\">MODU\u0141 PODSTAWOWY<\/div>\n<div id=\"zawartosc2\">&#8211; rejestracja i edycja dokument\u00f3w ksi\u0119gowych,<br \/>\n&#8211; automatyczne pobieranie faktur zakupowych z KSeF<br \/>\n&#8211; wydruki: dziennik dokument\u00f3w, lista dokument\u00f3w, obroty i salda, analityka kont za dowolny okres, bilans otwarcia,<br \/>\n&#8211; przegl\u0105d dokument\u00f3w i kartoteki obrot\u00f3w analitycznie i syntetycznie,<br \/>\n&#8211; zamkni\u0119cie roku automatyczne wykonanie dokument\u00f3w BZ,<br \/>\n&#8211; automatyczne wytworzenie BO na nast\u0119pny rok,<br \/>\n&#8211; import danych z innych system\u00f3w (HANDEL, CZYNSZE),<br \/>\n&#8211; deklaracje CIT-2, PIT-5, PIT-5L<br \/>\n&#8211; wytwarzanie i wysy\u0142anie jednolitego pliku kontrolnego (JPK),<br \/>\n&#8211; ochrona danych osobowych (ODO),<br \/>\n&#8211; potwierdzenia salda<\/div>\n<div id=\"naglowek2\">MODU\u0141 OBS\u0141UGI VAT<\/div>\n<div id=\"zawartosc2\">&#8211; prowadzenie rejestr\u00f3w VAT &#8222;w tle&#8221; normalnej pracy programu FK,<br \/>\n&#8211; mo\u017cna za\u0142o\u017cy\u0107 dowoln\u0105 ilo\u015b\u0107 rejestr\u00f3w, a ka\u017cdy z nich mo\u017ce zawiera\u0107 dwie kolumny umo\u017cliwiaj\u0105c rejestracj\u0105 podatku w dwu grupach (np. do odliczania i bez odlicze\u0144),<br \/>\n&#8211; tworzone s\u0105 wydruki rejestr\u00f3w (na bie\u017c\u0105co i wersja ostateczna, zestawienie rejestr\u00f3w),<br \/>\n&#8211; uwzgl\u0119dnia przepisy zwi\u0105zane z dat\u0105 obowi\u0105zku podatkowego (np. faktury wystawiane za us\u0142ugi komunalne i faktury otrzymywane za takie us\u0142ugi)<br \/>\n&#8211; pozwala na zmian\u0119 stawek VAT (z 22 na 23 itp)<\/div>\n<div id=\"naglowek2\">MODU\u0141 ROZRACHUNK\u00d3W<\/div>\n<div id=\"zawartosc2\">&#8211; mo\u017cna ogl\u0105da\u0107, selekcjonowa\u0107, drukowa\u0107 rejestr transakcji (ksi\u0119gowania na konta rozrachunkowe)<br \/>\n&#8211; \u0142\u0105cznie transakcji (np. w celu kompensaty albo te\u017c faktura koryguj\u0105ca po\u0142\u0105czona z faktur\u0105, kt\u00f3rej dotyczy) , podzia\u0142 na raty, u\u0142atwienia podczas ksi\u0119gowania zap\u0142at za ju\u017c zaksi\u0119gowane faktury, rozksi\u0119gowanie zbiorczych zap\u0142at na poszczeg\u00f3lne transakcje<br \/>\n&#8211; selekcja transakcji wed\u0142ug r\u00f3\u017cnych kryteri\u00f3w (rozliczone, przeterminowane, o saldzie wi\u0119kszym\/mniejszym, od zadanej warto\u015bci),<\/div>\n<div id=\"naglowek2\">MODU\u0141 WEZWA\u0143 I ODSETEK (dost\u0119pny tylko wraz z modu\u0142em rozrachunk\u00f3w)<\/div>\n<div id=\"zawartosc2\">&#8211; wezwania do zap\u0142aty<br \/>\n&#8211; naliczanie (lub tylko pokazywanie) odsetek od transakcji (zap\u0142aconych i niezap\u0142aconych!)<br \/>\n&#8211; zestawienie (wydruk)odsetek od transakcji zap\u0142aconych<br \/>\n&#8211; dynamiczne naliczanie odsetek od transakcji w\u0142a\u015bnie op\u0142acanych w kasie lub ksi\u0119gowanych WB<br \/>\n&#8211; wezwania do zap\u0142aty odsetek<\/div>\n<div id=\"naglowek2\">MODU\u0141 FAKTUROWANIA<\/div>\n<div id=\"zawartosc2\">&#8211; umo\u017cliwia wystawienie faktur VAT, rachunk\u00f3w, not obci\u0105\u017ceniowych, wsp\u00f3\u0142praca z KSeF<br \/>\n&#8211; faktury s\u0105 automatycznie ksi\u0119gowane i wpisywane do rejestru VAT,<br \/>\n&#8211; faktury mog\u0105 by\u0107 dowolnie edytowane (sumy cz\u0119\u015bciowe, dopiski, komentarze itp.),<br \/>\n&#8211; rejestr ostatnio pisanych faktur, faktur wzorcowych z mo\u017cliwo\u015bci\u0105 wykorzystania,<br \/>\n&#8211; mo\u017cliwo\u015b\u0107 ustalania typowych asortyment\u00f3w sprzeda\u017cy (pami\u0119tana jest nazwa, cena, podatek VAT, SWW\/KU),<br \/>\n&#8211; wystawianie WZ i faktury na podstawie WZ.<\/div>\n<div id=\"naglowek2\">MODU\u0141 W\u0141ASNYCH WYDRUK\u00d3W<\/div>\n<div id=\"zawartosc2\">&#8211; umo\u017cliwia zaprojektowanie w\u0142asnych zestawie\u0144 (w uk\u0142adzie miesi\u0105c, narastaj\u0105co). Przydatny przy sporz\u0105dzaniu sprawozda\u0144 GUS itp., wyniku finansowego, bilansu,<\/div>\n<div id=\"naglowek2\">ASORTYMENTY<\/div>\n<div id=\"zawartosc2\">&#8211; faktury sprzeda\u017cy i zakupu mog\u0105 by\u0107 rozbite na asortymenty,<br \/>\n&#8211; wydruk towar\u00f3w zakupionych i sprzedanych w rozbiciu na asortymenty<\/div>\n<div id=\"naglowek2\">MODU\u0141 PRZELEW\u00d3W<\/div>\n<div id=\"zawartosc2\">&#8211; automatyczne generowanie (przygotowanie) przelew\u00f3w, z mo\u017cliwo\u015bci\u0105 wydruku w dowolnym dniu.<br \/>\n&#8211; zestawienia p\u0142atno\u015bci przypadaj\u0105cych na dowolny dzie\u0144 lub za okres,<\/div>\n<div id=\"naglowek2\">HOME BANKING<\/div>\n<div id=\"zawartosc2\">&#8211; zarejestrowane<br \/>\nprzelewy mo\u017cna wys\u0142a\u0107 do programu bankowego, kt\u00f3ry wy\u015ble je<br \/>\nelektronicznie; je\u015bli mamy obs\u0142ug\u0119 elektroniczn\u0105 kilku bank\u00f3w,<br \/>\nto modu\u0142 ten nale\u017cy zakupi\u0107 dla ka\u017cdego banku osobno.<\/div>\n<div id=\"naglowek2\">MODU\u0141 OBS\u0141UGI KASY<\/div>\n<div id=\"zawartosc2\">&#8211; mo\u017cliwo\u015b\u0107 automatycznego prowadzenia raport\u00f3w kasowych, drukowanie dokument\u00f3w KP i KW, automatyczne ksi\u0119gowanie (tak\u017ce na konta kosztowe).<\/div>\n<div id=\"naglowek2\">MODU\u0141 ROZLICZANIA KOSZT\u00d3W<\/div>\n<div id=\"zawartosc2\">po zaprojektowaniu algorytmu rozliczania koszt\u00f3w, rozliczenie koszt\u00f3w w ka\u017cdym miesi\u0105cu wykonuje si\u0119 szybko i bez dodatkowego nak\u0142adu pracy (mo\u017cna je \u0142atwo wycofa\u0107 i powt\u00f3rzy\u0107).<\/div>\n<div id=\"naglowek2\">MODU\u0141 WALUTOWY<\/div>\n<div id=\"zawartosc2\">&#8211; umo\u017cliwia za\u0142o\u017cenie kont walutowych (pozabilansowych),<br \/>\n&#8211; automatyczne ksi\u0119gowanie r\u00f3\u017cnic kursowych,<br \/>\n&#8211; wydruk obrot\u00f3w i rozrachunk\u00f3w w ka\u017cdej z walut,<br \/>\n&#8211; wydruk obrot\u00f3w w walucie,<\/div>\n<div id=\"naglowek2\">P\u0142atno\u015bci masowe SIMP<\/div>\n<div id=\"zawartosc2\">&#8211; automatyczne ksi\u0119gowanie wyci\u0105g\u00f3w bankowych z przelew\u00f3w wirtualnych kont bankowych.<\/div>\n<div id=\"naglowek2\">Polecenia zap\u0142aty<\/div>\n<div id=\"zawartosc2\">&#8211; generowanie polece\u0144 zap\u0142aty dla kontrahent\u00f3w na podstawie faktur sprzeda\u017cy i eksport do banku.<\/div>\n<div id=\"naglowek2\"><a name=\"OBK\"><\/a><a href=\"https:\/\/zubix.com.pl\/wordpress\/index.php\/produkty\/eDokumenty\/\">Modu\u0142 obiegu korespondencji i dyspozycji<\/a><\/div>\n<div id=\"zawartosc2\">\n<div style=\"float: left; width: 105px;\"><a href=\"https:\/\/zubix.com.pl\/wordpress\/index.php\/produkty\/eDokumenty\/\"><img decoding=\"async\" src=\"https:\/\/zubix.com.pl\/grafika\/sekretariat.jpg\" \/><\/a><\/div>\n<p>&#8211; rejestracja spraw\/pism przychodz\u0105cych do firmy, wychodz\u0105cych z firmy i wewn\u0119trznych,<br \/>\n&#8211; skanowanie pism, do\u0142\u0105czanie dowolnych plik\u00f3w (grafika, Word, Excel, PDF, XML, itp.),<br \/>\n&#8211; przekazywanie dyspozycji(korespondencji) mi\u0119dzy pracownikami z opisem zada\u0144 do wykonania i za\u0142\u0105cznikami &#8211; r\u00f3wnie\u017c powi\u0105zanymi ze spraw\u0105\/pismem,<br \/>\n&#8211; nast\u0119pniki (odpowiedzi) i poprzedniki dyspozycji, spraw i pism &#8211; \u0142\u0105czenie w w\u0105tki,<br \/>\n&#8211; podzia\u0142 danych na typy, rodzaje, stanowiska, wydzia\u0142y, archiwum itp.,<br \/>\n&#8211; \u0142\u0105czenie danych modu\u0142u z kontrahentami, obiektami SNO, dokumentami ksi\u0119gowymi, fakturami i innymi modu\u0142ami ZFKS.<\/p>\n<\/div>\n<div id=\"naglowek2\">Filmy instrukta\u017cowe<\/div>\n<div id=\"zawartosc2\"><a href=\"https:\/\/zubix.com.pl\/VIDEO\/tworzenie_e_deklaracji.html\" target=\"_BLANK\" rel=\"noopener noreferrer\">Tworzenie e-deklaracji<\/a><br \/>\n<a href=\"https:\/\/zubix.com.pl\/VIDEO\/tworzenie_JPK.html\" target=\"_BLANK\" rel=\"noopener noreferrer\">Tworzenie JPK<\/a><br \/>\n<a href=\"https:\/\/zubix.com.pl\/VIDEO\/porownanie_pliku_JPK_z_VAT7.html\" target=\"_BLANK\" rel=\"noopener noreferrer\">Por\u00f3wnanie pliku JPK z VAT-7<\/a><\/div>\n<div id=\"zawartosc2\">Istnieje wydanie programu FK dla biur rachunkowych MULTI oraz dla zarz\u0105dc\u00f3w wsp\u00f3lnot mieszkaniowych<\/div>\n<div id=\"zawartosc2\" style=\"text-align: center;\">Zasady obliczania cen na wi\u0119cej ni\u017c jedno stanowisko &#8211; <a href=\"https:\/\/zubix.com.pl\/wordpress\/index.php\/produkty\/zasady-sprzedazy\/\">Zasady sprzeda\u017cy oprogramowania<\/a><\/div>\n<\/div>\n<\/td>\n<\/tr>\n<\/tbody>\n<\/table>\n","protected":false},"excerpt":{"rendered":"<p>System Finansowo-Ksi\u0119gowy System Finansowo-Ksi\u0119gowy stanowi trzon zintegrowanego systemu ZFKS. Pe\u0142na ksi\u0119gowo\u015b\u0107 oraz Ksi\u0119ga Przychod\u00f3w i Rozchod\u00f3w. Rozbudowana obs\u0142uga rozrachunk\u00f3w, JPK, automatyczne rozliczanie VAT, e-sprawozdanie. System w pe\u0142ni zgodny z obowi\u0105zuj\u0105cymi ustawami i przepisami, na bie\u017c\u0105co aktualizowany. Program podzielony jest na modu\u0142y: MODU\u0141 PODSTAWOWY &#8211; rejestracja i edycja dokument\u00f3w ksi\u0119gowych, &#8211; automatyczne pobieranie faktur zakupowych z [&hellip;]<\/p>\n","protected":false},"author":1,"featured_media":0,"parent":31,"menu_order":31,"comment_status":"closed","ping_status":"closed","template":"","meta":[],"yoast_head":"<!-- This site is optimized with the Yoast SEO plugin v21.0 - https:\/\/yoast.com\/wordpress\/plugins\/seo\/ -->\n<title>System Finansowo-Ksi\u0119gowy Kielce, Ksi\u0119gowo\u015b\u0107 pod kontrol\u0105<\/title>\n<meta name=\"description\" content=\"System Finansowo-Ksi\u0119gowy za pomoc\u0105 programu z \u0142atwo\u015bcia: rozliczysz si\u0119 z podatku, wy\u015blesz JPK, wype\u0142nisz deklaracje, rozliczysz sie z kontrahentami\" \/>\n<meta name=\"robots\" content=\"index, follow, max-snippet:-1, max-image-preview:large, max-video-preview:-1\" \/>\n<link rel=\"canonical\" href=\"https:\/\/zubix.com.pl\/wordpress\/produkty\/fk\/\" \/>\n<meta property=\"og:locale\" content=\"pl_PL\" \/>\n<meta property=\"og:type\" content=\"article\" \/>\n<meta property=\"og:title\" content=\"System Finansowo-Ksi\u0119gowy Kielce, Ksi\u0119gowo\u015b\u0107 pod kontrol\u0105\" \/>\n<meta property=\"og:description\" content=\"System Finansowo-Ksi\u0119gowy za pomoc\u0105 programu z \u0142atwo\u015bcia: rozliczysz si\u0119 z podatku, wy\u015blesz JPK, wype\u0142nisz deklaracje, rozliczysz sie z kontrahentami\" \/>\n<meta property=\"og:url\" content=\"https:\/\/zubix.com.pl\/wordpress\/produkty\/fk\/\" \/>\n<meta property=\"og:site_name\" content=\"PT-I ZUBIX\" \/>\n<meta property=\"article:modified_time\" content=\"2026-02-02T09:42:57+00:00\" \/>\n<meta property=\"og:image\" content=\"https:\/\/zubix.com.pl\/grafika\/finanse.jpg\" \/>\n<meta name=\"twitter:card\" content=\"summary_large_image\" \/>\n<meta name=\"twitter:label1\" content=\"Szacowany czas czytania\" \/>\n\t<meta name=\"twitter:data1\" content=\"5 minut\" \/>\n<script type=\"application\/ld+json\" class=\"yoast-schema-graph\">{\"@context\":\"https:\/\/schema.org\",\"@graph\":[{\"@type\":\"WebPage\",\"@id\":\"https:\/\/zubix.com.pl\/wordpress\/produkty\/fk\/\",\"url\":\"https:\/\/zubix.com.pl\/wordpress\/produkty\/fk\/\",\"name\":\"System Finansowo-Ksi\u0119gowy Kielce, Ksi\u0119gowo\u015b\u0107 pod kontrol\u0105\",\"isPartOf\":{\"@id\":\"https:\/\/zubix.com.pl\/wordpress\/#website\"},\"datePublished\":\"2019-01-01T11:00:59+00:00\",\"dateModified\":\"2026-02-02T09:42:57+00:00\",\"description\":\"System Finansowo-Ksi\u0119gowy za pomoc\u0105 programu z \u0142atwo\u015bcia: rozliczysz si\u0119 z podatku, wy\u015blesz JPK, wype\u0142nisz deklaracje, rozliczysz sie z kontrahentami\",\"breadcrumb\":{\"@id\":\"https:\/\/zubix.com.pl\/wordpress\/produkty\/fk\/#breadcrumb\"},\"inLanguage\":\"pl-PL\",\"potentialAction\":[{\"@type\":\"ReadAction\",\"target\":[\"https:\/\/zubix.com.pl\/wordpress\/produkty\/fk\/\"]}]},{\"@type\":\"BreadcrumbList\",\"@id\":\"https:\/\/zubix.com.pl\/wordpress\/produkty\/fk\/#breadcrumb\",\"itemListElement\":[{\"@type\":\"ListItem\",\"position\":1,\"name\":\"Strona g\u0142\u00f3wna\",\"item\":\"https:\/\/zubix.com.pl\/wordpress\/\"},{\"@type\":\"ListItem\",\"position\":2,\"name\":\"Produkty\",\"item\":\"https:\/\/zubix.com.pl\/wordpress\/produkty\/\"},{\"@type\":\"ListItem\",\"position\":3,\"name\":\"System Finansowo-Ksi\u0119gowy\"}]},{\"@type\":\"WebSite\",\"@id\":\"https:\/\/zubix.com.pl\/wordpress\/#website\",\"url\":\"https:\/\/zubix.com.pl\/wordpress\/\",\"name\":\"PT-I ZUBIX\",\"description\":\"Programy dla Twojej firmy\",\"publisher\":{\"@id\":\"https:\/\/zubix.com.pl\/wordpress\/#organization\"},\"potentialAction\":[{\"@type\":\"SearchAction\",\"target\":{\"@type\":\"EntryPoint\",\"urlTemplate\":\"https:\/\/zubix.com.pl\/wordpress\/?s={search_term_string}\"},\"query-input\":\"required name=search_term_string\"}],\"inLanguage\":\"pl-PL\"},{\"@type\":\"Organization\",\"@id\":\"https:\/\/zubix.com.pl\/wordpress\/#organization\",\"name\":\"PTI ZUBIX\",\"url\":\"https:\/\/zubix.com.pl\/wordpress\/\",\"logo\":{\"@type\":\"ImageObject\",\"inLanguage\":\"pl-PL\",\"@id\":\"https:\/\/zubix.com.pl\/wordpress\/#\/schema\/logo\/image\/\",\"url\":\"http:\/\/zubix.com.pl\/wordpress\/wp-content\/uploads\/2019\/06\/zubix_header.png\",\"contentUrl\":\"http:\/\/zubix.com.pl\/wordpress\/wp-content\/uploads\/2019\/06\/zubix_header.png\",\"width\":480,\"height\":157,\"caption\":\"PTI ZUBIX\"},\"image\":{\"@id\":\"https:\/\/zubix.com.pl\/wordpress\/#\/schema\/logo\/image\/\"}}]}<\/script>\n<!-- \/ Yoast SEO plugin. -->","yoast_head_json":{"title":"System Finansowo-Ksi\u0119gowy Kielce, Ksi\u0119gowo\u015b\u0107 pod kontrol\u0105","description":"System Finansowo-Ksi\u0119gowy za pomoc\u0105 programu z \u0142atwo\u015bcia: rozliczysz si\u0119 z podatku, wy\u015blesz JPK, wype\u0142nisz deklaracje, rozliczysz sie z kontrahentami","robots":{"index":"index","follow":"follow","max-snippet":"max-snippet:-1","max-image-preview":"max-image-preview:large","max-video-preview":"max-video-preview:-1"},"canonical":"https:\/\/zubix.com.pl\/wordpress\/produkty\/fk\/","og_locale":"pl_PL","og_type":"article","og_title":"System Finansowo-Ksi\u0119gowy Kielce, Ksi\u0119gowo\u015b\u0107 pod kontrol\u0105","og_description":"System Finansowo-Ksi\u0119gowy za pomoc\u0105 programu z \u0142atwo\u015bcia: rozliczysz si\u0119 z podatku, wy\u015blesz JPK, wype\u0142nisz deklaracje, rozliczysz sie z kontrahentami","og_url":"https:\/\/zubix.com.pl\/wordpress\/produkty\/fk\/","og_site_name":"PT-I ZUBIX","article_modified_time":"2026-02-02T09:42:57+00:00","og_image":[{"url":"https:\/\/zubix.com.pl\/grafika\/finanse.jpg"}],"twitter_card":"summary_large_image","twitter_misc":{"Szacowany czas czytania":"5 minut"},"schema":{"@context":"https:\/\/schema.org","@graph":[{"@type":"WebPage","@id":"https:\/\/zubix.com.pl\/wordpress\/produkty\/fk\/","url":"https:\/\/zubix.com.pl\/wordpress\/produkty\/fk\/","name":"System Finansowo-Ksi\u0119gowy Kielce, Ksi\u0119gowo\u015b\u0107 pod kontrol\u0105","isPartOf":{"@id":"https:\/\/zubix.com.pl\/wordpress\/#website"},"datePublished":"2019-01-01T11:00:59+00:00","dateModified":"2026-02-02T09:42:57+00:00","description":"System Finansowo-Ksi\u0119gowy za pomoc\u0105 programu z \u0142atwo\u015bcia: rozliczysz si\u0119 z podatku, wy\u015blesz JPK, wype\u0142nisz deklaracje, rozliczysz sie z kontrahentami","breadcrumb":{"@id":"https:\/\/zubix.com.pl\/wordpress\/produkty\/fk\/#breadcrumb"},"inLanguage":"pl-PL","potentialAction":[{"@type":"ReadAction","target":["https:\/\/zubix.com.pl\/wordpress\/produkty\/fk\/"]}]},{"@type":"BreadcrumbList","@id":"https:\/\/zubix.com.pl\/wordpress\/produkty\/fk\/#breadcrumb","itemListElement":[{"@type":"ListItem","position":1,"name":"Strona g\u0142\u00f3wna","item":"https:\/\/zubix.com.pl\/wordpress\/"},{"@type":"ListItem","position":2,"name":"Produkty","item":"https:\/\/zubix.com.pl\/wordpress\/produkty\/"},{"@type":"ListItem","position":3,"name":"System Finansowo-Ksi\u0119gowy"}]},{"@type":"WebSite","@id":"https:\/\/zubix.com.pl\/wordpress\/#website","url":"https:\/\/zubix.com.pl\/wordpress\/","name":"PT-I ZUBIX","description":"Programy dla Twojej firmy","publisher":{"@id":"https:\/\/zubix.com.pl\/wordpress\/#organization"},"potentialAction":[{"@type":"SearchAction","target":{"@type":"EntryPoint","urlTemplate":"https:\/\/zubix.com.pl\/wordpress\/?s={search_term_string}"},"query-input":"required name=search_term_string"}],"inLanguage":"pl-PL"},{"@type":"Organization","@id":"https:\/\/zubix.com.pl\/wordpress\/#organization","name":"PTI ZUBIX","url":"https:\/\/zubix.com.pl\/wordpress\/","logo":{"@type":"ImageObject","inLanguage":"pl-PL","@id":"https:\/\/zubix.com.pl\/wordpress\/#\/schema\/logo\/image\/","url":"http:\/\/zubix.com.pl\/wordpress\/wp-content\/uploads\/2019\/06\/zubix_header.png","contentUrl":"http:\/\/zubix.com.pl\/wordpress\/wp-content\/uploads\/2019\/06\/zubix_header.png","width":480,"height":157,"caption":"PTI ZUBIX"},"image":{"@id":"https:\/\/zubix.com.pl\/wordpress\/#\/schema\/logo\/image\/"}}]}},"_links":{"self":[{"href":"https:\/\/zubix.com.pl\/wordpress\/wp-json\/wp\/v2\/pages\/43"}],"collection":[{"href":"https:\/\/zubix.com.pl\/wordpress\/wp-json\/wp\/v2\/pages"}],"about":[{"href":"https:\/\/zubix.com.pl\/wordpress\/wp-json\/wp\/v2\/types\/page"}],"author":[{"embeddable":true,"href":"https:\/\/zubix.com.pl\/wordpress\/wp-json\/wp\/v2\/users\/1"}],"replies":[{"embeddable":true,"href":"https:\/\/zubix.com.pl\/wordpress\/wp-json\/wp\/v2\/comments?post=43"}],"version-history":[{"count":12,"href":"https:\/\/zubix.com.pl\/wordpress\/wp-json\/wp\/v2\/pages\/43\/revisions"}],"predecessor-version":[{"id":655,"href":"https:\/\/zubix.com.pl\/wordpress\/wp-json\/wp\/v2\/pages\/43\/revisions\/655"}],"up":[{"embeddable":true,"href":"https:\/\/zubix.com.pl\/wordpress\/wp-json\/wp\/v2\/pages\/31"}],"wp:attachment":[{"href":"https:\/\/zubix.com.pl\/wordpress\/wp-json\/wp\/v2\/media?parent=43"}],"curies":[{"name":"wp","href":"https:\/\/api.w.org\/{rel}","templated":true}]}}