{"id":35,"date":"2019-01-01T12:00:16","date_gmt":"2019-01-01T11:00:16","guid":{"rendered":"http:\/\/zubix.com.pl\/wordpress\/?page_id=35"},"modified":"2021-11-02T13:43:39","modified_gmt":"2021-11-02T12:43:39","slug":"polityka","status":"publish","type":"page","link":"https:\/\/zubix.com.pl\/wordpress\/polityka\/","title":{"rendered":"Polityka, RODO"},"content":{"rendered":"<table border=\"0\" width=\"100%\" cellspacing=\"0\" cellpadding=\"0\">\n<tbody>\n<tr>\n<td bgcolor=\"#FEFDEF\" width=\"100%\">\n<div id=\"naglowek1\">Polityka firmy, RODO<\/div>\n<div id=\"zawartosc1\">\n<div id=\"naglowek2\">Polityka jako\u015bci<\/div>\n<div id=\"zawartosc2\">\n<div style=\"float: left; width: 105px;\"><img decoding=\"async\" src=\"https:\/\/zubix.com.pl\/grafika\/politjako.jpg\" \/><\/div>\n<p>Nasz\u0105 misj\u0105 jest dostarczanie skutecznych narz\u0119dzi informatycznych do rozwi\u0105zywania problem\u00f3w naszych klient\u00f3w. Naszym celem &#8211; pe\u0142ne zadowolenie klienta, przez spe\u0142nienie jego oczekiwa\u0144 i zaspokojenie potrzeb.<\/p>\n<p>Dlatego:<\/p>\n<ul>\n<li>Uwa\u017cnie ws\u0142uchujemy si\u0119 w \u017cyczenia naszych klient\u00f3w i staramy si\u0119 je spe\u0142nia\u0107 szybko, kompleksowo i mo\u017cliwie tanio.<\/li>\n<li>Zawsze dbamy o jako\u015b\u0107 naszych wyrob\u00f3w i us\u0142ug.<\/li>\n<li>Sprzedawane programy i komputery dok\u0142adnie testujemy przed dostaw\u0105.<\/li>\n<li>S\u0142u\u017cymy pomoc\u0105 w instalacji, konfiguracji i wdro\u017ceniu program\u00f3w.<\/li>\n<li>Naszym klientom oferujemy fachowe i efektywne szkolenia.<\/li>\n<li>Nie mo\u017cemy wyprzedza\u0107 zmian w przepisach, ale staramy si\u0119 za nimi nad\u0105\u017ca\u0107.<\/li>\n<li>Nie zapominamy o dobrej i aktualnej dokumentacji naszych produkt\u00f3w.<\/li>\n<li>Nie bagatelizujemy sygnalizowanych problem\u00f3w &#8211; reagujemy szybko i skutecznie.<\/li>\n<li>Dotrzymujemy termin\u00f3w i zobowi\u0105za\u0144, ka\u017cd\u0105 spraw\u0119 doprowadzamy do ko\u0144ca.<\/li>\n<\/ul>\n<p>Cele te realizujemy poprzez:<\/p>\n<ul>\n<li>Wdro\u017cenie i sta\u0142e rozwijanie systemu zarz\u0105dzania jako\u015bci\u0105 zgodnego z norm\u0105 <a href=\"?ID=iso\">ISO\u00a09001:2000<\/a>.<\/li>\n<li>Sta\u0142e doskonalenie proces\u00f3w wytw\u00f3rczych i wyrob\u00f3w.<\/li>\n<li>Stosowanie sprawdzonych technologii i korzystanie z us\u0142ug wypr\u00f3bowanych dostawc\u00f3w.<\/li>\n<li>Dok\u0142adne analizowanie wymaga\u0144, zawieranie precyzyjnych um\u00f3w i rzetelne si\u0119 z nich wywi\u0105zywanie.<\/li>\n<li>Wymaganie najwy\u017cszych kwalifikacji od zatrudnianych pracownik\u00f3w i dbanie o ich ci\u0105g\u0142y rozw\u00f3j zawodowy.<\/li>\n<li>Stwarzanie warunk\u00f3w dla pe\u0142nego zaanga\u017cowania pracownik\u00f3w w realizacj\u0119 postawionych zada\u0144.<\/li>\n<li>Dbanie o dobre imi\u0119 firmy i dobre samopoczucie zadowolonych klient\u00f3w.<\/li>\n<\/ul>\n<\/div>\n<div id=\"naglowek2\">Ochrona danych osobowych<\/div>\n<div id=\"zawartosc2\">\n<p><b>Klauzula informacyjna dla obecnych i by\u0142ych klient\u00f3w PTI ZUBIX SP. Z O.O.<\/b><\/p>\n<p>Zgodnie z art. 13 og\u00f3lnego rozporz\u0105dzenia o ochronie danych osobowych z dnia 27 kwietnia 2016 r. (Dz. Urz. UE L 119 z 04.05.2016) informuj\u0119, i\u017c:<\/p>\n<p>1) Administratorem Pa\u0144stwa danych osobowych jest:<br \/>\nPrzedsi\u0119biorstwo Techniczno-Informatyczne \u0084ZUBIX\u0094 sp. z o.o.,<br \/>\npl. Moniuszki 11, 25-334 Kielce,<br \/>\ntel.: +48 344 44 47,<br \/>\ne-mail: office@zubix.com.pl<br \/>\n2) Pa\u0144stwa dane osobowe s\u0105 przetwarzane w celu realizacji um\u00f3w zakupu lub sprzeda\u017cy towar\u00f3w lub<br \/>\nus\u0142ug, \u015bwiadczonych lub nabywanych przez osoby fizyczne prowadz\u0105ce dzia\u0142alno\u015b\u0107 gospodarcz\u0105, na<br \/>\npodstawie:<br \/>\nart. 6 ust. 1 lit. b RODO, tj. gdy przetwarzanie jest niezb\u0119dne do wykonania umowy, kt\u00f3rej<br \/>\nstron\u0105 jest osoba, kt\u00f3rej dane dotycz\u0105, lub do podj\u0119cia dzia\u0142a\u0144 na \u017c\u0105danie osoby, kt\u00f3rej dane<br \/>\ndotycz\u0105, przed zawarciem umowy, oraz art. 6 ust. 1 lit. f, tj. gdy przetwarzanie jest niezb\u0119dne<br \/>\ndo cel\u00f3w wynikaj\u0105cych z prawnie uzasadnionych interes\u00f3w realizowanych przez<br \/>\nadministratora lub przez stron\u0119 trzeci\u0105.<br \/>\n3) Odbiorcami danych s\u0105: organy podatkowe, bank, je\u015bli p\u0142atno\u015b\u0107 jest dokonywana przelewem, a w<br \/>\nprzypadku dochodzenia roszcze\u0144 \u0096 r\u00f3wnie\u017c instytucje s\u0105dowe, komornicze i firmy windykacyjne.<br \/>\n4) Pa\u0144stwa dane osobowe b\u0119d\u0105 przechowywane przez co najmniej 6 lat od ostatniej transakcji lub od<br \/>\nmomentu rozwi\u0105zania umowy, z zachowaniem okresu przedawnienia roszcze\u0144.<br \/>\n5) Maj\u0105 Pa\u0144stwo prawo \u017c\u0105dania od Administratora dost\u0119pu do swoich danych osobowych, ich<br \/>\nsprostowania, usuni\u0119cia lub ograniczenia przetwarzania, prawo do wniesienia sprzeciwu wobec<br \/>\nprzetwarzania, a tak\u017ce prawo do przenoszenia danych.<br \/>\n6) Maj\u0105 Pa\u0144stwo prawo wnie\u015b\u0107 skarg\u0119 do organu nadzorczego, kt\u00f3rym jest Prezes Urz\u0119du Ochrony<br \/>\nDanych Osobowych, je\u015bli uznaj\u0105 Pa\u0144stwo, i\u017c przetwarzanie przez Administratora Pa\u0144stwa danych<br \/>\nosobowych narusza przepisy dotycz\u0105ce ochrony danych osobowych.<br \/>\n7) Podanie danych osobowych jest dobrowolne, lecz niezb\u0119dne do realizacji umowy.<\/p>\n<p><b>Klauzula informacyjna dla by\u0142ych pracownik\u00f3w PTI ZUBIX SP. Z O.O.<\/b><\/p>\n<p>Zgodnie z art. 13 og\u00f3lnego rozporz\u0105dzenia o ochronie danych osobowych z dnia 27 kwietnia 2016 r. (Dz. Urz. UE L 119 z 04.05.2016) informuj\u0119, i\u017c:<\/p>\n<p>1) Administratorem Pa\u0144stwa danych osobowych jest:<br \/>\nPrzedsi\u0119biorstwo Techniczno-Informatyczne \u0084ZUBIX\u0094 sp. z o.o.,<br \/>\npl. Moniuszki 11, 25-334 Kielce,<br \/>\ntel.: +48 344 44 47,<br \/>\ne-mail: office@zubix.com.pl<br \/>\n2) Pa\u0144stwa dane osobowe s\u0105 przetwarzane w celu spe\u0142nienia wymog\u00f3w prawnych na podstawie:<br \/>\nart. 6 ust. 1 lit. c i art. 9 ust. 2 lit. b i h RODO, tj. gdy przetwarzanie jest niezb\u0119dne do<br \/>\nwype\u0142nienia obowi\u0105zku prawnego ci\u0105\u017c\u0105cego na administratorze oraz przetwarzanie jest<br \/>\nniezb\u0119dne do wype\u0142nienia obowi\u0105zk\u00f3w i wykonywania szczeg\u00f3lnych praw przez<br \/>\nadministratora lub osob\u0119, kt\u00f3rej dane dotycz\u0105, w dziedzinie prawa pracy, zabezpieczenia<br \/>\nspo\u0142ecznego i ochrony socjalnej, profilaktyki zdrowotnej lub medycyny pracy.<br \/>\n3) Odbiorcami danych s\u0105: US i ZUS.<br \/>\n4) Pa\u0144stwa dane osobowe b\u0119d\u0105 przechowywane przez 50 lat od ustania stosunku pracy.<br \/>\n5) Maj\u0105 Pa\u0144stwo prawo \u017c\u0105da\u0107 od Administratora dost\u0119pu do swoich danych osobowych, ich<br \/>\nsprostowania, usuni\u0119cia lub ograniczenia przetwarzania, prawo do wniesienia sprzeciwu wobec<br \/>\nprzetwarzania, a tak\u017ce prawo do przenoszenia danych.<br \/>\n6) Maj\u0105 Pa\u0144stwo prawo wnie\u015b\u0107 skarg\u0119 do organu nadzorczego, kt\u00f3rym jest Prezes Urz\u0119du Ochrony<br \/>\nDanych Osobowych, je\u015bli uznaj\u0105 Pa\u0144stwo, \u017ce przetwarzanie przez Administratora Pa\u0144stwa danych<br \/>\nosobowych narusza przepisy dot. ochrony danych osobowych.<\/p>\n<\/div>\n<\/div>\n<\/td>\n<\/tr>\n<\/tbody>\n<\/table>\n","protected":false},"excerpt":{"rendered":"<p>Polityka firmy, RODO Polityka jako\u015bci Nasz\u0105 misj\u0105 jest dostarczanie skutecznych narz\u0119dzi informatycznych do rozwi\u0105zywania problem\u00f3w naszych klient\u00f3w. Naszym celem &#8211; pe\u0142ne zadowolenie klienta, przez spe\u0142nienie jego oczekiwa\u0144 i zaspokojenie potrzeb. Dlatego: Uwa\u017cnie ws\u0142uchujemy si\u0119 w \u017cyczenia naszych klient\u00f3w i staramy si\u0119 je spe\u0142nia\u0107 szybko, kompleksowo i mo\u017cliwie tanio. Zawsze dbamy o jako\u015b\u0107 naszych wyrob\u00f3w i [&hellip;]<\/p>\n","protected":false},"author":1,"featured_media":0,"parent":0,"menu_order":14,"comment_status":"closed","ping_status":"closed","template":"","meta":[],"yoast_head":"<!-- This site is optimized with the Yoast SEO plugin v21.0 - https:\/\/yoast.com\/wordpress\/plugins\/seo\/ -->\n<title>Polityka, RODO - PT-I ZUBIX<\/title>\n<meta name=\"robots\" content=\"index, follow, max-snippet:-1, max-image-preview:large, max-video-preview:-1\" \/>\n<link rel=\"canonical\" href=\"https:\/\/zubix.com.pl\/wordpress\/polityka\/\" \/>\n<meta property=\"og:locale\" content=\"pl_PL\" \/>\n<meta property=\"og:type\" content=\"article\" \/>\n<meta property=\"og:title\" content=\"Polityka, RODO - PT-I ZUBIX\" \/>\n<meta property=\"og:description\" content=\"Polityka firmy, RODO Polityka jako\u015bci Nasz\u0105 misj\u0105 jest dostarczanie skutecznych narz\u0119dzi informatycznych do rozwi\u0105zywania problem\u00f3w naszych klient\u00f3w. Naszym celem &#8211; pe\u0142ne zadowolenie klienta, przez spe\u0142nienie jego oczekiwa\u0144 i zaspokojenie potrzeb. Dlatego: Uwa\u017cnie ws\u0142uchujemy si\u0119 w \u017cyczenia naszych klient\u00f3w i staramy si\u0119 je spe\u0142nia\u0107 szybko, kompleksowo i mo\u017cliwie tanio. Zawsze dbamy o jako\u015b\u0107 naszych wyrob\u00f3w i [&hellip;]\" \/>\n<meta property=\"og:url\" content=\"https:\/\/zubix.com.pl\/wordpress\/polityka\/\" \/>\n<meta property=\"og:site_name\" content=\"PT-I ZUBIX\" \/>\n<meta property=\"article:modified_time\" content=\"2021-11-02T12:43:39+00:00\" \/>\n<meta property=\"og:image\" content=\"https:\/\/zubix.com.pl\/grafika\/politjako.jpg\" \/>\n<meta name=\"twitter:card\" content=\"summary_large_image\" \/>\n<meta name=\"twitter:label1\" content=\"Szacowany czas czytania\" \/>\n\t<meta name=\"twitter:data1\" content=\"4 minuty\" \/>\n<script type=\"application\/ld+json\" class=\"yoast-schema-graph\">{\"@context\":\"https:\/\/schema.org\",\"@graph\":[{\"@type\":\"WebPage\",\"@id\":\"https:\/\/zubix.com.pl\/wordpress\/polityka\/\",\"url\":\"https:\/\/zubix.com.pl\/wordpress\/polityka\/\",\"name\":\"Polityka, RODO - PT-I ZUBIX\",\"isPartOf\":{\"@id\":\"https:\/\/zubix.com.pl\/wordpress\/#website\"},\"datePublished\":\"2019-01-01T11:00:16+00:00\",\"dateModified\":\"2021-11-02T12:43:39+00:00\",\"breadcrumb\":{\"@id\":\"https:\/\/zubix.com.pl\/wordpress\/polityka\/#breadcrumb\"},\"inLanguage\":\"pl-PL\",\"potentialAction\":[{\"@type\":\"ReadAction\",\"target\":[\"https:\/\/zubix.com.pl\/wordpress\/polityka\/\"]}]},{\"@type\":\"BreadcrumbList\",\"@id\":\"https:\/\/zubix.com.pl\/wordpress\/polityka\/#breadcrumb\",\"itemListElement\":[{\"@type\":\"ListItem\",\"position\":1,\"name\":\"Strona g\u0142\u00f3wna\",\"item\":\"https:\/\/zubix.com.pl\/wordpress\/\"},{\"@type\":\"ListItem\",\"position\":2,\"name\":\"Polityka, RODO\"}]},{\"@type\":\"WebSite\",\"@id\":\"https:\/\/zubix.com.pl\/wordpress\/#website\",\"url\":\"https:\/\/zubix.com.pl\/wordpress\/\",\"name\":\"PT-I ZUBIX\",\"description\":\"Programy dla Twojej firmy\",\"publisher\":{\"@id\":\"https:\/\/zubix.com.pl\/wordpress\/#organization\"},\"potentialAction\":[{\"@type\":\"SearchAction\",\"target\":{\"@type\":\"EntryPoint\",\"urlTemplate\":\"https:\/\/zubix.com.pl\/wordpress\/?s={search_term_string}\"},\"query-input\":\"required name=search_term_string\"}],\"inLanguage\":\"pl-PL\"},{\"@type\":\"Organization\",\"@id\":\"https:\/\/zubix.com.pl\/wordpress\/#organization\",\"name\":\"PTI ZUBIX\",\"url\":\"https:\/\/zubix.com.pl\/wordpress\/\",\"logo\":{\"@type\":\"ImageObject\",\"inLanguage\":\"pl-PL\",\"@id\":\"https:\/\/zubix.com.pl\/wordpress\/#\/schema\/logo\/image\/\",\"url\":\"http:\/\/zubix.com.pl\/wordpress\/wp-content\/uploads\/2019\/06\/zubix_header.png\",\"contentUrl\":\"http:\/\/zubix.com.pl\/wordpress\/wp-content\/uploads\/2019\/06\/zubix_header.png\",\"width\":480,\"height\":157,\"caption\":\"PTI ZUBIX\"},\"image\":{\"@id\":\"https:\/\/zubix.com.pl\/wordpress\/#\/schema\/logo\/image\/\"}}]}<\/script>\n<!-- \/ Yoast SEO plugin. -->","yoast_head_json":{"title":"Polityka, RODO - PT-I ZUBIX","robots":{"index":"index","follow":"follow","max-snippet":"max-snippet:-1","max-image-preview":"max-image-preview:large","max-video-preview":"max-video-preview:-1"},"canonical":"https:\/\/zubix.com.pl\/wordpress\/polityka\/","og_locale":"pl_PL","og_type":"article","og_title":"Polityka, RODO - PT-I ZUBIX","og_description":"Polityka firmy, RODO Polityka jako\u015bci Nasz\u0105 misj\u0105 jest dostarczanie skutecznych narz\u0119dzi informatycznych do rozwi\u0105zywania problem\u00f3w naszych klient\u00f3w. Naszym celem &#8211; pe\u0142ne zadowolenie klienta, przez spe\u0142nienie jego oczekiwa\u0144 i zaspokojenie potrzeb. Dlatego: Uwa\u017cnie ws\u0142uchujemy si\u0119 w \u017cyczenia naszych klient\u00f3w i staramy si\u0119 je spe\u0142nia\u0107 szybko, kompleksowo i mo\u017cliwie tanio. Zawsze dbamy o jako\u015b\u0107 naszych wyrob\u00f3w i [&hellip;]","og_url":"https:\/\/zubix.com.pl\/wordpress\/polityka\/","og_site_name":"PT-I ZUBIX","article_modified_time":"2021-11-02T12:43:39+00:00","og_image":[{"url":"https:\/\/zubix.com.pl\/grafika\/politjako.jpg"}],"twitter_card":"summary_large_image","twitter_misc":{"Szacowany czas czytania":"4 minuty"},"schema":{"@context":"https:\/\/schema.org","@graph":[{"@type":"WebPage","@id":"https:\/\/zubix.com.pl\/wordpress\/polityka\/","url":"https:\/\/zubix.com.pl\/wordpress\/polityka\/","name":"Polityka, RODO - PT-I ZUBIX","isPartOf":{"@id":"https:\/\/zubix.com.pl\/wordpress\/#website"},"datePublished":"2019-01-01T11:00:16+00:00","dateModified":"2021-11-02T12:43:39+00:00","breadcrumb":{"@id":"https:\/\/zubix.com.pl\/wordpress\/polityka\/#breadcrumb"},"inLanguage":"pl-PL","potentialAction":[{"@type":"ReadAction","target":["https:\/\/zubix.com.pl\/wordpress\/polityka\/"]}]},{"@type":"BreadcrumbList","@id":"https:\/\/zubix.com.pl\/wordpress\/polityka\/#breadcrumb","itemListElement":[{"@type":"ListItem","position":1,"name":"Strona g\u0142\u00f3wna","item":"https:\/\/zubix.com.pl\/wordpress\/"},{"@type":"ListItem","position":2,"name":"Polityka, RODO"}]},{"@type":"WebSite","@id":"https:\/\/zubix.com.pl\/wordpress\/#website","url":"https:\/\/zubix.com.pl\/wordpress\/","name":"PT-I ZUBIX","description":"Programy dla Twojej firmy","publisher":{"@id":"https:\/\/zubix.com.pl\/wordpress\/#organization"},"potentialAction":[{"@type":"SearchAction","target":{"@type":"EntryPoint","urlTemplate":"https:\/\/zubix.com.pl\/wordpress\/?s={search_term_string}"},"query-input":"required name=search_term_string"}],"inLanguage":"pl-PL"},{"@type":"Organization","@id":"https:\/\/zubix.com.pl\/wordpress\/#organization","name":"PTI ZUBIX","url":"https:\/\/zubix.com.pl\/wordpress\/","logo":{"@type":"ImageObject","inLanguage":"pl-PL","@id":"https:\/\/zubix.com.pl\/wordpress\/#\/schema\/logo\/image\/","url":"http:\/\/zubix.com.pl\/wordpress\/wp-content\/uploads\/2019\/06\/zubix_header.png","contentUrl":"http:\/\/zubix.com.pl\/wordpress\/wp-content\/uploads\/2019\/06\/zubix_header.png","width":480,"height":157,"caption":"PTI ZUBIX"},"image":{"@id":"https:\/\/zubix.com.pl\/wordpress\/#\/schema\/logo\/image\/"}}]}},"_links":{"self":[{"href":"https:\/\/zubix.com.pl\/wordpress\/wp-json\/wp\/v2\/pages\/35"}],"collection":[{"href":"https:\/\/zubix.com.pl\/wordpress\/wp-json\/wp\/v2\/pages"}],"about":[{"href":"https:\/\/zubix.com.pl\/wordpress\/wp-json\/wp\/v2\/types\/page"}],"author":[{"embeddable":true,"href":"https:\/\/zubix.com.pl\/wordpress\/wp-json\/wp\/v2\/users\/1"}],"replies":[{"embeddable":true,"href":"https:\/\/zubix.com.pl\/wordpress\/wp-json\/wp\/v2\/comments?post=35"}],"version-history":[{"count":11,"href":"https:\/\/zubix.com.pl\/wordpress\/wp-json\/wp\/v2\/pages\/35\/revisions"}],"predecessor-version":[{"id":463,"href":"https:\/\/zubix.com.pl\/wordpress\/wp-json\/wp\/v2\/pages\/35\/revisions\/463"}],"wp:attachment":[{"href":"https:\/\/zubix.com.pl\/wordpress\/wp-json\/wp\/v2\/media?parent=35"}],"curies":[{"name":"wp","href":"https:\/\/api.w.org\/{rel}","templated":true}]}}