{"id":32,"date":"2018-05-10T14:01:44","date_gmt":"2018-05-10T12:01:44","guid":{"rendered":"http:\/\/zubix.com.pl\/wordpress\/?page_id=32"},"modified":"2026-02-11T08:43:24","modified_gmt":"2026-02-11T07:43:24","slug":"kontakt","status":"publish","type":"page","link":"https:\/\/zubix.com.pl\/wordpress\/kontakt\/","title":{"rendered":"Kontakt"},"content":{"rendered":"<table border=\"0\" width=\"100%\" cellspacing=\"0\" cellpadding=\"0\">\n<tbody>\n<tr>\n<td bgcolor=\"#FEFDEF\" width=\"100%\">\n<div id=\"naglowek1\">Kontakt, dane firmy<\/div>\n<div id=\"zawartosc1\">\n<div id=\"zawartosc2\">\n<div style=\"float: left; width: 105px;\">\n<div><img decoding=\"async\" src=\"https:\/\/zubix.com.pl\/grafika\/kontakt.jpg\" \/><\/div>\n<\/div>\n<p>Przedsi\u0119biorstwo Techniczno &#8211; Informatyczne &#8222;ZUBIX&#8221; Sp. z o.o.<br \/>\nPlac Moniuszki 11, 25-334 Kielce<br \/>\ntel. (0-41) <b>344-44-47, 344-44-48<\/b><br \/>\ne-mail: <a href=\"mailto:office@zubix.com.pl\">office@zubix.com.pl<\/a><\/p>\n<p>&nbsp;<\/p>\n<\/div>\n<div id=\"naglowek2\">Lokalizacja<\/div>\n<div id=\"zawartosc2\" style=\"text-align: center;\"><iframe loading=\"lazy\" src=\"https:\/\/maps.google.com\/maps?f=q&amp;source=s_q&amp;hl=pl&amp;geocode=&amp;q=kielce+plac+moniuszki+11&amp;sll=50.868077,20.635752&amp;sspn=0.001862,0.003358&amp;ie=UTF8&amp;hq=&amp;hnear=Plac+Stanis%C5%82awa+Moniuszki+11,+Kielce,+%C5%9Awi%C4%99tokrzyskie,+Polska&amp;ll=50.868262,20.635547&amp;spn=0.007448,0.013433&amp;z=16&amp;output=embed\" width=\"600\" height=\"350\" frameborder=\"0\" marginwidth=\"0\" marginheight=\"0\" scrolling=\"no\" align=\"middle\"><\/iframe><br \/>\n<small><a href=\"https:\/\/maps.google.com\/maps?f=q&amp;source=embed&amp;hl=pl&amp;geocode=&amp;q=kielce+plac+moniuszki+11&amp;sll=50.868077,20.635752&amp;sspn=0.001862,0.003358&amp;ie=UTF8&amp;hq=&amp;hnear=Plac+Stanis%C5%82awa+Moniuszki+11,+Kielce,+%C5%9Awi%C4%99tokrzyskie,+Polska&amp;ll=50.868262,20.635547&amp;spn=0.007448,0.013433&amp;z=16\">Du\u017ca mapa<\/a><br \/>\n<a href=\"https:\/\/zubix.com.pl\/info\/TeamViewerQS.exe\">TeamViewer<\/a><br \/>\n<a href=\"https:\/\/zubix.com.pl\/info\/UltraViewer_setup_66_pl.exe\">UltraViewer<\/a><br \/>\n<\/small><\/div>\n<\/div>\n<div id=\"naglowek2\">Telefony kom\u00f3rkowe<\/div>\n<div id=\"zawartosc2\">\n<table>\n<tbody>\n<tr>\n<td>Krzysztof Roman &#8211; PREZES, FK, HANDEL, SNO<\/td>\n<td><b>602-324-519<\/b><\/td>\n<\/tr>\n<tr>\n<td>FK, HANDEL, KADRY, P\u0141ACE<\/td>\n<td><b>602-294-288<\/b><\/td>\n<\/tr>\n<tr>\n<td>GM, Sieci, \u015arodki trwa\u0142e<\/td>\n<td><b>604-528-066<\/b><\/td>\n<\/tr>\n<tr>\n<td>HANDEL<\/td>\n<td><b>698-666-286<\/b><\/td>\n<\/tr>\n<tr>\n<td>CZYNSZE, SNO, WWW<\/td>\n<td><b>784-033-282<\/b><\/td>\n<\/tr>\n<\/tbody>\n<\/table>\n<\/div>\n<div id=\"naglowek2\">Dane rejestracyjne sp\u00f3\u0142ki<\/div>\n<div id=\"zawartosc2\">\n<table>\n<tbody>\n<tr>\n<td>NIP:<\/td>\n<td>657-03-08-494<\/td>\n<\/tr>\n<tr>\n<td>REGON:<\/td>\n<td>008098814<\/td>\n<\/tr>\n<tr>\n<td>KRS:<\/td>\n<td>0000035888 (S\u0105d Rejonowy w Kielcach)<\/td>\n<\/tr>\n<tr>\n<td>Rok za\u0142o\u017cenia:<\/td>\n<td><b>1987<\/b><\/td>\n<\/tr>\n<tr>\n<td>Kapita\u0142 zak\u0142adowy:<\/td>\n<td>50000 z\u0142 (wp\u0142acony w ca\u0142o\u015bci)<\/td>\n<\/tr>\n<tr>\n<td>Konto bankowe:<\/td>\n<td>85 8493 0004 0000 0023 8445 0001<\/td>\n<\/tr>\n<\/tbody>\n<\/table>\n<div>Logo:<br \/>\n<a href=\"https:\/\/zubix.com.pl\/grafika\/zubix_logo.png\"><img decoding=\"async\" loading=\"lazy\" src=\"https:\/\/zubix.com.pl\/grafika\/zubix_logo.png\" width=\"128\" height=\"128\" \/><\/a><\/div>\n<\/div>\n<\/td>\n<\/tr>\n<\/tbody>\n<\/table>\n","protected":false},"excerpt":{"rendered":"<p>Kontakt, dane firmy Przedsi\u0119biorstwo Techniczno &#8211; Informatyczne &#8222;ZUBIX&#8221; Sp. z o.o. Plac Moniuszki 11, 25-334 Kielce tel. (0-41) 344-44-47, 344-44-48 e-mail: office@zubix.com.pl &nbsp; Lokalizacja Du\u017ca mapa TeamViewer UltraViewer Telefony kom\u00f3rkowe Krzysztof Roman &#8211; PREZES, FK, HANDEL, SNO 602-324-519 FK, HANDEL, KADRY, P\u0141ACE 602-294-288 GM, Sieci, \u015arodki trwa\u0142e 604-528-066 HANDEL 698-666-286 CZYNSZE, SNO, WWW 784-033-282 Dane [&hellip;]<\/p>\n","protected":false},"author":1,"featured_media":0,"parent":0,"menu_order":11,"comment_status":"closed","ping_status":"closed","template":"","meta":[],"yoast_head":"<!-- This site is optimized with the Yoast SEO plugin v21.0 - https:\/\/yoast.com\/wordpress\/plugins\/seo\/ -->\n<title>Kontakt - PT-I ZUBIX<\/title>\n<meta name=\"robots\" content=\"index, follow, max-snippet:-1, max-image-preview:large, max-video-preview:-1\" \/>\n<link rel=\"canonical\" href=\"https:\/\/zubix.com.pl\/wordpress\/kontakt\/\" \/>\n<meta property=\"og:locale\" content=\"pl_PL\" \/>\n<meta property=\"og:type\" content=\"article\" \/>\n<meta property=\"og:title\" content=\"Kontakt - PT-I ZUBIX\" \/>\n<meta property=\"og:description\" content=\"Kontakt, dane firmy Przedsi\u0119biorstwo Techniczno &#8211; Informatyczne &#8222;ZUBIX&#8221; Sp. z o.o. Plac Moniuszki 11, 25-334 Kielce tel. (0-41) 344-44-47, 344-44-48 e-mail: office@zubix.com.pl &nbsp; Lokalizacja Du\u017ca mapa TeamViewer UltraViewer Telefony kom\u00f3rkowe Krzysztof Roman &#8211; PREZES, FK, HANDEL, SNO 602-324-519 FK, HANDEL, KADRY, P\u0141ACE 602-294-288 GM, Sieci, \u015arodki trwa\u0142e 604-528-066 HANDEL 698-666-286 CZYNSZE, SNO, WWW 784-033-282 Dane [&hellip;]\" \/>\n<meta property=\"og:url\" content=\"https:\/\/zubix.com.pl\/wordpress\/kontakt\/\" \/>\n<meta property=\"og:site_name\" content=\"PT-I ZUBIX\" \/>\n<meta property=\"article:modified_time\" content=\"2026-02-11T07:43:24+00:00\" \/>\n<meta property=\"og:image\" content=\"https:\/\/zubix.com.pl\/grafika\/kontakt.jpg\" \/>\n<meta name=\"twitter:card\" content=\"summary_large_image\" \/>\n<meta name=\"twitter:label1\" content=\"Szacowany czas czytania\" \/>\n\t<meta name=\"twitter:data1\" content=\"1 minuta\" \/>\n<script type=\"application\/ld+json\" class=\"yoast-schema-graph\">{\"@context\":\"https:\/\/schema.org\",\"@graph\":[{\"@type\":\"WebPage\",\"@id\":\"https:\/\/zubix.com.pl\/wordpress\/kontakt\/\",\"url\":\"https:\/\/zubix.com.pl\/wordpress\/kontakt\/\",\"name\":\"Kontakt - PT-I ZUBIX\",\"isPartOf\":{\"@id\":\"https:\/\/zubix.com.pl\/wordpress\/#website\"},\"datePublished\":\"2018-05-10T12:01:44+00:00\",\"dateModified\":\"2026-02-11T07:43:24+00:00\",\"breadcrumb\":{\"@id\":\"https:\/\/zubix.com.pl\/wordpress\/kontakt\/#breadcrumb\"},\"inLanguage\":\"pl-PL\",\"potentialAction\":[{\"@type\":\"ReadAction\",\"target\":[\"https:\/\/zubix.com.pl\/wordpress\/kontakt\/\"]}]},{\"@type\":\"BreadcrumbList\",\"@id\":\"https:\/\/zubix.com.pl\/wordpress\/kontakt\/#breadcrumb\",\"itemListElement\":[{\"@type\":\"ListItem\",\"position\":1,\"name\":\"Strona g\u0142\u00f3wna\",\"item\":\"https:\/\/zubix.com.pl\/wordpress\/\"},{\"@type\":\"ListItem\",\"position\":2,\"name\":\"Kontakt\"}]},{\"@type\":\"WebSite\",\"@id\":\"https:\/\/zubix.com.pl\/wordpress\/#website\",\"url\":\"https:\/\/zubix.com.pl\/wordpress\/\",\"name\":\"PT-I ZUBIX\",\"description\":\"Programy dla Twojej firmy\",\"publisher\":{\"@id\":\"https:\/\/zubix.com.pl\/wordpress\/#organization\"},\"potentialAction\":[{\"@type\":\"SearchAction\",\"target\":{\"@type\":\"EntryPoint\",\"urlTemplate\":\"https:\/\/zubix.com.pl\/wordpress\/?s={search_term_string}\"},\"query-input\":\"required name=search_term_string\"}],\"inLanguage\":\"pl-PL\"},{\"@type\":\"Organization\",\"@id\":\"https:\/\/zubix.com.pl\/wordpress\/#organization\",\"name\":\"PTI ZUBIX\",\"url\":\"https:\/\/zubix.com.pl\/wordpress\/\",\"logo\":{\"@type\":\"ImageObject\",\"inLanguage\":\"pl-PL\",\"@id\":\"https:\/\/zubix.com.pl\/wordpress\/#\/schema\/logo\/image\/\",\"url\":\"http:\/\/zubix.com.pl\/wordpress\/wp-content\/uploads\/2019\/06\/zubix_header.png\",\"contentUrl\":\"http:\/\/zubix.com.pl\/wordpress\/wp-content\/uploads\/2019\/06\/zubix_header.png\",\"width\":480,\"height\":157,\"caption\":\"PTI ZUBIX\"},\"image\":{\"@id\":\"https:\/\/zubix.com.pl\/wordpress\/#\/schema\/logo\/image\/\"}}]}<\/script>\n<!-- \/ Yoast SEO plugin. -->","yoast_head_json":{"title":"Kontakt - PT-I ZUBIX","robots":{"index":"index","follow":"follow","max-snippet":"max-snippet:-1","max-image-preview":"max-image-preview:large","max-video-preview":"max-video-preview:-1"},"canonical":"https:\/\/zubix.com.pl\/wordpress\/kontakt\/","og_locale":"pl_PL","og_type":"article","og_title":"Kontakt - PT-I ZUBIX","og_description":"Kontakt, dane firmy Przedsi\u0119biorstwo Techniczno &#8211; Informatyczne &#8222;ZUBIX&#8221; Sp. z o.o. Plac Moniuszki 11, 25-334 Kielce tel. (0-41) 344-44-47, 344-44-48 e-mail: office@zubix.com.pl &nbsp; Lokalizacja Du\u017ca mapa TeamViewer UltraViewer Telefony kom\u00f3rkowe Krzysztof Roman &#8211; PREZES, FK, HANDEL, SNO 602-324-519 FK, HANDEL, KADRY, P\u0141ACE 602-294-288 GM, Sieci, \u015arodki trwa\u0142e 604-528-066 HANDEL 698-666-286 CZYNSZE, SNO, WWW 784-033-282 Dane [&hellip;]","og_url":"https:\/\/zubix.com.pl\/wordpress\/kontakt\/","og_site_name":"PT-I ZUBIX","article_modified_time":"2026-02-11T07:43:24+00:00","og_image":[{"url":"https:\/\/zubix.com.pl\/grafika\/kontakt.jpg"}],"twitter_card":"summary_large_image","twitter_misc":{"Szacowany czas czytania":"1 minuta"},"schema":{"@context":"https:\/\/schema.org","@graph":[{"@type":"WebPage","@id":"https:\/\/zubix.com.pl\/wordpress\/kontakt\/","url":"https:\/\/zubix.com.pl\/wordpress\/kontakt\/","name":"Kontakt - PT-I ZUBIX","isPartOf":{"@id":"https:\/\/zubix.com.pl\/wordpress\/#website"},"datePublished":"2018-05-10T12:01:44+00:00","dateModified":"2026-02-11T07:43:24+00:00","breadcrumb":{"@id":"https:\/\/zubix.com.pl\/wordpress\/kontakt\/#breadcrumb"},"inLanguage":"pl-PL","potentialAction":[{"@type":"ReadAction","target":["https:\/\/zubix.com.pl\/wordpress\/kontakt\/"]}]},{"@type":"BreadcrumbList","@id":"https:\/\/zubix.com.pl\/wordpress\/kontakt\/#breadcrumb","itemListElement":[{"@type":"ListItem","position":1,"name":"Strona g\u0142\u00f3wna","item":"https:\/\/zubix.com.pl\/wordpress\/"},{"@type":"ListItem","position":2,"name":"Kontakt"}]},{"@type":"WebSite","@id":"https:\/\/zubix.com.pl\/wordpress\/#website","url":"https:\/\/zubix.com.pl\/wordpress\/","name":"PT-I ZUBIX","description":"Programy dla Twojej firmy","publisher":{"@id":"https:\/\/zubix.com.pl\/wordpress\/#organization"},"potentialAction":[{"@type":"SearchAction","target":{"@type":"EntryPoint","urlTemplate":"https:\/\/zubix.com.pl\/wordpress\/?s={search_term_string}"},"query-input":"required name=search_term_string"}],"inLanguage":"pl-PL"},{"@type":"Organization","@id":"https:\/\/zubix.com.pl\/wordpress\/#organization","name":"PTI ZUBIX","url":"https:\/\/zubix.com.pl\/wordpress\/","logo":{"@type":"ImageObject","inLanguage":"pl-PL","@id":"https:\/\/zubix.com.pl\/wordpress\/#\/schema\/logo\/image\/","url":"http:\/\/zubix.com.pl\/wordpress\/wp-content\/uploads\/2019\/06\/zubix_header.png","contentUrl":"http:\/\/zubix.com.pl\/wordpress\/wp-content\/uploads\/2019\/06\/zubix_header.png","width":480,"height":157,"caption":"PTI ZUBIX"},"image":{"@id":"https:\/\/zubix.com.pl\/wordpress\/#\/schema\/logo\/image\/"}}]}},"_links":{"self":[{"href":"https:\/\/zubix.com.pl\/wordpress\/wp-json\/wp\/v2\/pages\/32"}],"collection":[{"href":"https:\/\/zubix.com.pl\/wordpress\/wp-json\/wp\/v2\/pages"}],"about":[{"href":"https:\/\/zubix.com.pl\/wordpress\/wp-json\/wp\/v2\/types\/page"}],"author":[{"embeddable":true,"href":"https:\/\/zubix.com.pl\/wordpress\/wp-json\/wp\/v2\/users\/1"}],"replies":[{"embeddable":true,"href":"https:\/\/zubix.com.pl\/wordpress\/wp-json\/wp\/v2\/comments?post=32"}],"version-history":[{"count":34,"href":"https:\/\/zubix.com.pl\/wordpress\/wp-json\/wp\/v2\/pages\/32\/revisions"}],"predecessor-version":[{"id":660,"href":"https:\/\/zubix.com.pl\/wordpress\/wp-json\/wp\/v2\/pages\/32\/revisions\/660"}],"wp:attachment":[{"href":"https:\/\/zubix.com.pl\/wordpress\/wp-json\/wp\/v2\/media?parent=32"}],"curies":[{"name":"wp","href":"https:\/\/api.w.org\/{rel}","templated":true}]}}