{"id":31,"date":"2019-01-01T12:00:09","date_gmt":"2019-01-01T11:00:09","guid":{"rendered":"http:\/\/zubix.com.pl\/wordpress\/?page_id=31"},"modified":"2021-11-02T13:48:25","modified_gmt":"2021-11-02T12:48:25","slug":"produkty","status":"publish","type":"page","link":"https:\/\/zubix.com.pl\/wordpress\/produkty\/","title":{"rendered":"Produkty"},"content":{"rendered":"<table border=\"0\" width=\"100%\" cellspacing=\"0\" cellpadding=\"0\">\n<tbody>\n<tr>\n<td bgcolor=\"#FEFDEF\" width=\"100%\">\n<div id=\"naglowek1\">Oferujemy<\/div>\n<div id=\"zawartosc1\">\n<div id=\"naglowek2\">Oprogramowanie i systemy informatyczne<\/div>\n<div id=\"zawartosc2\">\n<div style=\"float: left; width: 105px;\"><a href=\"https:\/\/zubix.com.pl\/wordpress\/index.php\/produkty\/fk\/\"><img decoding=\"async\" src=\"https:\/\/zubix.com.pl\/grafika\/finanse.jpg\" \/><\/a><\/div>\n<p><a href=\"https:\/\/zubix.com.pl\/wordpress\/index.php\/produkty\/fk\/\">System Finansowo-Ksi\u0119gowy<\/a> stanowi trzon zintegrowanego systemu ZFKS. Pe\u0142na ksi\u0119gowo\u015b\u0107 oraz Ksi\u0119ga Przychod\u00f3w i Rozchod\u00f3w. Rozbudowana obs\u0142uga<br \/>\nrozrachunk\u00f3w, JPK. Automatyczne rozliczanie VAT. Modu\u0142y: fakturowania, Kasa, przelew\u00f3w, rozliczenia koszt\u00f3w, SIMP, obieg korespondencji i inne.<\/p>\n<\/div>\n<div id=\"zawartosc2\">\n<div style=\"float: left; width: 105px;\"><a href=\"https:\/\/zubix.com.pl\/wordpress\/index.php\/produkty\/sno\/\"><img decoding=\"async\" src=\"https:\/\/zubix.com.pl\/grafika\/czynsze.jpg\" \/><\/a><\/div>\n<p><a href=\"https:\/\/zubix.com.pl\/wordpress\/index.php\/produkty\/sno\/\">System Naliczania Op\u0142at (Czynsze)<\/a> jest cz\u0119\u015bci\u0105 zintegrowanego systemu ZFKS.<br \/>\nWszechstronny i uniwersalny modu\u0142 przeznaczony do zarz\u0105dzania i rozlicze\u0144: nieruchomo\u015bci, odbiorc\u00f3w wody, odbiorc\u00f3w energii elektrycznej, najemc\u00f3w hal targowych oraz p\u0142atnik\u00f3w dowolnych op\u0142at (czynsze, czesne, woda, podatek od deszcz\u00f3wki itp.).<\/p>\n<\/div>\n<div id=\"zawartosc2\">\n<div style=\"float: left; width: 105px;\"><a href=\"https:\/\/zubix.com.pl\/wordpress\/index.php\/produkty\/k-p\/\"><img decoding=\"async\" src=\"https:\/\/zubix.com.pl\/grafika\/kadry.jpg\" \/><\/a><\/div>\n<p><a href=\"https:\/\/zubix.com.pl\/wordpress\/index.php\/produkty\/k-p\/\">Kadry i P\u0142ace<\/a> to nowoczesny i rozbudowany system ewidencji i<br \/>\nrozliczania pracownik\u00f3w. Zastosowane rozwi\u0105zania pozwalaj\u0105 na efektywne wykorzystanie programu w ma\u0142ych, \u015brednich i du\u017cych firmach.<\/p>\n<\/div>\n<div id=\"zawartosc2\">\n<div style=\"float: left; width: 105px;\"><a href=\"https:\/\/zubix.com.pl\/wordpress\/index.php\/produkty\/gm\/\"><img decoding=\"async\" src=\"https:\/\/zubix.com.pl\/grafika\/magazyn.jpg\" \/><\/a><\/div>\n<p><a href=\"https:\/\/zubix.com.pl\/wordpress\/index.php\/produkty\/gm\/\">System Handel<\/a> do obs\u0142ugi hurtowni, sklep\u00f3w i wytw\u00f3rni.<br \/>\nPrzyjmowanie towar\u00f3w (produkt\u00f3w) do magazyn\u00f3w. Sprzeda\u017c wg kilku<br \/>\ncen. Wszechstronne zestawienia. Drukarka fiskalna. Automatyczne ksi\u0119gowanie<br \/>\nwystawionych faktur w programie FK.<\/p>\n<\/div>\n<div id=\"zawartosc2\">\n<div style=\"float: left; width: 105px;\"><a href=\"https:\/\/zubix.com.pl\/wordpress\/index.php\/produkty\/est\/\"><img decoding=\"async\" src=\"https:\/\/zubix.com.pl\/grafika\/strwale.jpg\" \/><\/a><\/div>\n<p><a href=\"https:\/\/zubix.com.pl\/wordpress\/index.php\/produkty\/est\/\">Ewidencja \u015arodk\u00f3w Trwa\u0142ych<\/a> umo\u017cliwia ewidencjonowanie maj\u0105tku firmy &#8211; \u015brodk\u00f3w trwa\u0142ych,<br \/>\nwarto\u015bci niematerialnych i prawnych oraz wyposa\u017cenia, zgodnie z obowi\u0105zuj\u0105c\u0105 ustaw\u0105 o rachunkowo\u015bci.<br \/>\nDwutorowe naliczanie amortyzacji &#8211; oddzielnie dla potrzeb podatkowych (ewidencja kosztowa &#8211; zgodna z ustaw\u0105 o podatku dochodowym),<br \/>\noraz dla potrzeb bilansowych.<\/p>\n<\/div>\n<div id=\"zawartosc2\">\n<div style=\"float: left; width: 105px;\"><a href=\"https:\/\/zubix.com.pl\/wordpress\/index.php\/produkty\/ewa\/\"><img decoding=\"async\" src=\"https:\/\/zubix.com.pl\/grafika\/akcyza.jpg\" \/><\/a><\/div>\n<p><a href=\"https:\/\/zubix.com.pl\/wordpress\/index.php\/produkty\/ewa\/\">Ewidencja Akcyzowa Energii i Gazu<\/a> (EwA) wspomaga prowadzenie ewidencji energii elektrycznej<br \/>\ni wyrob\u00f3w gazowych zgodnie z rozporz\u0105dzeniem Ministra Rozwoju i Finans\u00f3w z dnia 21 grudnia 2016 r.<br \/>\nw sprawie ewidencji i innych dokumentacji dotycz\u0105cych wyrob\u00f3w akcyzowych i znak\u00f3w akcyzy.<\/p>\n<\/div>\n<div id=\"zawartosc2\">\n<div style=\"float: left; width: 105px;\"><a href=\"https:\/\/zubix.com.pl\/wordpress\/index.php\/produkty\/eDokumenty\/\"><img decoding=\"async\" src=\"https:\/\/zubix.com.pl\/grafika\/sekretariat.jpg\" \/><\/a><\/div>\n<p><a href=\"https:\/\/zubix.com.pl\/wordpress\/index.php\/produkty\/eDokumenty\/\">Elektroniczny System Obiegu Dokument\u00f3w<\/a> jest cz\u0119\u015bci\u0105 zintegrowanego systemu ZFKS.<br \/>\nRejestracja spraw\/pism przychodz\u0105cych, wychodz\u0105cych i wewn\u0119trznych. Skanowanie pism, do\u0142\u0105czanie dowolnych plik\u00f3w (Word, Excel, PDF, JPG, itp.), \u0142\u0105czenie w w\u0105tki. Przekazywanie dyspozycji\/korespondencji mi\u0119dzy pracownikami z opisem zada\u0144 do wykonania i za\u0142\u0105cznikami.<\/p>\n<\/div>\n<div id=\"zawartosc2\">\n<div style=\"float: left; width: 105px;\"><a href=\"https:\/\/zubix.com.pl\/wordpress\/index.php\/produkty\/programy-na-zamowienie\/\"><img decoding=\"async\" src=\"https:\/\/zubix.com.pl\/grafika\/jednolityplikkontrolny.jpg\" \/><\/a><\/div>\n<p><a href=\"https:\/\/zubix.com.pl\/wordpress\/index.php\/produkty\/programy-na-zamowienie\/\">Jednolity Plik Kontrolny (JPK)<\/a> to niezale\u017cny program s\u0142u\u017c\u0105cy do kompleksowej wysy\u0142ki, analizy i wydruk\u00f3w plik\u00f3w JPK (XML).<br \/>\nProgram pracuje z plikami przygotowanymi w dowolnym systemie (r\u00f3wnie\u017c firm zewn\u0119trznych).<\/p>\n<\/div>\n<div id=\"zawartosc2\">\n<div style=\"float: left; width: 105px;\"><a href=\"https:\/\/zubix.com.pl\/wordpress\/index.php\/produkty\/programy-na-zamowienie\/\"><img decoding=\"async\" src=\"https:\/\/zubix.com.pl\/grafika\/e-sprawozdanie.jpg\" \/><\/a><\/div>\n<p><a href=\"https:\/\/zubix.com.pl\/wordpress\/index.php\/produkty\/programy-na-zamowienie\/\">E-Sprawozdanie Klient<\/a> to niezale\u017cny program s\u0142u\u017c\u0105cy do podpisania i kompleksowej wysy\u0142ki sprawozdania finansowego wraz z za\u0142\u0105cznikami oraz analizy poprawno\u015bci i zawarto\u015bci pliku e-sprawozdania (XML).<br \/>\nProgram pracuje z plikami przygotowanymi w dowolnym systemie (r\u00f3wnie\u017c firm zewn\u0119trznych).<\/p>\n<\/div>\n<div id=\"zawartosc2\">\n<div style=\"float: left; width: 105px;\"><a href=\"https:\/\/zubix.com.pl\/wordpress\/index.php\/produkty\/programy-na-zamowienie\/\"><img decoding=\"async\" src=\"https:\/\/zubix.com.pl\/grafika\/programy.jpg\" \/><\/a><\/div>\n<p><a href=\"https:\/\/zubix.com.pl\/wordpress\/index.php\/produkty\/programy-na-zamowienie\/\">Programy na zam\u00f3wienie<\/a>.<br \/>\nJeste\u015bmy tw\u00f3rcami wielu program\u00f3w tworzonych na indywidualne zam\u00f3wienia. Programy<br \/>\nte s\u0105 na bie\u017c\u0105co aktualizowane i doskonalone. Na ich bazie mo\u017cemy<br \/>\nwytworzy\u0107 (koszt znacznie ni\u017cszy ni\u017c tworzenie od podstaw)<br \/>\nprogramy o podobnych funkcjach.<\/p>\n<\/div>\n<\/div>\n<div id=\"zawartosc1\">\n<p><a name=\"MM2\"><\/a><\/p>\n<div id=\"naglowek2\">Us\u0142ugi<\/div>\n<div id=\"zawartosc2\">\n<div style=\"float: left; width: 105px;\"><img decoding=\"async\" src=\"https:\/\/zubix.com.pl\/grafika\/szkolenia.jpg\" \/><\/div>\n<p>Oferujemy szkolenia obejmuj\u0105ce obs\u0142ug\u0119 program\u00f3w i system\u00f3w informatycznych.<br \/>\nZapewniamy r\u00f3wnie\u017c pomoc merytoryczn\u0105 przy konfiguracji system\u00f3w pod k\u0105tem zgodno\u015bci z przepisami,<br \/>\nustawami oraz wymaganiami funkcjonalnymi.<br \/>\nWci\u0105\u017c i na bie\u017c\u0105co serwisujemy i dostosowujemy nasze systemy u ka\u017cdego klienta do zmieniaj\u0105cych si\u0119 wymaga\u0144.<br \/>\nOferujemy r\u00f3wnie\u017c us\u0142ugi w zakresie serwisu sprz\u0119tu, serwer\u00f3w i administrowania sieciami.<br \/>\nFiskalizujemy oraz serwisujemy drukarki fiskalne firmy Posnet.<\/p>\n<\/div>\n<\/div>\n<div id=\"zawartosc1\">\n<p><a name=\"MM3\"><\/a><\/p>\n<div id=\"naglowek2\">Sprz\u0119t komputerowy i sieci<\/div>\n<div id=\"zawartosc2\">\n<div style=\"float: left; width: 105px;\"><img decoding=\"async\" src=\"https:\/\/zubix.com.pl\/grafika\/komputery.jpg\" \/><\/div>\n<p>Naszym klientom dostarczamy sprz\u0119t komputerowy uznanych producent\u00f3w oraz sk\u0142adamy komputery<br \/>\nskonfigurowane wg indywidualnych \u017cycze\u0144. Prowadzimy serwis sprz\u0119tu.<br \/>\nKompletujemy i dostarczamy sprz\u0119t i oprogramowanie sieciowe oraz serwery.<br \/>\nSprzedajemy i serwisujemy kasy fiskalne firmy Posnet.<\/p>\n<\/div>\n<\/div>\n<\/td>\n<\/tr>\n<\/tbody>\n<\/table>\n","protected":false},"excerpt":{"rendered":"<p>Oferujemy Oprogramowanie i systemy informatyczne System Finansowo-Ksi\u0119gowy stanowi trzon zintegrowanego systemu ZFKS. Pe\u0142na ksi\u0119gowo\u015b\u0107 oraz Ksi\u0119ga Przychod\u00f3w i Rozchod\u00f3w. Rozbudowana obs\u0142uga rozrachunk\u00f3w, JPK. Automatyczne rozliczanie VAT. Modu\u0142y: fakturowania, Kasa, przelew\u00f3w, rozliczenia koszt\u00f3w, SIMP, obieg korespondencji i inne. System Naliczania Op\u0142at (Czynsze) jest cz\u0119\u015bci\u0105 zintegrowanego systemu ZFKS. Wszechstronny i uniwersalny modu\u0142 przeznaczony do zarz\u0105dzania i rozlicze\u0144: [&hellip;]<\/p>\n","protected":false},"author":1,"featured_media":0,"parent":0,"menu_order":30,"comment_status":"closed","ping_status":"closed","template":"","meta":[],"yoast_head":"<!-- This site is optimized with the Yoast SEO plugin v21.0 - https:\/\/yoast.com\/wordpress\/plugins\/seo\/ -->\n<title>Produkty - PT-I ZUBIX<\/title>\n<meta name=\"robots\" content=\"index, follow, max-snippet:-1, max-image-preview:large, max-video-preview:-1\" \/>\n<link rel=\"canonical\" href=\"https:\/\/zubix.com.pl\/wordpress\/produkty\/\" \/>\n<meta property=\"og:locale\" content=\"pl_PL\" \/>\n<meta property=\"og:type\" content=\"article\" \/>\n<meta property=\"og:title\" content=\"Produkty - PT-I ZUBIX\" \/>\n<meta property=\"og:description\" content=\"Oferujemy Oprogramowanie i systemy informatyczne System Finansowo-Ksi\u0119gowy stanowi trzon zintegrowanego systemu ZFKS. Pe\u0142na ksi\u0119gowo\u015b\u0107 oraz Ksi\u0119ga Przychod\u00f3w i Rozchod\u00f3w. Rozbudowana obs\u0142uga rozrachunk\u00f3w, JPK. Automatyczne rozliczanie VAT. Modu\u0142y: fakturowania, Kasa, przelew\u00f3w, rozliczenia koszt\u00f3w, SIMP, obieg korespondencji i inne. System Naliczania Op\u0142at (Czynsze) jest cz\u0119\u015bci\u0105 zintegrowanego systemu ZFKS. Wszechstronny i uniwersalny modu\u0142 przeznaczony do zarz\u0105dzania i rozlicze\u0144: [&hellip;]\" \/>\n<meta property=\"og:url\" content=\"https:\/\/zubix.com.pl\/wordpress\/produkty\/\" \/>\n<meta property=\"og:site_name\" content=\"PT-I ZUBIX\" \/>\n<meta property=\"article:modified_time\" content=\"2021-11-02T12:48:25+00:00\" \/>\n<meta property=\"og:image\" content=\"https:\/\/zubix.com.pl\/grafika\/finanse.jpg\" \/>\n<meta name=\"twitter:card\" content=\"summary_large_image\" \/>\n<meta name=\"twitter:label1\" content=\"Szacowany czas czytania\" \/>\n\t<meta name=\"twitter:data1\" content=\"3 minuty\" \/>\n<script type=\"application\/ld+json\" class=\"yoast-schema-graph\">{\"@context\":\"https:\/\/schema.org\",\"@graph\":[{\"@type\":\"WebPage\",\"@id\":\"https:\/\/zubix.com.pl\/wordpress\/produkty\/\",\"url\":\"https:\/\/zubix.com.pl\/wordpress\/produkty\/\",\"name\":\"Produkty - PT-I ZUBIX\",\"isPartOf\":{\"@id\":\"https:\/\/zubix.com.pl\/wordpress\/#website\"},\"datePublished\":\"2019-01-01T11:00:09+00:00\",\"dateModified\":\"2021-11-02T12:48:25+00:00\",\"breadcrumb\":{\"@id\":\"https:\/\/zubix.com.pl\/wordpress\/produkty\/#breadcrumb\"},\"inLanguage\":\"pl-PL\",\"potentialAction\":[{\"@type\":\"ReadAction\",\"target\":[\"https:\/\/zubix.com.pl\/wordpress\/produkty\/\"]}]},{\"@type\":\"BreadcrumbList\",\"@id\":\"https:\/\/zubix.com.pl\/wordpress\/produkty\/#breadcrumb\",\"itemListElement\":[{\"@type\":\"ListItem\",\"position\":1,\"name\":\"Strona g\u0142\u00f3wna\",\"item\":\"https:\/\/zubix.com.pl\/wordpress\/\"},{\"@type\":\"ListItem\",\"position\":2,\"name\":\"Produkty\"}]},{\"@type\":\"WebSite\",\"@id\":\"https:\/\/zubix.com.pl\/wordpress\/#website\",\"url\":\"https:\/\/zubix.com.pl\/wordpress\/\",\"name\":\"PT-I ZUBIX\",\"description\":\"Programy dla Twojej firmy\",\"publisher\":{\"@id\":\"https:\/\/zubix.com.pl\/wordpress\/#organization\"},\"potentialAction\":[{\"@type\":\"SearchAction\",\"target\":{\"@type\":\"EntryPoint\",\"urlTemplate\":\"https:\/\/zubix.com.pl\/wordpress\/?s={search_term_string}\"},\"query-input\":\"required name=search_term_string\"}],\"inLanguage\":\"pl-PL\"},{\"@type\":\"Organization\",\"@id\":\"https:\/\/zubix.com.pl\/wordpress\/#organization\",\"name\":\"PTI ZUBIX\",\"url\":\"https:\/\/zubix.com.pl\/wordpress\/\",\"logo\":{\"@type\":\"ImageObject\",\"inLanguage\":\"pl-PL\",\"@id\":\"https:\/\/zubix.com.pl\/wordpress\/#\/schema\/logo\/image\/\",\"url\":\"http:\/\/zubix.com.pl\/wordpress\/wp-content\/uploads\/2019\/06\/zubix_header.png\",\"contentUrl\":\"http:\/\/zubix.com.pl\/wordpress\/wp-content\/uploads\/2019\/06\/zubix_header.png\",\"width\":480,\"height\":157,\"caption\":\"PTI ZUBIX\"},\"image\":{\"@id\":\"https:\/\/zubix.com.pl\/wordpress\/#\/schema\/logo\/image\/\"}}]}<\/script>\n<!-- \/ Yoast SEO plugin. -->","yoast_head_json":{"title":"Produkty - PT-I ZUBIX","robots":{"index":"index","follow":"follow","max-snippet":"max-snippet:-1","max-image-preview":"max-image-preview:large","max-video-preview":"max-video-preview:-1"},"canonical":"https:\/\/zubix.com.pl\/wordpress\/produkty\/","og_locale":"pl_PL","og_type":"article","og_title":"Produkty - PT-I ZUBIX","og_description":"Oferujemy Oprogramowanie i systemy informatyczne System Finansowo-Ksi\u0119gowy stanowi trzon zintegrowanego systemu ZFKS. Pe\u0142na ksi\u0119gowo\u015b\u0107 oraz Ksi\u0119ga Przychod\u00f3w i Rozchod\u00f3w. Rozbudowana obs\u0142uga rozrachunk\u00f3w, JPK. Automatyczne rozliczanie VAT. Modu\u0142y: fakturowania, Kasa, przelew\u00f3w, rozliczenia koszt\u00f3w, SIMP, obieg korespondencji i inne. System Naliczania Op\u0142at (Czynsze) jest cz\u0119\u015bci\u0105 zintegrowanego systemu ZFKS. Wszechstronny i uniwersalny modu\u0142 przeznaczony do zarz\u0105dzania i rozlicze\u0144: [&hellip;]","og_url":"https:\/\/zubix.com.pl\/wordpress\/produkty\/","og_site_name":"PT-I ZUBIX","article_modified_time":"2021-11-02T12:48:25+00:00","og_image":[{"url":"https:\/\/zubix.com.pl\/grafika\/finanse.jpg"}],"twitter_card":"summary_large_image","twitter_misc":{"Szacowany czas czytania":"3 minuty"},"schema":{"@context":"https:\/\/schema.org","@graph":[{"@type":"WebPage","@id":"https:\/\/zubix.com.pl\/wordpress\/produkty\/","url":"https:\/\/zubix.com.pl\/wordpress\/produkty\/","name":"Produkty - PT-I ZUBIX","isPartOf":{"@id":"https:\/\/zubix.com.pl\/wordpress\/#website"},"datePublished":"2019-01-01T11:00:09+00:00","dateModified":"2021-11-02T12:48:25+00:00","breadcrumb":{"@id":"https:\/\/zubix.com.pl\/wordpress\/produkty\/#breadcrumb"},"inLanguage":"pl-PL","potentialAction":[{"@type":"ReadAction","target":["https:\/\/zubix.com.pl\/wordpress\/produkty\/"]}]},{"@type":"BreadcrumbList","@id":"https:\/\/zubix.com.pl\/wordpress\/produkty\/#breadcrumb","itemListElement":[{"@type":"ListItem","position":1,"name":"Strona g\u0142\u00f3wna","item":"https:\/\/zubix.com.pl\/wordpress\/"},{"@type":"ListItem","position":2,"name":"Produkty"}]},{"@type":"WebSite","@id":"https:\/\/zubix.com.pl\/wordpress\/#website","url":"https:\/\/zubix.com.pl\/wordpress\/","name":"PT-I ZUBIX","description":"Programy dla Twojej firmy","publisher":{"@id":"https:\/\/zubix.com.pl\/wordpress\/#organization"},"potentialAction":[{"@type":"SearchAction","target":{"@type":"EntryPoint","urlTemplate":"https:\/\/zubix.com.pl\/wordpress\/?s={search_term_string}"},"query-input":"required name=search_term_string"}],"inLanguage":"pl-PL"},{"@type":"Organization","@id":"https:\/\/zubix.com.pl\/wordpress\/#organization","name":"PTI ZUBIX","url":"https:\/\/zubix.com.pl\/wordpress\/","logo":{"@type":"ImageObject","inLanguage":"pl-PL","@id":"https:\/\/zubix.com.pl\/wordpress\/#\/schema\/logo\/image\/","url":"http:\/\/zubix.com.pl\/wordpress\/wp-content\/uploads\/2019\/06\/zubix_header.png","contentUrl":"http:\/\/zubix.com.pl\/wordpress\/wp-content\/uploads\/2019\/06\/zubix_header.png","width":480,"height":157,"caption":"PTI ZUBIX"},"image":{"@id":"https:\/\/zubix.com.pl\/wordpress\/#\/schema\/logo\/image\/"}}]}},"_links":{"self":[{"href":"https:\/\/zubix.com.pl\/wordpress\/wp-json\/wp\/v2\/pages\/31"}],"collection":[{"href":"https:\/\/zubix.com.pl\/wordpress\/wp-json\/wp\/v2\/pages"}],"about":[{"href":"https:\/\/zubix.com.pl\/wordpress\/wp-json\/wp\/v2\/types\/page"}],"author":[{"embeddable":true,"href":"https:\/\/zubix.com.pl\/wordpress\/wp-json\/wp\/v2\/users\/1"}],"replies":[{"embeddable":true,"href":"https:\/\/zubix.com.pl\/wordpress\/wp-json\/wp\/v2\/comments?post=31"}],"version-history":[{"count":17,"href":"https:\/\/zubix.com.pl\/wordpress\/wp-json\/wp\/v2\/pages\/31\/revisions"}],"predecessor-version":[{"id":464,"href":"https:\/\/zubix.com.pl\/wordpress\/wp-json\/wp\/v2\/pages\/31\/revisions\/464"}],"wp:attachment":[{"href":"https:\/\/zubix.com.pl\/wordpress\/wp-json\/wp\/v2\/media?parent=31"}],"curies":[{"name":"wp","href":"https:\/\/api.w.org\/{rel}","templated":true}]}}