{"id":29,"date":"2019-01-01T12:00:13","date_gmt":"2019-01-01T11:00:13","guid":{"rendered":"http:\/\/zubix.com.pl\/wordpress\/?page_id=29"},"modified":"2021-11-02T14:12:29","modified_gmt":"2021-11-02T13:12:29","slug":"o-nas","status":"publish","type":"page","link":"https:\/\/zubix.com.pl\/wordpress\/","title":{"rendered":"O nas"},"content":{"rendered":"<table border=\"0\" width=\"100%\" cellspacing=\"0\" cellpadding=\"0\">\n<tbody>\n<tr>\n<td bgcolor=\"#FEFDEF\" width=\"100%\">\n<div id=\"naglowek1\">Witamy<\/div>\n<div id=\"zawartosc1\">\n<div style=\"float: right; width: 105px;\"><img decoding=\"async\" src=\"https:\/\/zubix.com.pl\/grafika\/finanse.jpg\" \/><\/div>\n<p>Firma &#8222;<b>ZUBIX<\/b>&#8221; dzia\u0142aj\u0105ca na rynku IT ponad <b>30 lat<\/b> oferuje autorskie, doskonalone<br \/>\naplikacje finansowo-ksi\u0119gowe, handlowe, kadrowo-p\u0142acowe, czynszowe i inne.<br \/>\nWytworzyli\u015bmy tak\u017ce dziesi\u0105tki program\u00f3w na indywidualne zam\u00f3wienia &#8211; wg<br \/>\nspecyfikacji dostarczonej przez klient\u00f3w lub wsp\u00f3lnie ustalanej w oparciu<br \/>\no analiz\u0119 potrzeb.<\/p>\n<\/div>\n<div id=\"zawartosc1\">\n<div style=\"float: left; width: 105px;\"><img decoding=\"async\" src=\"https:\/\/zubix.com.pl\/grafika\/szkolenia.jpg\" \/><\/div>\n<p>Naszym klientom oferujemy fachowe szkolenia oraz skuteczn\u0105 pomoc<br \/>\nwe wdro\u017ceniu program\u00f3w.<\/p>\n<div style=\"float: right; width: 105px;\"><img decoding=\"async\" src=\"https:\/\/zubix.com.pl\/grafika\/komputery.jpg\" \/><\/div>\n<p>Dostarczamy sprz\u0119t komputerowy uznanych producent\u00f3w oraz sk\u0142adamy komputery<br \/>\nskonfigurowane wg indywidualnych \u017cycze\u0144. Prowadzimy serwis sprz\u0119tu.<\/p>\n<p>Kompletujemy i dostarczamy sprz\u0119t i oprogramowanie sieciowe, oraz \u015bwiadczymy<br \/>\nus\u0142ugi w zakresie administrowania sieciami.<\/p>\n<\/div>\n<div id=\"zawartosc1\">\n<div style=\"float: left; width: 105px;\"><img decoding=\"async\" src=\"https:\/\/zubix.com.pl\/grafika\/programy.jpg\" \/><\/div>\n<p>Dzi\u0119ki wieloletniemu do\u015bwiadczeniu w rozwi\u0105zywaniu problem\u00f3w naszych klient\u00f3w<br \/>\noraz wysokim kwalifikacjom pracownik\u00f3w, mo\u017cemy zaoferowa\u0107 kompleksow\u0105 obs\u0142ug\u0119<br \/>\ninformatyczn\u0105, bior\u0105c odpowiedzialno\u015b\u0107 za prawid\u0142owe dzia\u0142anie zar\u00f3wno sprz\u0119tu<br \/>\njak i zainstalowanego na nim oprogramowania.<\/p>\n<p>Nasze oprogramowanie implementuje wszystkie wymagane funkcjonalno\u015bci: bia\u0142ej listy, sprawozda\u0144 finansowych w postaci elektronicznej oraz plik\u00f3w JPK.<br \/>\nAby lepiej zaspokaja\u0107 potrzeby klient\u00f3w, wdro\u017cyli\u015bmy system zarz\u0105dzania<br \/>\njako\u015bci\u0105 zgodny z wymaganiami normy <b>ISO\u00a09001:2000<\/b>, co potwierdza certyfikat przyznany 24 lutego 2004 r.<\/p>\n<\/div>\n<\/td>\n<\/tr>\n<\/tbody>\n<\/table>\n","protected":false},"excerpt":{"rendered":"<p>Witamy Firma &#8222;ZUBIX&#8221; dzia\u0142aj\u0105ca na rynku IT ponad 30 lat oferuje autorskie, doskonalone aplikacje finansowo-ksi\u0119gowe, handlowe, kadrowo-p\u0142acowe, czynszowe i inne. Wytworzyli\u015bmy tak\u017ce dziesi\u0105tki program\u00f3w na indywidualne zam\u00f3wienia &#8211; wg specyfikacji dostarczonej przez klient\u00f3w lub wsp\u00f3lnie ustalanej w oparciu o analiz\u0119 potrzeb. Naszym klientom oferujemy fachowe szkolenia oraz skuteczn\u0105 pomoc we wdro\u017ceniu program\u00f3w. Dostarczamy sprz\u0119t komputerowy [&hellip;]<\/p>\n","protected":false},"author":1,"featured_media":0,"parent":0,"menu_order":10,"comment_status":"closed","ping_status":"closed","template":"","meta":[],"yoast_head":"<!-- This site is optimized with the Yoast SEO plugin v21.0 - https:\/\/yoast.com\/wordpress\/plugins\/seo\/ -->\n<title>Oprogramowanie finansowo ksi\u0119gowe Kielce - programy dedykowane<\/title>\n<meta name=\"description\" content=\"Oprogramowanie finansowo ksi\u0119gowe Kielce, programy dla ksi\u0119gowo\u015bci, oprogramowanie sp\u00f3\u0142dzielnia, Kadry i p\u0142ace, elektroniczny obieg dokument\u00f3w, oprogramowanie kielce\" \/>\n<meta name=\"robots\" content=\"index, follow, max-snippet:-1, max-image-preview:large, max-video-preview:-1\" \/>\n<link rel=\"canonical\" href=\"https:\/\/zubix.com.pl\/wordpress\/\" \/>\n<meta property=\"og:locale\" content=\"pl_PL\" \/>\n<meta property=\"og:type\" content=\"article\" \/>\n<meta property=\"og:title\" content=\"Oprogramowanie finansowo ksi\u0119gowe Kielce - programy dedykowane\" \/>\n<meta property=\"og:description\" content=\"Oprogramowanie finansowo ksi\u0119gowe Kielce, programy dla ksi\u0119gowo\u015bci, oprogramowanie sp\u00f3\u0142dzielnia, Kadry i p\u0142ace, elektroniczny obieg dokument\u00f3w, oprogramowanie kielce\" \/>\n<meta property=\"og:url\" content=\"https:\/\/zubix.com.pl\/wordpress\/\" \/>\n<meta property=\"og:site_name\" content=\"PT-I ZUBIX\" \/>\n<meta property=\"article:modified_time\" content=\"2021-11-02T13:12:29+00:00\" \/>\n<meta property=\"og:image\" content=\"https:\/\/zubix.com.pl\/grafika\/finanse.jpg\" \/>\n<meta name=\"twitter:card\" content=\"summary_large_image\" \/>\n<meta name=\"twitter:label1\" content=\"Szacowany czas czytania\" \/>\n\t<meta name=\"twitter:data1\" content=\"1 minuta\" \/>\n<script type=\"application\/ld+json\" class=\"yoast-schema-graph\">{\"@context\":\"https:\/\/schema.org\",\"@graph\":[{\"@type\":\"WebPage\",\"@id\":\"https:\/\/zubix.com.pl\/wordpress\/\",\"url\":\"https:\/\/zubix.com.pl\/wordpress\/\",\"name\":\"Oprogramowanie finansowo ksi\u0119gowe Kielce - programy dedykowane\",\"isPartOf\":{\"@id\":\"https:\/\/zubix.com.pl\/wordpress\/#website\"},\"datePublished\":\"2019-01-01T11:00:13+00:00\",\"dateModified\":\"2021-11-02T13:12:29+00:00\",\"description\":\"Oprogramowanie finansowo ksi\u0119gowe Kielce, programy dla ksi\u0119gowo\u015bci, oprogramowanie sp\u00f3\u0142dzielnia, Kadry i p\u0142ace, elektroniczny obieg dokument\u00f3w, oprogramowanie kielce\",\"breadcrumb\":{\"@id\":\"https:\/\/zubix.com.pl\/wordpress\/#breadcrumb\"},\"inLanguage\":\"pl-PL\",\"potentialAction\":[{\"@type\":\"ReadAction\",\"target\":[\"https:\/\/zubix.com.pl\/wordpress\/\"]}]},{\"@type\":\"BreadcrumbList\",\"@id\":\"https:\/\/zubix.com.pl\/wordpress\/#breadcrumb\",\"itemListElement\":[{\"@type\":\"ListItem\",\"position\":1,\"name\":\"Strona g\u0142\u00f3wna\",\"item\":\"https:\/\/zubix.com.pl\/wordpress\/\"},{\"@type\":\"ListItem\",\"position\":2,\"name\":\"O nas\"}]},{\"@type\":\"WebSite\",\"@id\":\"https:\/\/zubix.com.pl\/wordpress\/#website\",\"url\":\"https:\/\/zubix.com.pl\/wordpress\/\",\"name\":\"PT-I ZUBIX\",\"description\":\"Programy dla Twojej firmy\",\"publisher\":{\"@id\":\"https:\/\/zubix.com.pl\/wordpress\/#organization\"},\"potentialAction\":[{\"@type\":\"SearchAction\",\"target\":{\"@type\":\"EntryPoint\",\"urlTemplate\":\"https:\/\/zubix.com.pl\/wordpress\/?s={search_term_string}\"},\"query-input\":\"required name=search_term_string\"}],\"inLanguage\":\"pl-PL\"},{\"@type\":\"Organization\",\"@id\":\"https:\/\/zubix.com.pl\/wordpress\/#organization\",\"name\":\"PTI ZUBIX\",\"url\":\"https:\/\/zubix.com.pl\/wordpress\/\",\"logo\":{\"@type\":\"ImageObject\",\"inLanguage\":\"pl-PL\",\"@id\":\"https:\/\/zubix.com.pl\/wordpress\/#\/schema\/logo\/image\/\",\"url\":\"http:\/\/zubix.com.pl\/wordpress\/wp-content\/uploads\/2019\/06\/zubix_header.png\",\"contentUrl\":\"http:\/\/zubix.com.pl\/wordpress\/wp-content\/uploads\/2019\/06\/zubix_header.png\",\"width\":480,\"height\":157,\"caption\":\"PTI ZUBIX\"},\"image\":{\"@id\":\"https:\/\/zubix.com.pl\/wordpress\/#\/schema\/logo\/image\/\"}}]}<\/script>\n<!-- \/ Yoast SEO plugin. -->","yoast_head_json":{"title":"Oprogramowanie finansowo ksi\u0119gowe Kielce - programy dedykowane","description":"Oprogramowanie finansowo ksi\u0119gowe Kielce, programy dla ksi\u0119gowo\u015bci, oprogramowanie sp\u00f3\u0142dzielnia, Kadry i p\u0142ace, elektroniczny obieg dokument\u00f3w, oprogramowanie kielce","robots":{"index":"index","follow":"follow","max-snippet":"max-snippet:-1","max-image-preview":"max-image-preview:large","max-video-preview":"max-video-preview:-1"},"canonical":"https:\/\/zubix.com.pl\/wordpress\/","og_locale":"pl_PL","og_type":"article","og_title":"Oprogramowanie finansowo ksi\u0119gowe Kielce - programy dedykowane","og_description":"Oprogramowanie finansowo ksi\u0119gowe Kielce, programy dla ksi\u0119gowo\u015bci, oprogramowanie sp\u00f3\u0142dzielnia, Kadry i p\u0142ace, elektroniczny obieg dokument\u00f3w, oprogramowanie kielce","og_url":"https:\/\/zubix.com.pl\/wordpress\/","og_site_name":"PT-I ZUBIX","article_modified_time":"2021-11-02T13:12:29+00:00","og_image":[{"url":"https:\/\/zubix.com.pl\/grafika\/finanse.jpg"}],"twitter_card":"summary_large_image","twitter_misc":{"Szacowany czas czytania":"1 minuta"},"schema":{"@context":"https:\/\/schema.org","@graph":[{"@type":"WebPage","@id":"https:\/\/zubix.com.pl\/wordpress\/","url":"https:\/\/zubix.com.pl\/wordpress\/","name":"Oprogramowanie finansowo ksi\u0119gowe Kielce - programy dedykowane","isPartOf":{"@id":"https:\/\/zubix.com.pl\/wordpress\/#website"},"datePublished":"2019-01-01T11:00:13+00:00","dateModified":"2021-11-02T13:12:29+00:00","description":"Oprogramowanie finansowo ksi\u0119gowe Kielce, programy dla ksi\u0119gowo\u015bci, oprogramowanie sp\u00f3\u0142dzielnia, Kadry i p\u0142ace, elektroniczny obieg dokument\u00f3w, oprogramowanie kielce","breadcrumb":{"@id":"https:\/\/zubix.com.pl\/wordpress\/#breadcrumb"},"inLanguage":"pl-PL","potentialAction":[{"@type":"ReadAction","target":["https:\/\/zubix.com.pl\/wordpress\/"]}]},{"@type":"BreadcrumbList","@id":"https:\/\/zubix.com.pl\/wordpress\/#breadcrumb","itemListElement":[{"@type":"ListItem","position":1,"name":"Strona g\u0142\u00f3wna","item":"https:\/\/zubix.com.pl\/wordpress\/"},{"@type":"ListItem","position":2,"name":"O nas"}]},{"@type":"WebSite","@id":"https:\/\/zubix.com.pl\/wordpress\/#website","url":"https:\/\/zubix.com.pl\/wordpress\/","name":"PT-I ZUBIX","description":"Programy dla Twojej firmy","publisher":{"@id":"https:\/\/zubix.com.pl\/wordpress\/#organization"},"potentialAction":[{"@type":"SearchAction","target":{"@type":"EntryPoint","urlTemplate":"https:\/\/zubix.com.pl\/wordpress\/?s={search_term_string}"},"query-input":"required name=search_term_string"}],"inLanguage":"pl-PL"},{"@type":"Organization","@id":"https:\/\/zubix.com.pl\/wordpress\/#organization","name":"PTI ZUBIX","url":"https:\/\/zubix.com.pl\/wordpress\/","logo":{"@type":"ImageObject","inLanguage":"pl-PL","@id":"https:\/\/zubix.com.pl\/wordpress\/#\/schema\/logo\/image\/","url":"http:\/\/zubix.com.pl\/wordpress\/wp-content\/uploads\/2019\/06\/zubix_header.png","contentUrl":"http:\/\/zubix.com.pl\/wordpress\/wp-content\/uploads\/2019\/06\/zubix_header.png","width":480,"height":157,"caption":"PTI ZUBIX"},"image":{"@id":"https:\/\/zubix.com.pl\/wordpress\/#\/schema\/logo\/image\/"}}]}},"_links":{"self":[{"href":"https:\/\/zubix.com.pl\/wordpress\/wp-json\/wp\/v2\/pages\/29"}],"collection":[{"href":"https:\/\/zubix.com.pl\/wordpress\/wp-json\/wp\/v2\/pages"}],"about":[{"href":"https:\/\/zubix.com.pl\/wordpress\/wp-json\/wp\/v2\/types\/page"}],"author":[{"embeddable":true,"href":"https:\/\/zubix.com.pl\/wordpress\/wp-json\/wp\/v2\/users\/1"}],"replies":[{"embeddable":true,"href":"https:\/\/zubix.com.pl\/wordpress\/wp-json\/wp\/v2\/comments?post=29"}],"version-history":[{"count":14,"href":"https:\/\/zubix.com.pl\/wordpress\/wp-json\/wp\/v2\/pages\/29\/revisions"}],"predecessor-version":[{"id":474,"href":"https:\/\/zubix.com.pl\/wordpress\/wp-json\/wp\/v2\/pages\/29\/revisions\/474"}],"wp:attachment":[{"href":"https:\/\/zubix.com.pl\/wordpress\/wp-json\/wp\/v2\/media?parent=29"}],"curies":[{"name":"wp","href":"https:\/\/api.w.org\/{rel}","templated":true}]}}