{"id":271,"date":"2019-09-18T13:42:09","date_gmt":"2019-09-18T11:42:09","guid":{"rendered":"http:\/\/zubix.com.pl\/wordpress\/?page_id=271"},"modified":"2022-02-03T14:04:59","modified_gmt":"2022-02-03T13:04:59","slug":"edokumenty","status":"publish","type":"page","link":"https:\/\/zubix.com.pl\/wordpress\/produkty\/edokumenty\/","title":{"rendered":"Elektroniczny System Obiegu Dokument\u00f3w"},"content":{"rendered":"<table border=\"0\" width=\"100%\" cellspacing=\"0\" cellpadding=\"0\">\n<tbody>\n<tr>\n<td bgcolor=\"#FEFDEF\" width=\"100%\">\n<div id=\"naglowek1\" style=\"text-align: center;\"><a name=\"MM1\"><\/a>Elektroniczny System Obiegu Dokument\u00f3w<\/div>\n<div id=\"zawartosc1\">\n<div style=\"float: left; width: 105px;\"><img decoding=\"async\" src=\"https:\/\/zubix.com.pl\/grafika\/sekretariat.jpg\" \/><\/div>\n<p>Program eSOD do ewidencji i obiegu dokument\u00f3w w formie elektronicznej.<br \/>\nG\u0142\u00f3wnym za\u0142o\u017ceniem jest u\u0142atwienie archiwizacji i kolportowania dokument\u00f3w pomi\u0119dzy jednostkami wewn\u0105trz organizacji. Program mo\u017ce by\u0107 doskona\u0142ym narz\u0119dziem do usystematyzowania proces\u00f3w wewn\u0119trznych w firmie. Przeznaczony jest dla wszystkich, kt\u00f3rzy czuj\u0105 si\u0119 przygnieceni nadmiarem pism (dokument\u00f3w) przychodz\u0105cych do firmy i chc\u0105 raz na zawsze po\u017cegna\u0107 si\u0119 z form\u0105 papierow\u0105, przechodz\u0105c na elektroniczny obieg dokument\u00f3w.<\/p>\n<p>Jak dzia\u0142a program?<br \/>\nProgram podzielony jest na dwa panele: &#8222;Panel spraw&#8221; oraz &#8222;Panel dyspozycji&#8221;.<br \/>\nPanel spraw zawiera list\u0119 spraw zarejestrowanych do wykonania lub w\u0142a\u015bnie wykonywanych wewn\u0105trz organizacji.<\/p>\n<p><img decoding=\"async\" loading=\"lazy\" src=\"https:\/\/zubix.com.pl\/grafika\/sprawy.png\" width=\"746\" height=\"271\" \/><\/p>\n<p>Przez spraw\u0119 rozumiane jest pismo zeskanowane przez kogo\u015b w sekretariacie, powi\u0105zane z kontrahentem oraz z nadanymi podstawowymi atrybutami takimi jak tytu\u0142 czy opis. Do sprawy mo\u017cemy doda\u0107 tak\u017ce dat\u0119, typ, rodzaj czy numer zeskanowanego dokumentu. Opr\u00f3cz tego mamy mo\u017cliwo\u015b\u0107 powi\u0105zania sprawy z lokalem, lokatorem (je\u015bli mamy modu\u0142 SNO), faktur\u0105 (je\u015bli mamy modu\u0142 faktur w programie finansowym) lub inn\u0105 spraw\u0105 zarejestrowan\u0105 w programie.<br \/>\nJednak najwa\u017cniejsz\u0105 funkcj\u0105 jest dysponowanie dan\u0105 spraw\u0105 to znaczy przydzielenie zadania podleg\u0142ej osobie (kierownikowi lub pracownikowi).<br \/>\nDzi\u0119ki tej funkcji za pomoc\u0105 jednego klikni\u0119cia dajemy pracownikowi dost\u0119p do wszystkich danych zwi\u0105zanych ze spraw\u0105, a on po zapoznaniu si\u0119 z ni\u0105 mo\u017ce j\u0105 wykona\u0107 lub przekaza\u0107 dalej. Oczywi\u015bcie w panelu spraw wida\u0107 dok\u0142adnie na jakim etapie jest dana sprawa i czy dany pracownik zako\u0144czy\u0142 swoje zadanie.<br \/>\nPanel dyspozycji s\u0142u\u017cy do odbioru i korespondencji wewn\u0105trz firmy.<\/p>\n<p><img decoding=\"async\" loading=\"lazy\" src=\"https:\/\/zubix.com.pl\/grafika\/dyspozycje.png\" width=\"746\" height=\"275\" \/><\/p>\n<p>Zawiera list\u0119 spraw zleconych do wykonania poszczeg\u00f3lnym pracownikom. Pracownik z \u0142atwo\u015bci\u0105 mo\u017ce zapozna\u0107 si\u0119 ze zlecon\u0105 spraw\u0105 i przyst\u0105pi\u0107 do jej wykonania lub przekaza\u0107 j\u0105 do innego pracownika. Przekazana dyspozycja jest swego rodzaju no\u015bnikiem informacji o sprawie. Dzi\u0119ki niej kolejne osoby mog\u0105 si\u0119 z ni\u0105 zapozna\u0107.<\/p>\n<div id=\"naglowek2\">Podstawowe mo\u017cliwo\u015bci programu<\/div>\n<ul>\n<li>Rejestracja spraw\/pism przychodz\u0105cych, wychodz\u0105cych i wewn\u0119trznych<\/li>\n<li>Skanowanie pism, do\u0142\u0105czanie dowolnych plik\u00f3w (Word, Excel, PDF, JPG, e-mail itp.)<\/li>\n<li>Przekazywanie dyspozycji\/korespondencji mi\u0119dzy pracownikami z opisem zada\u0144 do wykonania i za\u0142\u0105cznikami<\/li>\n<li>Nast\u0119pniki (odpowiedzi) i poprzedniki dyspozycji, spraw i pism &#8211; \u0142\u0105czenie w w\u0105tki<\/li>\n<li>Podzia\u0142 wg rodzaj\u00f3w, stanowisk, wydzia\u0142\u00f3w, archiwum, itp.<\/li>\n<li>Powi\u0105zanie z kontrahentami, obiektami SNO, dokumentami ksi\u0119gowymi, fakturami i innymi obiektami systemu<\/li>\n<li>Mo\u017cliwo\u015b\u0107 dekretacji (ksi\u0119gowania) na podstawie danych spraw\/pism<\/li>\n<li>Wydruki zawieraj\u0105ce jednocze\u015bnie dane dekretu (dokumentu ksi\u0119gowego), powi\u0105zanej sprawy\/pisma, \u015bcie\u017cki obiegu i akceptacji<\/li>\n<\/ul>\n<\/div>\n<\/td>\n<\/tr>\n<\/tbody>\n<\/table>\n","protected":false},"excerpt":{"rendered":"<p>Elektroniczny System Obiegu Dokument\u00f3w Program eSOD do ewidencji i obiegu dokument\u00f3w w formie elektronicznej. G\u0142\u00f3wnym za\u0142o\u017ceniem jest u\u0142atwienie archiwizacji i kolportowania dokument\u00f3w pomi\u0119dzy jednostkami wewn\u0105trz organizacji. Program mo\u017ce by\u0107 doskona\u0142ym narz\u0119dziem do usystematyzowania proces\u00f3w wewn\u0119trznych w firmie. Przeznaczony jest dla wszystkich, kt\u00f3rzy czuj\u0105 si\u0119 przygnieceni nadmiarem pism (dokument\u00f3w) przychodz\u0105cych do firmy i chc\u0105 raz na [&hellip;]<\/p>\n","protected":false},"author":1,"featured_media":0,"parent":31,"menu_order":37,"comment_status":"closed","ping_status":"closed","template":"","meta":[],"yoast_head":"<!-- This site is optimized with the Yoast SEO plugin v21.0 - https:\/\/yoast.com\/wordpress\/plugins\/seo\/ -->\n<title>ZUBIX Elektroniczny System Obiegu Dokument\u00f3w<\/title>\n<meta name=\"description\" content=\"Elektroniczny System Obiegu Dokument\u00f3w - Program mo\u017ce by\u0107 doskona\u0142ym narz\u0119dziem do usystematyzowania proces\u00f3w wewn\u0119trznych w firmie. Przeznaczony jest dla wszystkich, kt\u00f3rzy czuj\u0105 si\u0119 przygnieceni nadmiarem pism (dokument\u00f3w) przychodz\u0105cych do firmy i chc\u0105 raz na zawsze po\u017cegna\u0107 si\u0119 z form\u0105 papierow\u0105, przechodz\u0105c na elektroniczny obieg dokument\u00f3w.\" \/>\n<meta name=\"robots\" content=\"index, follow, max-snippet:-1, max-image-preview:large, max-video-preview:-1\" \/>\n<link rel=\"canonical\" href=\"https:\/\/zubix.com.pl\/wordpress\/produkty\/edokumenty\/\" \/>\n<meta property=\"og:locale\" content=\"pl_PL\" \/>\n<meta property=\"og:type\" content=\"article\" \/>\n<meta property=\"og:title\" content=\"ZUBIX Elektroniczny System Obiegu Dokument\u00f3w\" \/>\n<meta property=\"og:description\" content=\"Elektroniczny System Obiegu Dokument\u00f3w - Program mo\u017ce by\u0107 doskona\u0142ym narz\u0119dziem do usystematyzowania proces\u00f3w wewn\u0119trznych w firmie. Przeznaczony jest dla wszystkich, kt\u00f3rzy czuj\u0105 si\u0119 przygnieceni nadmiarem pism (dokument\u00f3w) przychodz\u0105cych do firmy i chc\u0105 raz na zawsze po\u017cegna\u0107 si\u0119 z form\u0105 papierow\u0105, przechodz\u0105c na elektroniczny obieg dokument\u00f3w.\" \/>\n<meta property=\"og:url\" content=\"https:\/\/zubix.com.pl\/wordpress\/produkty\/edokumenty\/\" \/>\n<meta property=\"og:site_name\" content=\"PT-I ZUBIX\" \/>\n<meta property=\"article:modified_time\" content=\"2022-02-03T13:04:59+00:00\" \/>\n<meta property=\"og:image\" content=\"https:\/\/zubix.com.pl\/grafika\/sekretariat.jpg\" \/>\n<meta name=\"twitter:card\" content=\"summary_large_image\" \/>\n<meta name=\"twitter:label1\" content=\"Szacowany czas czytania\" \/>\n\t<meta name=\"twitter:data1\" content=\"2 minuty\" \/>\n<script type=\"application\/ld+json\" class=\"yoast-schema-graph\">{\"@context\":\"https:\/\/schema.org\",\"@graph\":[{\"@type\":\"WebPage\",\"@id\":\"https:\/\/zubix.com.pl\/wordpress\/produkty\/edokumenty\/\",\"url\":\"https:\/\/zubix.com.pl\/wordpress\/produkty\/edokumenty\/\",\"name\":\"ZUBIX Elektroniczny System Obiegu Dokument\u00f3w\",\"isPartOf\":{\"@id\":\"https:\/\/zubix.com.pl\/wordpress\/#website\"},\"datePublished\":\"2019-09-18T11:42:09+00:00\",\"dateModified\":\"2022-02-03T13:04:59+00:00\",\"description\":\"Elektroniczny System Obiegu Dokument\u00f3w - Program mo\u017ce by\u0107 doskona\u0142ym narz\u0119dziem do usystematyzowania proces\u00f3w wewn\u0119trznych w firmie. Przeznaczony jest dla wszystkich, kt\u00f3rzy czuj\u0105 si\u0119 przygnieceni nadmiarem pism (dokument\u00f3w) przychodz\u0105cych do firmy i chc\u0105 raz na zawsze po\u017cegna\u0107 si\u0119 z form\u0105 papierow\u0105, przechodz\u0105c na elektroniczny obieg dokument\u00f3w.\",\"breadcrumb\":{\"@id\":\"https:\/\/zubix.com.pl\/wordpress\/produkty\/edokumenty\/#breadcrumb\"},\"inLanguage\":\"pl-PL\",\"potentialAction\":[{\"@type\":\"ReadAction\",\"target\":[\"https:\/\/zubix.com.pl\/wordpress\/produkty\/edokumenty\/\"]}]},{\"@type\":\"BreadcrumbList\",\"@id\":\"https:\/\/zubix.com.pl\/wordpress\/produkty\/edokumenty\/#breadcrumb\",\"itemListElement\":[{\"@type\":\"ListItem\",\"position\":1,\"name\":\"Strona g\u0142\u00f3wna\",\"item\":\"https:\/\/zubix.com.pl\/wordpress\/\"},{\"@type\":\"ListItem\",\"position\":2,\"name\":\"Produkty\",\"item\":\"https:\/\/zubix.com.pl\/wordpress\/produkty\/\"},{\"@type\":\"ListItem\",\"position\":3,\"name\":\"Elektroniczny System Obiegu Dokument\u00f3w\"}]},{\"@type\":\"WebSite\",\"@id\":\"https:\/\/zubix.com.pl\/wordpress\/#website\",\"url\":\"https:\/\/zubix.com.pl\/wordpress\/\",\"name\":\"PT-I ZUBIX\",\"description\":\"Programy dla Twojej firmy\",\"publisher\":{\"@id\":\"https:\/\/zubix.com.pl\/wordpress\/#organization\"},\"potentialAction\":[{\"@type\":\"SearchAction\",\"target\":{\"@type\":\"EntryPoint\",\"urlTemplate\":\"https:\/\/zubix.com.pl\/wordpress\/?s={search_term_string}\"},\"query-input\":\"required name=search_term_string\"}],\"inLanguage\":\"pl-PL\"},{\"@type\":\"Organization\",\"@id\":\"https:\/\/zubix.com.pl\/wordpress\/#organization\",\"name\":\"PTI ZUBIX\",\"url\":\"https:\/\/zubix.com.pl\/wordpress\/\",\"logo\":{\"@type\":\"ImageObject\",\"inLanguage\":\"pl-PL\",\"@id\":\"https:\/\/zubix.com.pl\/wordpress\/#\/schema\/logo\/image\/\",\"url\":\"http:\/\/zubix.com.pl\/wordpress\/wp-content\/uploads\/2019\/06\/zubix_header.png\",\"contentUrl\":\"http:\/\/zubix.com.pl\/wordpress\/wp-content\/uploads\/2019\/06\/zubix_header.png\",\"width\":480,\"height\":157,\"caption\":\"PTI ZUBIX\"},\"image\":{\"@id\":\"https:\/\/zubix.com.pl\/wordpress\/#\/schema\/logo\/image\/\"}}]}<\/script>\n<!-- \/ Yoast SEO plugin. -->","yoast_head_json":{"title":"ZUBIX Elektroniczny System Obiegu Dokument\u00f3w","description":"Elektroniczny System Obiegu Dokument\u00f3w - Program mo\u017ce by\u0107 doskona\u0142ym narz\u0119dziem do usystematyzowania proces\u00f3w wewn\u0119trznych w firmie. Przeznaczony jest dla wszystkich, kt\u00f3rzy czuj\u0105 si\u0119 przygnieceni nadmiarem pism (dokument\u00f3w) przychodz\u0105cych do firmy i chc\u0105 raz na zawsze po\u017cegna\u0107 si\u0119 z form\u0105 papierow\u0105, przechodz\u0105c na elektroniczny obieg dokument\u00f3w.","robots":{"index":"index","follow":"follow","max-snippet":"max-snippet:-1","max-image-preview":"max-image-preview:large","max-video-preview":"max-video-preview:-1"},"canonical":"https:\/\/zubix.com.pl\/wordpress\/produkty\/edokumenty\/","og_locale":"pl_PL","og_type":"article","og_title":"ZUBIX Elektroniczny System Obiegu Dokument\u00f3w","og_description":"Elektroniczny System Obiegu Dokument\u00f3w - Program mo\u017ce by\u0107 doskona\u0142ym narz\u0119dziem do usystematyzowania proces\u00f3w wewn\u0119trznych w firmie. Przeznaczony jest dla wszystkich, kt\u00f3rzy czuj\u0105 si\u0119 przygnieceni nadmiarem pism (dokument\u00f3w) przychodz\u0105cych do firmy i chc\u0105 raz na zawsze po\u017cegna\u0107 si\u0119 z form\u0105 papierow\u0105, przechodz\u0105c na elektroniczny obieg dokument\u00f3w.","og_url":"https:\/\/zubix.com.pl\/wordpress\/produkty\/edokumenty\/","og_site_name":"PT-I ZUBIX","article_modified_time":"2022-02-03T13:04:59+00:00","og_image":[{"url":"https:\/\/zubix.com.pl\/grafika\/sekretariat.jpg"}],"twitter_card":"summary_large_image","twitter_misc":{"Szacowany czas czytania":"2 minuty"},"schema":{"@context":"https:\/\/schema.org","@graph":[{"@type":"WebPage","@id":"https:\/\/zubix.com.pl\/wordpress\/produkty\/edokumenty\/","url":"https:\/\/zubix.com.pl\/wordpress\/produkty\/edokumenty\/","name":"ZUBIX Elektroniczny System Obiegu Dokument\u00f3w","isPartOf":{"@id":"https:\/\/zubix.com.pl\/wordpress\/#website"},"datePublished":"2019-09-18T11:42:09+00:00","dateModified":"2022-02-03T13:04:59+00:00","description":"Elektroniczny System Obiegu Dokument\u00f3w - Program mo\u017ce by\u0107 doskona\u0142ym narz\u0119dziem do usystematyzowania proces\u00f3w wewn\u0119trznych w firmie. Przeznaczony jest dla wszystkich, kt\u00f3rzy czuj\u0105 si\u0119 przygnieceni nadmiarem pism (dokument\u00f3w) przychodz\u0105cych do firmy i chc\u0105 raz na zawsze po\u017cegna\u0107 si\u0119 z form\u0105 papierow\u0105, przechodz\u0105c na elektroniczny obieg dokument\u00f3w.","breadcrumb":{"@id":"https:\/\/zubix.com.pl\/wordpress\/produkty\/edokumenty\/#breadcrumb"},"inLanguage":"pl-PL","potentialAction":[{"@type":"ReadAction","target":["https:\/\/zubix.com.pl\/wordpress\/produkty\/edokumenty\/"]}]},{"@type":"BreadcrumbList","@id":"https:\/\/zubix.com.pl\/wordpress\/produkty\/edokumenty\/#breadcrumb","itemListElement":[{"@type":"ListItem","position":1,"name":"Strona g\u0142\u00f3wna","item":"https:\/\/zubix.com.pl\/wordpress\/"},{"@type":"ListItem","position":2,"name":"Produkty","item":"https:\/\/zubix.com.pl\/wordpress\/produkty\/"},{"@type":"ListItem","position":3,"name":"Elektroniczny System Obiegu Dokument\u00f3w"}]},{"@type":"WebSite","@id":"https:\/\/zubix.com.pl\/wordpress\/#website","url":"https:\/\/zubix.com.pl\/wordpress\/","name":"PT-I ZUBIX","description":"Programy dla Twojej firmy","publisher":{"@id":"https:\/\/zubix.com.pl\/wordpress\/#organization"},"potentialAction":[{"@type":"SearchAction","target":{"@type":"EntryPoint","urlTemplate":"https:\/\/zubix.com.pl\/wordpress\/?s={search_term_string}"},"query-input":"required name=search_term_string"}],"inLanguage":"pl-PL"},{"@type":"Organization","@id":"https:\/\/zubix.com.pl\/wordpress\/#organization","name":"PTI ZUBIX","url":"https:\/\/zubix.com.pl\/wordpress\/","logo":{"@type":"ImageObject","inLanguage":"pl-PL","@id":"https:\/\/zubix.com.pl\/wordpress\/#\/schema\/logo\/image\/","url":"http:\/\/zubix.com.pl\/wordpress\/wp-content\/uploads\/2019\/06\/zubix_header.png","contentUrl":"http:\/\/zubix.com.pl\/wordpress\/wp-content\/uploads\/2019\/06\/zubix_header.png","width":480,"height":157,"caption":"PTI ZUBIX"},"image":{"@id":"https:\/\/zubix.com.pl\/wordpress\/#\/schema\/logo\/image\/"}}]}},"_links":{"self":[{"href":"https:\/\/zubix.com.pl\/wordpress\/wp-json\/wp\/v2\/pages\/271"}],"collection":[{"href":"https:\/\/zubix.com.pl\/wordpress\/wp-json\/wp\/v2\/pages"}],"about":[{"href":"https:\/\/zubix.com.pl\/wordpress\/wp-json\/wp\/v2\/types\/page"}],"author":[{"embeddable":true,"href":"https:\/\/zubix.com.pl\/wordpress\/wp-json\/wp\/v2\/users\/1"}],"replies":[{"embeddable":true,"href":"https:\/\/zubix.com.pl\/wordpress\/wp-json\/wp\/v2\/comments?post=271"}],"version-history":[{"count":19,"href":"https:\/\/zubix.com.pl\/wordpress\/wp-json\/wp\/v2\/pages\/271\/revisions"}],"predecessor-version":[{"id":501,"href":"https:\/\/zubix.com.pl\/wordpress\/wp-json\/wp\/v2\/pages\/271\/revisions\/501"}],"up":[{"embeddable":true,"href":"https:\/\/zubix.com.pl\/wordpress\/wp-json\/wp\/v2\/pages\/31"}],"wp:attachment":[{"href":"https:\/\/zubix.com.pl\/wordpress\/wp-json\/wp\/v2\/media?parent=271"}],"curies":[{"name":"wp","href":"https:\/\/api.w.org\/{rel}","templated":true}]}}