{"id":248,"date":"2019-06-28T10:39:34","date_gmt":"2019-06-28T08:39:34","guid":{"rendered":"http:\/\/zubix.com.pl\/wordpress\/?page_id=248"},"modified":"2024-10-08T09:23:38","modified_gmt":"2024-10-08T07:23:38","slug":"zasady-sprzedazy","status":"publish","type":"page","link":"https:\/\/zubix.com.pl\/wordpress\/produkty\/zasady-sprzedazy\/","title":{"rendered":"Zasady sprzeda\u017cy oprogramowania"},"content":{"rendered":"<table border=\"0\" width=\"100%\" cellspacing=\"0\" cellpadding=\"0\"><span style=\"display: inline-block; width: 0px; overflow: hidden; line-height: 0;\" data-mce-type=\"bookmark\" class=\"mce_SELRES_start\">\ufeff<\/span><\/p>\n<tbody>\n<tr>\n<td bgcolor=\"#FEFDEF\" width=\"100%\">\n<div id=\"naglowek1\">Zasady sprzeda\u017cy oprogramowania<\/div>\n<div id=\"zawartosc1\">\n      Programy podzielone s\u0105 na modu\u0142y (mo\u017cna wybra\u0107 modu\u0142y, kt\u00f3re s\u0105 przydatne w firmie). Cz\u0119\u015b\u0107 program\u00f3w sprzedawana jest w kilku wariantach w zale\u017cno\u015bci od wielko\u015bci obs\u0142ugiwanej bazy danych (np. programy KADRY i P\u0141ACE sprzedawane s\u0105 w cenach zale\u017cnych od ilo\u015bci pracownik\u00f3w, program CZYNSZE &#8211; w zale\u017cno\u015bci od ilo\u015bci mieszka\u0144, FK MULTI i FK WSP\u00d3LNOTY &#8211; w zale\u017cno\u015bci od ilo\u015bci firm\/wsp\u00f3lnot).<br \/>\n      Warto\u015b\u0107 bazowa programu, jest to suma cen wszystkich modu\u0142\u00f3w w wybranym wariancie. Warto\u015b\u0107 bazowa mo\u017ce si\u0119 zmienia\u0107 w czasie, je\u015bli u\u017cytkownik zakupi nowe modu\u0142y lub zakupi wariant na wi\u0119ksz\u0105 ilo\u015b\u0107 pracownik\u00f3w, mieszka\u0144 itp. Warto\u015b\u0107 bazowa zmienia si\u0119 tak\u017ce wraz ze zmian\u0105 cennika ZUBIX&#8217;u. Warto\u015b\u0107 bazowa jest podstaw\u0105 wyliczania cen na inne stanowiska, udzielania upust\u00f3w itp.<br \/>\n      Warto\u015b\u0107 ca\u0142kowita jest to warto\u015b\u0107 bazowa powi\u0119kszona o kwoty wynikaj\u0105ce z eksploatacji programu na wi\u0119kszej ni\u017c jeden ilo\u015bci stanowisk komputerowych. Warto\u015b\u0107 ca\u0142kowita stanowi podstaw\u0119 wyliczenia op\u0142at pogwarancyjnych i koszt\u00f3w zakupu nowej wersji (upgrade)<br \/>\n      U\u017cytkownik mo\u017ce zakupi\u0107 program  na nast\u0119puj\u0105ce stanowiska:<br \/>\n      * na komputerach lokalnych,<br \/>\n      * w tej samej sieci komputerowej,<br \/>\n      * w nast\u0119pnych sieciach komputerowych.<\/p>\n<p> UWAGA! Upust udzielany w indywidualnych wypadkach w momencie sprzeda\u017cy, nie wp\u0142ywa na wielko\u015b\u0107 warto\u015bci bazowej ani ca\u0142kowitej.<\/p>\n<p>      <u><br \/>\n CENA PROGRAMU ZA NAST\u0118PNE STANOWISKA:<\/u><br \/>\n      * cena za ka\u017cde nast\u0119pne stanowisko lokalne tzn. komputer stacjonarny lub pierwsze stanowisko             w innej sieci &#8211; 30% warto\u015bci bazowej,<br \/>\n      * cena za ka\u017cde nast\u0119pne stanowisko w sieci komputerowej &#8211; 20% warto\u015bci bazowej,<br \/>\n      * cena za stanowisko do podgl\u0105du &#8211; 5% warto\u015bci programu,<\/p>\n<p>      <u><br \/>\n      NOWE WERSJE PROGRAMU (UPGRADE):<\/u><br \/>\n      Koszt zakupu nowej wersji jest okre\u015blany jako procent warto\u015bci ca\u0142kowitej (na og\u00f3\u0142 od kilku do kilkunastu procent),<br \/>\n      w zale\u017cno\u015bci od zakresu zmian w danej wersji. Produkowane s\u0105 2 do 4 nowych<br \/>\n\t\twersji w roku. Wersje wytworzone podczas wdra\u017cania programu (nie p\u00f3\u017aniej ni\u017c pe\u0142ne 2 miesi\u0105ce od daty zakupu) instalowane s\u0105 bezp\u0142atnie. Umowa o Sta\u0142\u0105 Opiek\u0119 Autorsk\u0105 (SOA) obejmuje bezp\u0142atn\u0105 dostaw\u0119 nowych wersji.<br \/>\n      Je\u015bli u\u017cytkownik nie kupuje systematycznie kolejnych wersji, to koszt<br \/>\n\t\tzakupu wersji najnowszej jest sum\u0105 koszt\u00f3w wszystkich dotychczas nie zakupionych<br \/>\n\t\twersji.<\/p>\n<p>      <u><br \/>\n      STA\u0141A OPIEKA AUTORSKA<\/u><br \/>\n      W ramach umowy SOA (Sta\u0142a Opieka Autorska) u\u017cytkownik otrzymuje<br \/>\n\t\tm.in. bezp\u0142atnie nowe wersje programu wraz z ich zainstalowaniem.<br \/>\n\t\tPonadto, w ramach umowy obowi\u0105zuje ni\u017csza stawka za roboczogodzin\u0119,<br \/>\n\t\tkr\u00f3tszy czas reakcji na problemy eksploatacyjne, pierwsze\u0144stwo w<br \/>\n\t\tuzyskaniu pomocy, bezp\u0142atn\u0105 pomoc telefoniczn\u0105, bezp\u0142atne szkolenie w<br \/>\n\t\tzakresie nowych wersji, mo\u017cliwo\u015b\u0107 zlecania zmian w programie. <br \/>\n        Przy zakupie program\u00f3w, umowa podpisywana jest po wdro\u017ceniu, nie wcze\u015bniej<br \/>\n\t\tjednak, ni\u017c po 2 miesi\u0105cach od zakupu. Je\u015bli umowa podpisywana jest<br \/>\n\t\tp\u00f3\u017aniej, u\u017cytkownik musi posiada\u0107 aktualnie obowi\u0105zuj\u0105c\u0105, najnowsz\u0105 wersj\u0119 programu.<br \/>\n      Je\u015bli jej nie posiada &#8211; musi j\u0105 wykupi\u0107.<\/p>\n<p>\t  <u><br \/>\n\t  CENA ROBOCZOGODZINY<\/u><br \/>\n\t  Prace zwi\u0105zane z popraw\u0105 b\u0142\u0119d\u00f3w w oprogramowaniu w okresie gwarancyjnym a tak\u017ce przez ca\u0142y czas trwania umowy SOA, s\u0105 wykonywane bezp\u0142atnie.<br \/>\n\t  Inne prace wykonywane w siedzibie klienta a tak\u017ce (po uzgodnieniach) w siedzibie firmy, wyceniane<br \/>\n\t\ts\u0105 wed\u0142ug faktycznej pracoch\u0142onno\u015bci, potwierdzonej ka\u017cdorazowo przez<br \/>\n\t\tu\u017cytkownika podpisaniem protoko\u0142u.<br \/>\n\t\tRycza\u0142t za dojazd negocjowany jest przy zawieraniu umowy i podawany w<br \/>\n\t\troboczogodzinach.<\/p>\n<p>      <u><br \/>\n      WYDANIE FK &#8222;MULTI&#8221; &#8211; DLA BIUR RACHUNKOWYCH<\/u><br \/>\n      Wydanie MULTI przeznaczone dla biur rachunkowych wykonuj\u0105cych us\u0142ugi ksi\u0119gowe z wykorzystaniem programu FK. Warto\u015b\u0107 ca\u0142kowita zale\u017cy od ilo\u015bci obs\u0142ugiwanych firm. Warto\u015b\u0107 powstaje w wyniku pomno\u017cenia warto\u015bci ca\u0142kowitej dla 1 firmy pomno\u017conej przez wsp\u00f3\u0142czynnik wg poni\u017cszego zestawienia:<br \/>\n      &#8211; dla   2 do 10 firm  100% + 10% za ka\u017cd\u0105 firm\u0119 powy\u017cej 1<br \/>\n      &#8211; dla 11 do 30 firm  200% + 5% za ka\u017cd\u0105 firm\u0119 powy\u017cej 10<br \/>\n      &#8211; dla 31 do 80 firm  300% + 3% za ka\u017cd\u0105 firm\u0119 powy\u017cej 30<br \/>\n      &#8211; dla ponad 80 firm  450% + 1% za ka\u017cd\u0105 firm\u0119 powy\u017cej 80<br \/>\n      Przy dokupieniu w przysz\u0142o\u015bci licencji na nowe firmy obowi\u0105zuje te\u017c powy\u017csza zasada.<br \/>\n      Ponadto biuro rachunkowe korzystaj\u0105c z wersji MULTI mo\u017ce zakupi\u0107 dla w\u0142asnych potrzeb program FK w cenie 50% (obni\u017cenie warto\u015bci ca\u0142kowitej!)<\/p>\n<p>      <u><br \/>\n      WYDANIE DLA ZARZ\u0104DCY WSP\u00d3LNOT MIESZKANIOWYCH<\/u><br \/>\n      Wydanie WSP\u00d3LNOTY jest i b\u0119dzie jeszcze \u015bci\u015blej przystosowane do wsp\u00f3\u0142pracy z programem czynszowym firmy ZUBIX.<br \/>\n      Zasady wyliczania ceny do obs\u0142ugi jednej wsp\u00f3lnoty takie jak dla biur rachunkowych, ale obni\u017cone o 40%.<br \/>\n      Dla w\u0142asnych cel\u00f3w zarz\u0105dca mo\u017ce zakupi\u0107 program na takich warunkach jak biuro rachunkowe (tzn. 50% upustu).&nbsp;<\/p>\n<p>      <u><br \/>\n      UPUSTY PRZY ZAKUPIE DLA KILKU FIRM<\/u><br \/>\n      W\u0142a\u015bciciel, kupuj\u0105c program FK do nast\u0119pnych firm otrzymuje na wszystkie programy w nast\u0119pnych firmach upust 30%.<\/p>\n<p>      <u><br \/>\n      UPUST ZA WYMIAN\u0118 OPROGRAMOWANIA<\/u><br \/>\n      Je\u015bli firma posiada podobny program kupiony nie dalej ni\u017c 3 lata temu, przys\u0142uguje zni\u017cka 20%, gdy program jest &#8222;m\u0142odszy&#8221; ni\u017c rok,  lub 10% za -2-letni, lub 5% za 3-letni.<br \/>\n      Zni\u017cka nie mo\u017ce by\u0107 wi\u0119ksza ni\u017c 20% ceny starego programu.\n<\/div>\n<\/td>\n<\/tr>\n<\/tbody>\n<\/table>\n","protected":false},"excerpt":{"rendered":"<p>\ufeff Zasady sprzeda\u017cy oprogramowania Programy podzielone s\u0105 na modu\u0142y (mo\u017cna wybra\u0107 modu\u0142y, kt\u00f3re s\u0105 przydatne w firmie). Cz\u0119\u015b\u0107 program\u00f3w sprzedawana jest w kilku wariantach w zale\u017cno\u015bci od wielko\u015bci obs\u0142ugiwanej bazy danych (np. programy KADRY i P\u0141ACE sprzedawane s\u0105 w cenach zale\u017cnych od ilo\u015bci pracownik\u00f3w, program CZYNSZE &#8211; w zale\u017cno\u015bci od ilo\u015bci mieszka\u0144, FK MULTI i [&hellip;]<\/p>\n","protected":false},"author":1,"featured_media":0,"parent":31,"menu_order":40,"comment_status":"closed","ping_status":"closed","template":"","meta":[],"yoast_head":"<!-- This site is optimized with the Yoast SEO plugin v21.0 - https:\/\/yoast.com\/wordpress\/plugins\/seo\/ -->\n<title>Zasady sprzeda\u017cy oprogramowania - PT-I ZUBIX<\/title>\n<meta name=\"description\" content=\"programy KADRY i P\u0141ACE sprzedawane s\u0105 w cenach zale\u017cnych od ilo\u015bci pracownik\u00f3w, program CZYNSZE - w zale\u017cno\u015bci od ilo\u015bci mieszka\u0144, FK MULTI i FK WSP\u00d3LNOTY - w zale\u017cno\u015bci od ilo\u015bci firm\/wsp\u00f3lnot).\" \/>\n<meta name=\"robots\" content=\"index, follow, max-snippet:-1, max-image-preview:large, max-video-preview:-1\" \/>\n<link rel=\"canonical\" href=\"https:\/\/zubix.com.pl\/wordpress\/produkty\/zasady-sprzedazy\/\" \/>\n<meta property=\"og:locale\" content=\"pl_PL\" \/>\n<meta property=\"og:type\" content=\"article\" \/>\n<meta property=\"og:title\" content=\"Zasady sprzeda\u017cy oprogramowania - PT-I ZUBIX\" \/>\n<meta property=\"og:description\" content=\"programy KADRY i P\u0141ACE sprzedawane s\u0105 w cenach zale\u017cnych od ilo\u015bci pracownik\u00f3w, program CZYNSZE - w zale\u017cno\u015bci od ilo\u015bci mieszka\u0144, FK MULTI i FK WSP\u00d3LNOTY - w zale\u017cno\u015bci od ilo\u015bci firm\/wsp\u00f3lnot).\" \/>\n<meta property=\"og:url\" content=\"https:\/\/zubix.com.pl\/wordpress\/produkty\/zasady-sprzedazy\/\" \/>\n<meta property=\"og:site_name\" content=\"PT-I ZUBIX\" \/>\n<meta property=\"article:modified_time\" content=\"2024-10-08T07:23:38+00:00\" \/>\n<meta name=\"twitter:card\" content=\"summary_large_image\" \/>\n<meta name=\"twitter:label1\" content=\"Szacowany czas czytania\" \/>\n\t<meta name=\"twitter:data1\" content=\"5 minut\" \/>\n<script type=\"application\/ld+json\" class=\"yoast-schema-graph\">{\"@context\":\"https:\/\/schema.org\",\"@graph\":[{\"@type\":\"WebPage\",\"@id\":\"https:\/\/zubix.com.pl\/wordpress\/produkty\/zasady-sprzedazy\/\",\"url\":\"https:\/\/zubix.com.pl\/wordpress\/produkty\/zasady-sprzedazy\/\",\"name\":\"Zasady sprzeda\u017cy oprogramowania - PT-I ZUBIX\",\"isPartOf\":{\"@id\":\"https:\/\/zubix.com.pl\/wordpress\/#website\"},\"datePublished\":\"2019-06-28T08:39:34+00:00\",\"dateModified\":\"2024-10-08T07:23:38+00:00\",\"description\":\"programy KADRY i P\u0141ACE sprzedawane s\u0105 w cenach zale\u017cnych od ilo\u015bci pracownik\u00f3w, program CZYNSZE - w zale\u017cno\u015bci od ilo\u015bci mieszka\u0144, FK MULTI i FK WSP\u00d3LNOTY - w zale\u017cno\u015bci od ilo\u015bci firm\/wsp\u00f3lnot).\",\"breadcrumb\":{\"@id\":\"https:\/\/zubix.com.pl\/wordpress\/produkty\/zasady-sprzedazy\/#breadcrumb\"},\"inLanguage\":\"pl-PL\",\"potentialAction\":[{\"@type\":\"ReadAction\",\"target\":[\"https:\/\/zubix.com.pl\/wordpress\/produkty\/zasady-sprzedazy\/\"]}]},{\"@type\":\"BreadcrumbList\",\"@id\":\"https:\/\/zubix.com.pl\/wordpress\/produkty\/zasady-sprzedazy\/#breadcrumb\",\"itemListElement\":[{\"@type\":\"ListItem\",\"position\":1,\"name\":\"Strona g\u0142\u00f3wna\",\"item\":\"https:\/\/zubix.com.pl\/wordpress\/\"},{\"@type\":\"ListItem\",\"position\":2,\"name\":\"Produkty\",\"item\":\"https:\/\/zubix.com.pl\/wordpress\/produkty\/\"},{\"@type\":\"ListItem\",\"position\":3,\"name\":\"Zasady sprzeda\u017cy oprogramowania\"}]},{\"@type\":\"WebSite\",\"@id\":\"https:\/\/zubix.com.pl\/wordpress\/#website\",\"url\":\"https:\/\/zubix.com.pl\/wordpress\/\",\"name\":\"PT-I ZUBIX\",\"description\":\"Programy dla Twojej firmy\",\"publisher\":{\"@id\":\"https:\/\/zubix.com.pl\/wordpress\/#organization\"},\"potentialAction\":[{\"@type\":\"SearchAction\",\"target\":{\"@type\":\"EntryPoint\",\"urlTemplate\":\"https:\/\/zubix.com.pl\/wordpress\/?s={search_term_string}\"},\"query-input\":\"required name=search_term_string\"}],\"inLanguage\":\"pl-PL\"},{\"@type\":\"Organization\",\"@id\":\"https:\/\/zubix.com.pl\/wordpress\/#organization\",\"name\":\"PTI ZUBIX\",\"url\":\"https:\/\/zubix.com.pl\/wordpress\/\",\"logo\":{\"@type\":\"ImageObject\",\"inLanguage\":\"pl-PL\",\"@id\":\"https:\/\/zubix.com.pl\/wordpress\/#\/schema\/logo\/image\/\",\"url\":\"http:\/\/zubix.com.pl\/wordpress\/wp-content\/uploads\/2019\/06\/zubix_header.png\",\"contentUrl\":\"http:\/\/zubix.com.pl\/wordpress\/wp-content\/uploads\/2019\/06\/zubix_header.png\",\"width\":480,\"height\":157,\"caption\":\"PTI ZUBIX\"},\"image\":{\"@id\":\"https:\/\/zubix.com.pl\/wordpress\/#\/schema\/logo\/image\/\"}}]}<\/script>\n<!-- \/ Yoast SEO plugin. -->","yoast_head_json":{"title":"Zasady sprzeda\u017cy oprogramowania - PT-I ZUBIX","description":"programy KADRY i P\u0141ACE sprzedawane s\u0105 w cenach zale\u017cnych od ilo\u015bci pracownik\u00f3w, program CZYNSZE - w zale\u017cno\u015bci od ilo\u015bci mieszka\u0144, FK MULTI i FK WSP\u00d3LNOTY - w zale\u017cno\u015bci od ilo\u015bci firm\/wsp\u00f3lnot).","robots":{"index":"index","follow":"follow","max-snippet":"max-snippet:-1","max-image-preview":"max-image-preview:large","max-video-preview":"max-video-preview:-1"},"canonical":"https:\/\/zubix.com.pl\/wordpress\/produkty\/zasady-sprzedazy\/","og_locale":"pl_PL","og_type":"article","og_title":"Zasady sprzeda\u017cy oprogramowania - PT-I ZUBIX","og_description":"programy KADRY i P\u0141ACE sprzedawane s\u0105 w cenach zale\u017cnych od ilo\u015bci pracownik\u00f3w, program CZYNSZE - w zale\u017cno\u015bci od ilo\u015bci mieszka\u0144, FK MULTI i FK WSP\u00d3LNOTY - w zale\u017cno\u015bci od ilo\u015bci firm\/wsp\u00f3lnot).","og_url":"https:\/\/zubix.com.pl\/wordpress\/produkty\/zasady-sprzedazy\/","og_site_name":"PT-I ZUBIX","article_modified_time":"2024-10-08T07:23:38+00:00","twitter_card":"summary_large_image","twitter_misc":{"Szacowany czas czytania":"5 minut"},"schema":{"@context":"https:\/\/schema.org","@graph":[{"@type":"WebPage","@id":"https:\/\/zubix.com.pl\/wordpress\/produkty\/zasady-sprzedazy\/","url":"https:\/\/zubix.com.pl\/wordpress\/produkty\/zasady-sprzedazy\/","name":"Zasady sprzeda\u017cy oprogramowania - PT-I ZUBIX","isPartOf":{"@id":"https:\/\/zubix.com.pl\/wordpress\/#website"},"datePublished":"2019-06-28T08:39:34+00:00","dateModified":"2024-10-08T07:23:38+00:00","description":"programy KADRY i P\u0141ACE sprzedawane s\u0105 w cenach zale\u017cnych od ilo\u015bci pracownik\u00f3w, program CZYNSZE - w zale\u017cno\u015bci od ilo\u015bci mieszka\u0144, FK MULTI i FK WSP\u00d3LNOTY - w zale\u017cno\u015bci od ilo\u015bci firm\/wsp\u00f3lnot).","breadcrumb":{"@id":"https:\/\/zubix.com.pl\/wordpress\/produkty\/zasady-sprzedazy\/#breadcrumb"},"inLanguage":"pl-PL","potentialAction":[{"@type":"ReadAction","target":["https:\/\/zubix.com.pl\/wordpress\/produkty\/zasady-sprzedazy\/"]}]},{"@type":"BreadcrumbList","@id":"https:\/\/zubix.com.pl\/wordpress\/produkty\/zasady-sprzedazy\/#breadcrumb","itemListElement":[{"@type":"ListItem","position":1,"name":"Strona g\u0142\u00f3wna","item":"https:\/\/zubix.com.pl\/wordpress\/"},{"@type":"ListItem","position":2,"name":"Produkty","item":"https:\/\/zubix.com.pl\/wordpress\/produkty\/"},{"@type":"ListItem","position":3,"name":"Zasady sprzeda\u017cy oprogramowania"}]},{"@type":"WebSite","@id":"https:\/\/zubix.com.pl\/wordpress\/#website","url":"https:\/\/zubix.com.pl\/wordpress\/","name":"PT-I ZUBIX","description":"Programy dla Twojej firmy","publisher":{"@id":"https:\/\/zubix.com.pl\/wordpress\/#organization"},"potentialAction":[{"@type":"SearchAction","target":{"@type":"EntryPoint","urlTemplate":"https:\/\/zubix.com.pl\/wordpress\/?s={search_term_string}"},"query-input":"required name=search_term_string"}],"inLanguage":"pl-PL"},{"@type":"Organization","@id":"https:\/\/zubix.com.pl\/wordpress\/#organization","name":"PTI ZUBIX","url":"https:\/\/zubix.com.pl\/wordpress\/","logo":{"@type":"ImageObject","inLanguage":"pl-PL","@id":"https:\/\/zubix.com.pl\/wordpress\/#\/schema\/logo\/image\/","url":"http:\/\/zubix.com.pl\/wordpress\/wp-content\/uploads\/2019\/06\/zubix_header.png","contentUrl":"http:\/\/zubix.com.pl\/wordpress\/wp-content\/uploads\/2019\/06\/zubix_header.png","width":480,"height":157,"caption":"PTI ZUBIX"},"image":{"@id":"https:\/\/zubix.com.pl\/wordpress\/#\/schema\/logo\/image\/"}}]}},"_links":{"self":[{"href":"https:\/\/zubix.com.pl\/wordpress\/wp-json\/wp\/v2\/pages\/248"}],"collection":[{"href":"https:\/\/zubix.com.pl\/wordpress\/wp-json\/wp\/v2\/pages"}],"about":[{"href":"https:\/\/zubix.com.pl\/wordpress\/wp-json\/wp\/v2\/types\/page"}],"author":[{"embeddable":true,"href":"https:\/\/zubix.com.pl\/wordpress\/wp-json\/wp\/v2\/users\/1"}],"replies":[{"embeddable":true,"href":"https:\/\/zubix.com.pl\/wordpress\/wp-json\/wp\/v2\/comments?post=248"}],"version-history":[{"count":3,"href":"https:\/\/zubix.com.pl\/wordpress\/wp-json\/wp\/v2\/pages\/248\/revisions"}],"predecessor-version":[{"id":624,"href":"https:\/\/zubix.com.pl\/wordpress\/wp-json\/wp\/v2\/pages\/248\/revisions\/624"}],"up":[{"embeddable":true,"href":"https:\/\/zubix.com.pl\/wordpress\/wp-json\/wp\/v2\/pages\/31"}],"wp:attachment":[{"href":"https:\/\/zubix.com.pl\/wordpress\/wp-json\/wp\/v2\/media?parent=248"}],"curies":[{"name":"wp","href":"https:\/\/api.w.org\/{rel}","templated":true}]}}