{"id":164,"date":"2019-01-01T12:00:08","date_gmt":"2019-01-01T11:00:08","guid":{"rendered":"http:\/\/zubix.com.pl\/wordpress\/?page_id=164"},"modified":"2021-11-02T14:01:31","modified_gmt":"2021-11-02T13:01:31","slug":"programy-na-zamowienie","status":"publish","type":"page","link":"https:\/\/zubix.com.pl\/wordpress\/produkty\/programy-na-zamowienie\/","title":{"rendered":"Programy na zam\u00f3wienie"},"content":{"rendered":"<table border=\"0\" width=\"100%\" cellspacing=\"0\" cellpadding=\"0\">\n<tbody>\n<tr>\n<td bgcolor=\"#FEFDEF\" width=\"100%\">\n<div id=\"naglowek1\">Programy na zam\u00f3wienie<\/div>\n<div id=\"zawartosc1\">\n<div style=\"float: left; width: 105px;\"><img decoding=\"async\" src=\"https:\/\/zubix.com.pl\/grafika\/programy.jpg\" \/><\/div>\n<p>Wytworzyli\u015bmy dziesi\u0105tki program\u00f3w na indywidualne zam\u00f3wienia &#8211; wg specyfikacji dostarczonej przez klient\u00f3w lub wsp\u00f3lnie ustalanej w oparciu o analiz\u0119 potrzeb.<br \/>\nNa ich bazie mo\u017cemy wytworzy\u0107 (koszt znacznie ni\u017cszy ni\u017c tworzenie od podstaw) programy o podobnych funkcjach.<\/p>\n<div id=\"naglowek2\">E-Sprawozdanie Klient<\/div>\n<div id=\"zawartosc2\">Niezale\u017cny program s\u0142u\u017c\u0105cy do podpisania i kompleksowej wysy\u0142ki sprawozdania finansowego wraz z za\u0142\u0105cznikami oraz analizy poprawno\u015bci i zawarto\u015bci pliku e-sprawozdania (XML).<br \/>\nProgram pracuje z plikami przygotowanymi w dowolnym systemie (r\u00f3wnie\u017c firm zewn\u0119trznych).<\/div>\n<div id=\"naglowek2\">JPK (Jednolity Plik Kontrolny)<\/div>\n<div id=\"zawartosc2\">Zadaniem programu jest:<br \/>\n&#8211; Walidacja poprawno\u015bci plik\u00f3w JPK na podstawie schemat\u00f3w pobieranych z serwera MF.<br \/>\n&#8211; Pakowanie, szyfrowanie, podpisywanie oraz przesy\u0142anie plik\u00f3w JPK drog\u0105 elektroniczn\u0105, zgodnie z wymaganiami specyfikacji interfejs\u00f3w udost\u0119pnionej przez MF.<br \/>\n&#8211; Odczyt statusu wysy\u0142ki oraz pobieranie plik\u00f3w UPO (urz\u0119dowe po\u015bwiadczenie odbioru).<\/div>\n<div id=\"naglowek2\">&#8222;e-Dek&#8221; (e-Deklaracje)<\/div>\n<div id=\"zawartosc2\">Zadaniem programu jest wysy\u0142anie deklaracji elektronicznych oraz pobieranie i wydruk potwierdze\u0144. Program przeznaczony jest do wsp\u00f3\u0142pracy w systemem KP firmy ZUBIX S.C. lub dowolnym innym systemem informatycznym potrafiacym wygenerowa\u0107 deklaracje (PIT,VAT,CIT) elektroniczne w postaci plik\u00f3w xml.<br \/>\nProgram umo\u017cliwia:<br \/>\n&#8211; zarzadzanie plikami deklaracji,<br \/>\n&#8211; podpisywanie deklaracji kwalifikowanym podpisem elektronicznym,<br \/>\n&#8211; wysy\u0142k\u0119 deklaracji na bramk\u0119 Ministerstwa Finans\u00f3w,<br \/>\n&#8211; obs\u0142ug\u0119 i komunikacj\u0119 b\u0142\u0119d\u00f3w zawarto\u015bci dokument\u00f3w lub transmisji danych,<br \/>\n&#8211; odbi\u00f3r i sk\u0142adowanie urz\u0119dowych po\u015bwiadcze\u0144 odbioru (UPO),<br \/>\n&#8211; wydruk po\u015bwiadcze\u0144 UPO.<\/div>\n<div id=\"naglowek2\">&#8222;PRORO&#8221;<\/div>\n<div id=\"zawartosc2\">Program zarz\u0105dzaj\u0105cy produkcj\u0105 maszyn i \u0142o\u017cysk specjalnych umo\u017cliwiaj\u0105cy analiz\u0119, planowanie i rozliczenie ca\u0142ych proces\u00f3w produkcyjnych.<br \/>\nSystem obejmuje wszystkie etapy, od planu i wzorc\u00f3w technologicznych, ewidencji zlece\u0144 i przewodnik\u00f3w warsztatowych, gospodark\u0119 materia\u0142ami a\u017c po rozliczenie pracownik\u00f3w.<\/div>\n<div id=\"naglowek2\">&#8222;Caterman&#8221;<\/div>\n<div id=\"zawartosc2\">Program s\u0142u\u017c\u0105cy do obs\u0142ugi i rozliczenia sto\u0142\u00f3wek, bar\u00f3w i jad\u0142odajni.<br \/>\nRabaty, Dofinansowanie, VAT, zestawienia, dostosowany do panelu dotykowego, obs\u0142uga urz\u0105dze\u0144 zewn\u0119trznych &#8211; Touchpad (PINpad), KABA &#8211; czytnik kart klient\u00f3w i inne.<\/div>\n<div id=\"naglowek2\">&#8222;Obs\u0142uga sprzeda\u017cy ciep\u0142a&#8221;<\/div>\n<div id=\"zawartosc2\">Zadaniem programu jest zbieranie informacji o umowach zawartych z<br \/>\nodbiorcami ciep\u0142a, fakturowanie zu\u017cycia ciep\u0142a i generacja zestawie\u0144<br \/>\nna podstawie zebranych danych o sprzeda\u017cy. Program zosta\u0142 dostosowany do<br \/>\nprzepis\u00f3w zawartych w ustawie z dnia 10 kwietnia 1997 r. Prawo<br \/>\nEnergetyczne (Dz. U. Nr 54, poz. 348 i Nr 158, poz. 1042 oraz z 1998r. Nr<br \/>\n94, poz. 594 i Nr 106, poz.668) i stosownym rozporz\u0105dzeniem Ministra<br \/>\nGospodarki. Program na podstawie wprowadzonych danych o odczytach wystawia<br \/>\nfaktury VAT dla odbiorc\u00f3w. Program wsp\u00f3\u0142pracuje z systemem FK naszej<br \/>\nfirmy, przesy\u0142aj\u0105c do niego dane o wystawionych fakturach. System FK<br \/>\nprzejmuje rol\u0119 windykacji nale\u017cno\u015bci.<\/div>\n<div id=\"naglowek2\">&#8222;Sprzeda\u017c mieszka\u0144&#8221;<\/div>\n<div id=\"zawartosc2\">Program u\u0142atwia realizacj\u0119 sprzeda\u017cy mieszka\u0144. Program<br \/>\nprzechowuje baz\u0119 danych o mieszkaniach w nowo wybudowanym budynku, baz\u0119<br \/>\nrezerwacji i wp\u0142at dokonanych przez klient\u00f3w. Do zada\u0144 programu nale\u017cy<br \/>\nwyliczanie warto\u015bci rat dla klient\u00f3w kt\u00f3rzy podpisali umow\u0119 o zakupu<br \/>\nmieszkania (raty s\u0105 waloryzowane wska\u017anikami inflacji), przygotowanie<br \/>\nprzyk\u0142adowych harmonogram\u00f3w sp\u0142at (gdy nie ma podpisanej umowy) oraz<br \/>\nwystawianie Faktur za wp\u0142acone raty. Program \u015bci\u015ble wsp\u00f3\u0142pracuje z<br \/>\nsystemem FK (z FK pobierane s\u0105 dane zap\u0142atach dokonanych przez klient\u00f3w<br \/>\noraz eksportowane s\u0105 do FK faktury sprzeda\u017cy).<\/div>\n<div id=\"naglowek2\">&#8222;PiesTaks&#8221;<\/div>\n<div id=\"zawartosc2\">Program jest narz\u0119dziem s\u0142u\u017c\u0105cym ewidencji, identyfikacji i<br \/>\nopodatkowania w\u0142a\u015bcicieli ps\u00f3w. Potencjalnymi odbiorcami tego produktu<br \/>\nmog\u0105 by\u0107 np. urz\u0119dy miasta i gminy. Oprogramowanie pozwala na<br \/>\ngromadzenie i wszechstronn\u0105 analiz\u0119 danych zar\u00f3wno o psach (np. daty<br \/>\nszczepienia, rasa, ma\u015b\u0107, wiek) jak i w\u0142a\u015bcicielach oraz prowadzenie<br \/>\nksi\u0119gowo\u015bci zwi\u0105zanej z op\u0142atami i podatkami za psy (np. generowanie<br \/>\nwezwa\u0144 do zap\u0142aty, naliczanie karnych odsetek, zestawienia wp\u0142at i nale\u017cno\u015bci).<\/div>\n<div id=\"naglowek2\">&#8222;Kolporta\u017c&#8221;<\/div>\n<div id=\"zawartosc2\">Program jest kompleksowym narz\u0119dziem pozwalaj\u0105cym na prowadzenie<br \/>\nsprzeda\u017cy wysy\u0142kowej publikacji. Zap\u0142aty za wydawnictwa s\u0105 przyjmowane<br \/>\nw systemie\u00a0 przedp\u0142at. Do zada\u0144 programu nale\u017c\u0105: ewidencja wp\u0142at<br \/>\ni zwrot\u00f3w got\u00f3wki z rozbiciem na poszczeg\u00f3lnych klient\u00f3w,<br \/>\nprzygotowanie i wys\u0142anie paczek (wydruk nalepek), zwroty i korekty zam\u00f3wie\u0144,<br \/>\nwystawianie faktur VAT lub paragon\u00f3w dla odbiorc\u00f3w, wszechstronne<br \/>\nzestawienia i generowanie pism korespondencji seryjnej do wybranych klient\u00f3w.<\/div>\n<div id=\"naglowek2\">&#8222;FotoMag&#8221;<\/div>\n<div id=\"zawartosc2\">Program s\u0142u\u017cy do obs\u0142ugi us\u0142ug fotograficznych. Studio fotograficzne zbiera materia\u0142y w r\u00f3\u017cnych punktach.<br \/>\nS\u0105 one wywo\u0142ywane w pracowni i rozsy\u0142ane z powrotem do punkt\u00f3w przy pomocy sieci dealer\u00f3w.<br \/>\nProgram wspomaga prac\u0119 laboratorium poprzez wydruk numer\u00f3w (wraz z kodem kreskowym) otwartych zlece\u0144 na kopertach w kt\u00f3re wk\u0142adane s\u0105 materia\u0142y do wywo\u0142ania, Wydruk nalepek na koperty, zawieraj\u0105cych opis wykonanej us\u0142ugi wraz z cen\u0105, Wydruk listy dostaw i dowod\u00f3w dostawy dla poszczeg\u00f3lnych dealer\u00f3w na poszczeg\u00f3lne trasy.<br \/>\nNa \u017cyczenie operatora program wystawia faktury za wykonane us\u0142ugi. W programie jest r\u00f3wnie\u017c mo\u017cliwo\u015b\u0107 prowadzenia kasy i kontrolowania sp\u0142ywu nale\u017cno\u015bci za wystawione faktury. Program umo\u017cliwia r\u00f3wnie\u017c fakturowanie dostaw materia\u0142\u00f3w fotograficznych do punkt\u00f3w, je\u017celi studio prowadzi sprzeda\u017c takich materia\u0142\u00f3w.<\/div>\n<div id=\"naglowek2\">&#8222;Kasele&#8221;<\/div>\n<div id=\"zawartosc2\">Program do obs\u0142ugi punkt\u00f3w przyjmowania op\u0142at i rachunk\u00f3w. Generowanie pliku przelew\u00f3w elektronicznych, szybkie wyszukiwanie klient\u00f3w i beneficjent\u00f3w, raporty i inne.<\/div>\n<div id=\"naglowek2\">&#8222;PRA&#8221;<\/div>\n<div id=\"zawartosc2\">Program rozliczania autocystern. Analiza i wyliczenia zwi\u0105zane ze sprzeda\u017c\u0105 gaz\u00f3w i p\u0142yn\u00f3w z autocystern.<br \/>\nAutomatyczne odczytywanie danych z wagi. Wsp\u00f3\u0142czyniki, ubytki, zestawienia kierowc\u00f3w, samochod\u00f3w, podzia\u0142 na rodzaje \u0142adunku i inne.<\/div>\n<div id=\"naglowek2\">ENDURO<\/div>\n<div id=\"zawartosc2\">Program przeznaczony do organizacji, przygotowania dokumentacji oraz oblicze\u0144 i wynik\u00f3w zawod\u00f3w ENDURO.<br \/>\nWydruki, wsp\u00f3\u0142praca z foto-celami, prezentacja wynik\u00f3w on-line w internecie.<br \/>\nProgram przez wiele lat by\u0142 wykorzystywany do organizacji zawod\u00f3w Mistrzostw Polski, Pucharu Polski, <a href=\"https:\/\/zubix.com.pl\/eec7\/\">Mistrzostw\u00a0Europy<\/a> oraz Mistrzostw \u015awiata (<a href=\"https:\/\/zubix.com.pl\/isde\/\">&#8222;Sze\u015bciodni\u00f3wka&#8221;\u00a0Kielce-Miedziana\u00a0G\u00f3ra\u00a02004<\/a>).<\/div>\n<div id=\"naglowek2\">Gospodarka Materia\u0142owa<\/div>\n<div id=\"zawartosc2\"><a href=\"?ID=gm\">Gospodarka\u00a0materia\u0142owa<\/a>. Ewidencja i rozliczenie zu\u017cycia materia\u0142\u00f3w.<br \/>\nPrzedmioty nietrwa\u0142e w u\u017cytkowaniu. Ewidencja analityczna koszt\u00f3w<br \/>\nna budowach (wydzia\u0142ach).<\/div>\n<\/div>\n<\/td>\n<\/tr>\n<\/tbody>\n<\/table>\n","protected":false},"excerpt":{"rendered":"<p>Programy na zam\u00f3wienie Wytworzyli\u015bmy dziesi\u0105tki program\u00f3w na indywidualne zam\u00f3wienia &#8211; wg specyfikacji dostarczonej przez klient\u00f3w lub wsp\u00f3lnie ustalanej w oparciu o analiz\u0119 potrzeb. Na ich bazie mo\u017cemy wytworzy\u0107 (koszt znacznie ni\u017cszy ni\u017c tworzenie od podstaw) programy o podobnych funkcjach. E-Sprawozdanie Klient Niezale\u017cny program s\u0142u\u017c\u0105cy do podpisania i kompleksowej wysy\u0142ki sprawozdania finansowego wraz z za\u0142\u0105cznikami oraz [&hellip;]<\/p>\n","protected":false},"author":1,"featured_media":0,"parent":31,"menu_order":37,"comment_status":"closed","ping_status":"closed","template":"","meta":[],"yoast_head":"<!-- This site is optimized with the Yoast SEO plugin v21.0 - https:\/\/yoast.com\/wordpress\/plugins\/seo\/ -->\n<title>Programy na zam\u00f3wienie Kielce<\/title>\n<meta name=\"description\" content=\"Zubix programy na zam\u00f3wienie w naszej firmie wykonali\u015bmy ju\u017c wiele dedykowanych aplikacji wg specyfikacji dostarczonej przez klient\u00f3w lub wsp\u00f3lnie ustalanej w oparciu o analiz\u0119 potrzeb.\" \/>\n<meta name=\"robots\" content=\"index, follow, max-snippet:-1, max-image-preview:large, max-video-preview:-1\" \/>\n<link rel=\"canonical\" href=\"https:\/\/zubix.com.pl\/wordpress\/produkty\/programy-na-zamowienie\/\" \/>\n<meta property=\"og:locale\" content=\"pl_PL\" \/>\n<meta property=\"og:type\" content=\"article\" \/>\n<meta property=\"og:title\" content=\"Programy na zam\u00f3wienie Kielce\" \/>\n<meta property=\"og:description\" content=\"Zubix programy na zam\u00f3wienie w naszej firmie wykonali\u015bmy ju\u017c wiele dedykowanych aplikacji wg specyfikacji dostarczonej przez klient\u00f3w lub wsp\u00f3lnie ustalanej w oparciu o analiz\u0119 potrzeb.\" \/>\n<meta property=\"og:url\" content=\"https:\/\/zubix.com.pl\/wordpress\/produkty\/programy-na-zamowienie\/\" \/>\n<meta property=\"og:site_name\" content=\"PT-I ZUBIX\" \/>\n<meta property=\"article:modified_time\" content=\"2021-11-02T13:01:31+00:00\" \/>\n<meta property=\"og:image\" content=\"https:\/\/zubix.com.pl\/grafika\/programy.jpg\" \/>\n<meta name=\"twitter:card\" content=\"summary_large_image\" \/>\n<meta name=\"twitter:label1\" content=\"Szacowany czas czytania\" \/>\n\t<meta name=\"twitter:data1\" content=\"5 minut\" \/>\n<script type=\"application\/ld+json\" class=\"yoast-schema-graph\">{\"@context\":\"https:\/\/schema.org\",\"@graph\":[{\"@type\":\"WebPage\",\"@id\":\"https:\/\/zubix.com.pl\/wordpress\/produkty\/programy-na-zamowienie\/\",\"url\":\"https:\/\/zubix.com.pl\/wordpress\/produkty\/programy-na-zamowienie\/\",\"name\":\"Programy na zam\u00f3wienie Kielce\",\"isPartOf\":{\"@id\":\"https:\/\/zubix.com.pl\/wordpress\/#website\"},\"datePublished\":\"2019-01-01T11:00:08+00:00\",\"dateModified\":\"2021-11-02T13:01:31+00:00\",\"description\":\"Zubix programy na zam\u00f3wienie w naszej firmie wykonali\u015bmy ju\u017c wiele dedykowanych aplikacji wg specyfikacji dostarczonej przez klient\u00f3w lub wsp\u00f3lnie ustalanej w oparciu o analiz\u0119 potrzeb.\",\"breadcrumb\":{\"@id\":\"https:\/\/zubix.com.pl\/wordpress\/produkty\/programy-na-zamowienie\/#breadcrumb\"},\"inLanguage\":\"pl-PL\",\"potentialAction\":[{\"@type\":\"ReadAction\",\"target\":[\"https:\/\/zubix.com.pl\/wordpress\/produkty\/programy-na-zamowienie\/\"]}]},{\"@type\":\"BreadcrumbList\",\"@id\":\"https:\/\/zubix.com.pl\/wordpress\/produkty\/programy-na-zamowienie\/#breadcrumb\",\"itemListElement\":[{\"@type\":\"ListItem\",\"position\":1,\"name\":\"Strona g\u0142\u00f3wna\",\"item\":\"https:\/\/zubix.com.pl\/wordpress\/\"},{\"@type\":\"ListItem\",\"position\":2,\"name\":\"Produkty\",\"item\":\"https:\/\/zubix.com.pl\/wordpress\/produkty\/\"},{\"@type\":\"ListItem\",\"position\":3,\"name\":\"Programy na zam\u00f3wienie\"}]},{\"@type\":\"WebSite\",\"@id\":\"https:\/\/zubix.com.pl\/wordpress\/#website\",\"url\":\"https:\/\/zubix.com.pl\/wordpress\/\",\"name\":\"PT-I ZUBIX\",\"description\":\"Programy dla Twojej firmy\",\"publisher\":{\"@id\":\"https:\/\/zubix.com.pl\/wordpress\/#organization\"},\"potentialAction\":[{\"@type\":\"SearchAction\",\"target\":{\"@type\":\"EntryPoint\",\"urlTemplate\":\"https:\/\/zubix.com.pl\/wordpress\/?s={search_term_string}\"},\"query-input\":\"required name=search_term_string\"}],\"inLanguage\":\"pl-PL\"},{\"@type\":\"Organization\",\"@id\":\"https:\/\/zubix.com.pl\/wordpress\/#organization\",\"name\":\"PTI ZUBIX\",\"url\":\"https:\/\/zubix.com.pl\/wordpress\/\",\"logo\":{\"@type\":\"ImageObject\",\"inLanguage\":\"pl-PL\",\"@id\":\"https:\/\/zubix.com.pl\/wordpress\/#\/schema\/logo\/image\/\",\"url\":\"http:\/\/zubix.com.pl\/wordpress\/wp-content\/uploads\/2019\/06\/zubix_header.png\",\"contentUrl\":\"http:\/\/zubix.com.pl\/wordpress\/wp-content\/uploads\/2019\/06\/zubix_header.png\",\"width\":480,\"height\":157,\"caption\":\"PTI ZUBIX\"},\"image\":{\"@id\":\"https:\/\/zubix.com.pl\/wordpress\/#\/schema\/logo\/image\/\"}}]}<\/script>\n<!-- \/ Yoast SEO plugin. -->","yoast_head_json":{"title":"Programy na zam\u00f3wienie Kielce","description":"Zubix programy na zam\u00f3wienie w naszej firmie wykonali\u015bmy ju\u017c wiele dedykowanych aplikacji wg specyfikacji dostarczonej przez klient\u00f3w lub wsp\u00f3lnie ustalanej w oparciu o analiz\u0119 potrzeb.","robots":{"index":"index","follow":"follow","max-snippet":"max-snippet:-1","max-image-preview":"max-image-preview:large","max-video-preview":"max-video-preview:-1"},"canonical":"https:\/\/zubix.com.pl\/wordpress\/produkty\/programy-na-zamowienie\/","og_locale":"pl_PL","og_type":"article","og_title":"Programy na zam\u00f3wienie Kielce","og_description":"Zubix programy na zam\u00f3wienie w naszej firmie wykonali\u015bmy ju\u017c wiele dedykowanych aplikacji wg specyfikacji dostarczonej przez klient\u00f3w lub wsp\u00f3lnie ustalanej w oparciu o analiz\u0119 potrzeb.","og_url":"https:\/\/zubix.com.pl\/wordpress\/produkty\/programy-na-zamowienie\/","og_site_name":"PT-I ZUBIX","article_modified_time":"2021-11-02T13:01:31+00:00","og_image":[{"url":"https:\/\/zubix.com.pl\/grafika\/programy.jpg"}],"twitter_card":"summary_large_image","twitter_misc":{"Szacowany czas czytania":"5 minut"},"schema":{"@context":"https:\/\/schema.org","@graph":[{"@type":"WebPage","@id":"https:\/\/zubix.com.pl\/wordpress\/produkty\/programy-na-zamowienie\/","url":"https:\/\/zubix.com.pl\/wordpress\/produkty\/programy-na-zamowienie\/","name":"Programy na zam\u00f3wienie Kielce","isPartOf":{"@id":"https:\/\/zubix.com.pl\/wordpress\/#website"},"datePublished":"2019-01-01T11:00:08+00:00","dateModified":"2021-11-02T13:01:31+00:00","description":"Zubix programy na zam\u00f3wienie w naszej firmie wykonali\u015bmy ju\u017c wiele dedykowanych aplikacji wg specyfikacji dostarczonej przez klient\u00f3w lub wsp\u00f3lnie ustalanej w oparciu o analiz\u0119 potrzeb.","breadcrumb":{"@id":"https:\/\/zubix.com.pl\/wordpress\/produkty\/programy-na-zamowienie\/#breadcrumb"},"inLanguage":"pl-PL","potentialAction":[{"@type":"ReadAction","target":["https:\/\/zubix.com.pl\/wordpress\/produkty\/programy-na-zamowienie\/"]}]},{"@type":"BreadcrumbList","@id":"https:\/\/zubix.com.pl\/wordpress\/produkty\/programy-na-zamowienie\/#breadcrumb","itemListElement":[{"@type":"ListItem","position":1,"name":"Strona g\u0142\u00f3wna","item":"https:\/\/zubix.com.pl\/wordpress\/"},{"@type":"ListItem","position":2,"name":"Produkty","item":"https:\/\/zubix.com.pl\/wordpress\/produkty\/"},{"@type":"ListItem","position":3,"name":"Programy na zam\u00f3wienie"}]},{"@type":"WebSite","@id":"https:\/\/zubix.com.pl\/wordpress\/#website","url":"https:\/\/zubix.com.pl\/wordpress\/","name":"PT-I ZUBIX","description":"Programy dla Twojej firmy","publisher":{"@id":"https:\/\/zubix.com.pl\/wordpress\/#organization"},"potentialAction":[{"@type":"SearchAction","target":{"@type":"EntryPoint","urlTemplate":"https:\/\/zubix.com.pl\/wordpress\/?s={search_term_string}"},"query-input":"required name=search_term_string"}],"inLanguage":"pl-PL"},{"@type":"Organization","@id":"https:\/\/zubix.com.pl\/wordpress\/#organization","name":"PTI ZUBIX","url":"https:\/\/zubix.com.pl\/wordpress\/","logo":{"@type":"ImageObject","inLanguage":"pl-PL","@id":"https:\/\/zubix.com.pl\/wordpress\/#\/schema\/logo\/image\/","url":"http:\/\/zubix.com.pl\/wordpress\/wp-content\/uploads\/2019\/06\/zubix_header.png","contentUrl":"http:\/\/zubix.com.pl\/wordpress\/wp-content\/uploads\/2019\/06\/zubix_header.png","width":480,"height":157,"caption":"PTI ZUBIX"},"image":{"@id":"https:\/\/zubix.com.pl\/wordpress\/#\/schema\/logo\/image\/"}}]}},"_links":{"self":[{"href":"https:\/\/zubix.com.pl\/wordpress\/wp-json\/wp\/v2\/pages\/164"}],"collection":[{"href":"https:\/\/zubix.com.pl\/wordpress\/wp-json\/wp\/v2\/pages"}],"about":[{"href":"https:\/\/zubix.com.pl\/wordpress\/wp-json\/wp\/v2\/types\/page"}],"author":[{"embeddable":true,"href":"https:\/\/zubix.com.pl\/wordpress\/wp-json\/wp\/v2\/users\/1"}],"replies":[{"embeddable":true,"href":"https:\/\/zubix.com.pl\/wordpress\/wp-json\/wp\/v2\/comments?post=164"}],"version-history":[{"count":4,"href":"https:\/\/zubix.com.pl\/wordpress\/wp-json\/wp\/v2\/pages\/164\/revisions"}],"predecessor-version":[{"id":473,"href":"https:\/\/zubix.com.pl\/wordpress\/wp-json\/wp\/v2\/pages\/164\/revisions\/473"}],"up":[{"embeddable":true,"href":"https:\/\/zubix.com.pl\/wordpress\/wp-json\/wp\/v2\/pages\/31"}],"wp:attachment":[{"href":"https:\/\/zubix.com.pl\/wordpress\/wp-json\/wp\/v2\/media?parent=164"}],"curies":[{"name":"wp","href":"https:\/\/api.w.org\/{rel}","templated":true}]}}