{"id":162,"date":"2019-01-01T12:00:42","date_gmt":"2019-01-01T11:00:42","guid":{"rendered":"http:\/\/zubix.com.pl\/wordpress\/?page_id=162"},"modified":"2021-11-02T13:59:49","modified_gmt":"2021-11-02T12:59:49","slug":"ewa","status":"publish","type":"page","link":"https:\/\/zubix.com.pl\/wordpress\/produkty\/ewa\/","title":{"rendered":"Ewidencja Akcyzowa Energii i Gazu"},"content":{"rendered":"<table border=\"0\" width=\"100%\" cellspacing=\"0\" cellpadding=\"0\">\n<tr>\n<td width=\"100%\" bgcolor=\"#FEFDEF\">\n<div id=\"naglowek1\">Program Ewidencja Akcyzowa Energii i Gazu<\/div>\n<div id=\"zawartosc1\">\n<div style=\"float: left; width: 105px;\"><img decoding=\"async\" src=\"https:\/\/zubix.com.pl\/grafika\/akcyza.jpg\" \/><\/div>\n<p>        Program EwA wspomaga prowadzenie ewidencji energii elektrycznej i wyrob\u00f3w gazowych zgodnie z rozporz\u0105dzeniem Ministra Rozwoju i Finans\u00f3w z dnia 21 grudnia 2016 r. w sprawie ewidencji i innych dokumentacji dotycz\u0105cych wyrob\u00f3w akcyzowych i znak\u00f3w akcyzy.<\/p>\n<p>G\u0142\u00f3wne cechy programu:<\/p>\n<div id=\"naglowek2\">\n          1)    Dwie kartoteki:\n        <\/div>\n<div id=\"zawartosc2\">\n          &#8211;    ewidencja energii elektrycznej,<br \/>\n          &#8211;    ewidencja wyrob\u00f3w gazowych.\n        <\/div>\n<div id=\"naglowek2\">\n          2)    Jednolity spos\u00f3b prezentacji zawarto\u015bci kartotek na ekranie:\n        <\/div>\n<div id=\"zawartosc2\">\n          &#8211;    lista transakcji po lewej stronie,<br \/>\n          &#8211;    szczeg\u00f3\u0142y wybranej transakcji &#8211; po prawej.\n        <\/div>\n<div id=\"naglowek2\">\n          3)    Mo\u017cliwo\u015b\u0107 filtrowania wy\u015bwietlanych transakcji wg:\n        <\/div>\n<div id=\"zawartosc2\">\n          &#8211;    okresu (miesi\u0105c, rok, bez ogranicze\u0144),<br \/>\n          &#8211;    operatora, kt\u00f3ry wprowadzi\u0142 lub zmodyfikowa\u0142 transakcj\u0119.\n        <\/div>\n<div id=\"naglowek2\">\n          4)    Podstawowe operacje edycyjne:\n        <\/div>\n<div id=\"zawartosc2\">\n          &#8211;    dopisywanie, poprawianie i kasowanie transakcji &#8211; dost\u0119pne przed zatwierdzeniem ewidencji miesi\u0119cznej, oraz korekta &#8211; mo\u017cliwa po zatwierdzeniu.\n        <\/div>\n<div id=\"naglowek2\">\n          5)    Import transakcji z kartoteki faktur programu ZFKS oraz z plik\u00f3w tekstowych w formacie CSV.\n        <\/div>\n<p><\/p>\n<div id=\"naglowek2\">\n          6)    Operacja zatwierdzenia ewidencji miesi\u0119cznej:\n        <\/div>\n<div id=\"zawartosc2\">\n          Oznacza &#8222;zamro\u017cenie&#8221; ewidencji z mo\u017cliwo\u015bci\u0105 nanoszenia autoryzowanych korekt i z zachowaniem pe\u0142nej historii zmian.<br \/>\n          Mechanizm sum kontrolnych zapewnia wykrycie wszelkich zmian nieautoryzowanych.\n        <\/div>\n<div id=\"naglowek2\">\n          7)    Wydruk ewidencji za miesi\u0105c &#8211; w uk\u0142adzie zgodnym z wzorami dla dokumentacji prowadzonej na papierze oraz wydruki pomocnicze, z mo\u017cliwo\u015bci\u0105:\n        <\/div>\n<div id=\"zawartosc2\">\n          &#8211;    zapisu w formacie DOC (Word), XLS (Excel) oraz PDF (Adobe),<br \/>\n          &#8211;    dodatkowej prezentacji danych w formie tabeli, z opcj\u0105 zapisu w formacie CSV i XML.\n        <\/div>\n<div id=\"naglowek2\">\n          8)    Mo\u017cliwo\u015b\u0107 definiowania w\u0142asnych raport\u00f3w.\n        <\/div>\n<p><\/p>\n<div id=\"naglowek2\">\n          9)    Wyliczanie nale\u017cnego podatku akcyzowego.\n        <\/div>\n<p><\/p>\n<div id=\"naglowek2\">\n          10)    Definiowalna lista operator\u00f3w programu oraz system uprawnie\u0144 ograniczaj\u0105cych dost\u0119p do poszczeg\u00f3lnych kartotek i funkcji programu.\n        <\/div>\n<\/p><\/div>\n<\/td>\n<\/tr>\n<\/table>\n","protected":false},"excerpt":{"rendered":"<p>Program Ewidencja Akcyzowa Energii i Gazu Program EwA wspomaga prowadzenie ewidencji energii elektrycznej i wyrob\u00f3w gazowych zgodnie z rozporz\u0105dzeniem Ministra Rozwoju i Finans\u00f3w z dnia 21 grudnia 2016 r. w sprawie ewidencji i innych dokumentacji dotycz\u0105cych wyrob\u00f3w akcyzowych i znak\u00f3w akcyzy. G\u0142\u00f3wne cechy programu: 1) Dwie kartoteki: &#8211; ewidencja energii elektrycznej, &#8211; ewidencja wyrob\u00f3w gazowych. [&hellip;]<\/p>\n","protected":false},"author":1,"featured_media":0,"parent":31,"menu_order":36,"comment_status":"closed","ping_status":"closed","template":"","meta":[],"yoast_head":"<!-- This site is optimized with the Yoast SEO plugin v21.0 - https:\/\/yoast.com\/wordpress\/plugins\/seo\/ -->\n<title>Program Ewidencja Akcyzowa Energii i Gazu Kielce<\/title>\n<meta name=\"description\" content=\"Program Ewidencja Akcyzowa Energii i Gazu - wspomaga prowadzenie ewidencji energii elektrycznej i wyrob\u00f3w gazowych w firmie.\" \/>\n<meta name=\"robots\" content=\"index, follow, max-snippet:-1, max-image-preview:large, max-video-preview:-1\" \/>\n<link rel=\"canonical\" href=\"https:\/\/zubix.com.pl\/wordpress\/produkty\/ewa\/\" \/>\n<meta property=\"og:locale\" content=\"pl_PL\" \/>\n<meta property=\"og:type\" content=\"article\" \/>\n<meta property=\"og:title\" content=\"Program Ewidencja Akcyzowa Energii i Gazu Kielce\" \/>\n<meta property=\"og:description\" content=\"Program Ewidencja Akcyzowa Energii i Gazu - wspomaga prowadzenie ewidencji energii elektrycznej i wyrob\u00f3w gazowych w firmie.\" \/>\n<meta property=\"og:url\" content=\"https:\/\/zubix.com.pl\/wordpress\/produkty\/ewa\/\" \/>\n<meta property=\"og:site_name\" content=\"PT-I ZUBIX\" \/>\n<meta property=\"article:modified_time\" content=\"2021-11-02T12:59:49+00:00\" \/>\n<meta property=\"og:image\" content=\"https:\/\/zubix.com.pl\/grafika\/akcyza.jpg\" \/>\n<meta name=\"twitter:card\" content=\"summary_large_image\" \/>\n<meta name=\"twitter:label1\" content=\"Szacowany czas czytania\" \/>\n\t<meta name=\"twitter:data1\" content=\"1 minuta\" \/>\n<script type=\"application\/ld+json\" class=\"yoast-schema-graph\">{\"@context\":\"https:\/\/schema.org\",\"@graph\":[{\"@type\":\"WebPage\",\"@id\":\"https:\/\/zubix.com.pl\/wordpress\/produkty\/ewa\/\",\"url\":\"https:\/\/zubix.com.pl\/wordpress\/produkty\/ewa\/\",\"name\":\"Program Ewidencja Akcyzowa Energii i Gazu Kielce\",\"isPartOf\":{\"@id\":\"https:\/\/zubix.com.pl\/wordpress\/#website\"},\"datePublished\":\"2019-01-01T11:00:42+00:00\",\"dateModified\":\"2021-11-02T12:59:49+00:00\",\"description\":\"Program Ewidencja Akcyzowa Energii i Gazu - wspomaga prowadzenie ewidencji energii elektrycznej i wyrob\u00f3w gazowych w firmie.\",\"breadcrumb\":{\"@id\":\"https:\/\/zubix.com.pl\/wordpress\/produkty\/ewa\/#breadcrumb\"},\"inLanguage\":\"pl-PL\",\"potentialAction\":[{\"@type\":\"ReadAction\",\"target\":[\"https:\/\/zubix.com.pl\/wordpress\/produkty\/ewa\/\"]}]},{\"@type\":\"BreadcrumbList\",\"@id\":\"https:\/\/zubix.com.pl\/wordpress\/produkty\/ewa\/#breadcrumb\",\"itemListElement\":[{\"@type\":\"ListItem\",\"position\":1,\"name\":\"Strona g\u0142\u00f3wna\",\"item\":\"https:\/\/zubix.com.pl\/wordpress\/\"},{\"@type\":\"ListItem\",\"position\":2,\"name\":\"Produkty\",\"item\":\"https:\/\/zubix.com.pl\/wordpress\/produkty\/\"},{\"@type\":\"ListItem\",\"position\":3,\"name\":\"Ewidencja Akcyzowa Energii i Gazu\"}]},{\"@type\":\"WebSite\",\"@id\":\"https:\/\/zubix.com.pl\/wordpress\/#website\",\"url\":\"https:\/\/zubix.com.pl\/wordpress\/\",\"name\":\"PT-I ZUBIX\",\"description\":\"Programy dla Twojej firmy\",\"publisher\":{\"@id\":\"https:\/\/zubix.com.pl\/wordpress\/#organization\"},\"potentialAction\":[{\"@type\":\"SearchAction\",\"target\":{\"@type\":\"EntryPoint\",\"urlTemplate\":\"https:\/\/zubix.com.pl\/wordpress\/?s={search_term_string}\"},\"query-input\":\"required name=search_term_string\"}],\"inLanguage\":\"pl-PL\"},{\"@type\":\"Organization\",\"@id\":\"https:\/\/zubix.com.pl\/wordpress\/#organization\",\"name\":\"PTI ZUBIX\",\"url\":\"https:\/\/zubix.com.pl\/wordpress\/\",\"logo\":{\"@type\":\"ImageObject\",\"inLanguage\":\"pl-PL\",\"@id\":\"https:\/\/zubix.com.pl\/wordpress\/#\/schema\/logo\/image\/\",\"url\":\"http:\/\/zubix.com.pl\/wordpress\/wp-content\/uploads\/2019\/06\/zubix_header.png\",\"contentUrl\":\"http:\/\/zubix.com.pl\/wordpress\/wp-content\/uploads\/2019\/06\/zubix_header.png\",\"width\":480,\"height\":157,\"caption\":\"PTI ZUBIX\"},\"image\":{\"@id\":\"https:\/\/zubix.com.pl\/wordpress\/#\/schema\/logo\/image\/\"}}]}<\/script>\n<!-- \/ Yoast SEO plugin. -->","yoast_head_json":{"title":"Program Ewidencja Akcyzowa Energii i Gazu Kielce","description":"Program Ewidencja Akcyzowa Energii i Gazu - wspomaga prowadzenie ewidencji energii elektrycznej i wyrob\u00f3w gazowych w firmie.","robots":{"index":"index","follow":"follow","max-snippet":"max-snippet:-1","max-image-preview":"max-image-preview:large","max-video-preview":"max-video-preview:-1"},"canonical":"https:\/\/zubix.com.pl\/wordpress\/produkty\/ewa\/","og_locale":"pl_PL","og_type":"article","og_title":"Program Ewidencja Akcyzowa Energii i Gazu Kielce","og_description":"Program Ewidencja Akcyzowa Energii i Gazu - wspomaga prowadzenie ewidencji energii elektrycznej i wyrob\u00f3w gazowych w firmie.","og_url":"https:\/\/zubix.com.pl\/wordpress\/produkty\/ewa\/","og_site_name":"PT-I ZUBIX","article_modified_time":"2021-11-02T12:59:49+00:00","og_image":[{"url":"https:\/\/zubix.com.pl\/grafika\/akcyza.jpg"}],"twitter_card":"summary_large_image","twitter_misc":{"Szacowany czas czytania":"1 minuta"},"schema":{"@context":"https:\/\/schema.org","@graph":[{"@type":"WebPage","@id":"https:\/\/zubix.com.pl\/wordpress\/produkty\/ewa\/","url":"https:\/\/zubix.com.pl\/wordpress\/produkty\/ewa\/","name":"Program Ewidencja Akcyzowa Energii i Gazu Kielce","isPartOf":{"@id":"https:\/\/zubix.com.pl\/wordpress\/#website"},"datePublished":"2019-01-01T11:00:42+00:00","dateModified":"2021-11-02T12:59:49+00:00","description":"Program Ewidencja Akcyzowa Energii i Gazu - wspomaga prowadzenie ewidencji energii elektrycznej i wyrob\u00f3w gazowych w firmie.","breadcrumb":{"@id":"https:\/\/zubix.com.pl\/wordpress\/produkty\/ewa\/#breadcrumb"},"inLanguage":"pl-PL","potentialAction":[{"@type":"ReadAction","target":["https:\/\/zubix.com.pl\/wordpress\/produkty\/ewa\/"]}]},{"@type":"BreadcrumbList","@id":"https:\/\/zubix.com.pl\/wordpress\/produkty\/ewa\/#breadcrumb","itemListElement":[{"@type":"ListItem","position":1,"name":"Strona g\u0142\u00f3wna","item":"https:\/\/zubix.com.pl\/wordpress\/"},{"@type":"ListItem","position":2,"name":"Produkty","item":"https:\/\/zubix.com.pl\/wordpress\/produkty\/"},{"@type":"ListItem","position":3,"name":"Ewidencja Akcyzowa Energii i Gazu"}]},{"@type":"WebSite","@id":"https:\/\/zubix.com.pl\/wordpress\/#website","url":"https:\/\/zubix.com.pl\/wordpress\/","name":"PT-I ZUBIX","description":"Programy dla Twojej firmy","publisher":{"@id":"https:\/\/zubix.com.pl\/wordpress\/#organization"},"potentialAction":[{"@type":"SearchAction","target":{"@type":"EntryPoint","urlTemplate":"https:\/\/zubix.com.pl\/wordpress\/?s={search_term_string}"},"query-input":"required name=search_term_string"}],"inLanguage":"pl-PL"},{"@type":"Organization","@id":"https:\/\/zubix.com.pl\/wordpress\/#organization","name":"PTI ZUBIX","url":"https:\/\/zubix.com.pl\/wordpress\/","logo":{"@type":"ImageObject","inLanguage":"pl-PL","@id":"https:\/\/zubix.com.pl\/wordpress\/#\/schema\/logo\/image\/","url":"http:\/\/zubix.com.pl\/wordpress\/wp-content\/uploads\/2019\/06\/zubix_header.png","contentUrl":"http:\/\/zubix.com.pl\/wordpress\/wp-content\/uploads\/2019\/06\/zubix_header.png","width":480,"height":157,"caption":"PTI ZUBIX"},"image":{"@id":"https:\/\/zubix.com.pl\/wordpress\/#\/schema\/logo\/image\/"}}]}},"_links":{"self":[{"href":"https:\/\/zubix.com.pl\/wordpress\/wp-json\/wp\/v2\/pages\/162"}],"collection":[{"href":"https:\/\/zubix.com.pl\/wordpress\/wp-json\/wp\/v2\/pages"}],"about":[{"href":"https:\/\/zubix.com.pl\/wordpress\/wp-json\/wp\/v2\/types\/page"}],"author":[{"embeddable":true,"href":"https:\/\/zubix.com.pl\/wordpress\/wp-json\/wp\/v2\/users\/1"}],"replies":[{"embeddable":true,"href":"https:\/\/zubix.com.pl\/wordpress\/wp-json\/wp\/v2\/comments?post=162"}],"version-history":[{"count":5,"href":"https:\/\/zubix.com.pl\/wordpress\/wp-json\/wp\/v2\/pages\/162\/revisions"}],"predecessor-version":[{"id":471,"href":"https:\/\/zubix.com.pl\/wordpress\/wp-json\/wp\/v2\/pages\/162\/revisions\/471"}],"up":[{"embeddable":true,"href":"https:\/\/zubix.com.pl\/wordpress\/wp-json\/wp\/v2\/pages\/31"}],"wp:attachment":[{"href":"https:\/\/zubix.com.pl\/wordpress\/wp-json\/wp\/v2\/media?parent=162"}],"curies":[{"name":"wp","href":"https:\/\/api.w.org\/{rel}","templated":true}]}}