{"id":160,"date":"2019-01-01T12:00:32","date_gmt":"2019-01-01T11:00:32","guid":{"rendered":"http:\/\/zubix.com.pl\/wordpress\/?page_id=160"},"modified":"2021-11-02T13:59:21","modified_gmt":"2021-11-02T12:59:21","slug":"est","status":"publish","type":"page","link":"https:\/\/zubix.com.pl\/wordpress\/produkty\/est\/","title":{"rendered":"Ewidencja \u015arodk\u00f3w Trwa\u0142ych"},"content":{"rendered":"<table border=\"0\" width=\"100%\" cellspacing=\"0\" cellpadding=\"0\">\n<tr>\n<td width=\"100%\" bgcolor=\"#FEFDEF\">\n<div id=\"naglowek1\">Ewidencja \u015arodk\u00f3w Trwa\u0142ych<\/div>\n<div id=\"zawartosc1\">\n<div style=\"float: left; width: 105px;\"><img decoding=\"async\" src=\"https:\/\/zubix.com.pl\/grafika\/strwale.jpg\" \/><\/div>\n<p>        Program EST umo\u017cliwia ewidencjonowanie maj\u0105tku firmy &#8211; \u015brodk\u00f3w trwa\u0142ych,<br \/>\n        warto\u015bci niematerialnych i prawnych oraz wyposa\u017cenia, zgodnie z obowi\u0105zuj\u0105c\u0105 ustaw\u0105 o rachunkowo\u015bci.<br \/>\n        Dwutorowe naliczanie amortyzacji &#8211; oddzielnie dla potrzeb podatkowych (ewidencja kosztowa &#8211; zgodna z ustaw\u0105 o podatku dochodowym),<br \/>\n        oraz dla potrzeb bilansowych.<\/p>\n<p>G\u0142\u00f3wne cechy programu:<\/p>\n<div id=\"naglowek2\">\n          1)    Cztery kartoteki:\n        <\/div>\n<div id=\"zawartosc2\">\n          &#8211;    \u015brodk\u00f3w trwa\u0142ych w u\u017cytkowaniu,<br \/>\n          &#8211;    \u015brodk\u00f3w trwa\u0142ych w budowie,<br \/>\n          &#8211;    warto\u015bci niematerialnych i prawnych,<br \/>\n          &#8211;    wyposa\u017cenia.\n        <\/div>\n<div id=\"naglowek2\">\n          2)    Podw\u00f3jna ewidencja:\n        <\/div>\n<div id=\"zawartosc2\">\n          &#8211;    bilansowa,<br \/>\n          &#8211;    podatkowa.\n        <\/div>\n<div id=\"naglowek2\">\n          3)    Trzy metody amortyzacji:\n        <\/div>\n<div id=\"zawartosc2\">\n          &#8211;    jednorazowa,<br \/>\n          &#8211;    liniowa,<br \/>\n          &#8211;    degresywna.\n        <\/div>\n<div id=\"naglowek2\">\n          4)    Trzy harmonogramy odpis\u00f3w:\n        <\/div>\n<div id=\"zawartosc2\">\n          &#8211;    co miesi\u0105c,<br \/>\n          &#8211;    co kwarta\u0142 (w pierwszym, drugim lub trzecim miesi\u0105cu kwarta\u0142u),<br \/>\n          &#8211;    raz w roku (w ostatnim miesi\u0105cu roku).\n        <\/div>\n<div id=\"naglowek2\">\n          5)    Standardowe atrybuty sk\u0142adnik\u00f3w &#8211; sta\u0142e:\n        <\/div>\n<div id=\"zawartosc2\">\n          &#8211;    nr inwentarzowy (sygnatura),<br \/>\n          &#8211;    symbol K\u015aT,<br \/>\n          &#8211;    rodzaj,<br \/>\n          &#8211;    nazwa d\u0142uga (pe\u0142na),<br \/>\n          &#8211;    nazwa kr\u00f3tka (do zestawie\u0144),<br \/>\n          &#8211;    flagi statusu (&#8222;obcy&#8221;, &#8222;wytworzony&#8221;, &#8222;u\u017cywany&#8221;, &#8222;ulepszony&#8221;, &#8222;importowany&#8221;, &#8222;dotowany&#8221; i &#8222;leasingowany&#8221;),<br \/>\n          &#8211;    data produkcji,<br \/>\n          &#8211;    producent,<br \/>\n          &#8211;    model,<br \/>\n          &#8211;    nr seryjny,<br \/>\n          &#8211;    dane techniczne,<br \/>\n          &#8211;    opis,<br \/>\n          &#8211;    data przyj\u0119cia,<br \/>\n          &#8211;    data likwidacji,<br \/>\n          &#8211;    warto\u015b\u0107 pocz\u0105tkowa przyj\u0119cia,<br \/>\n          &#8211;    metoda amortyzacji,<br \/>\n          &#8211;    stawka % amortyzacji,<br \/>\n          &#8211;    period odpis\u00f3w,<br \/>\n          &#8211;    miesi\u0105c odpis\u00f3w,<br \/>\n          &#8211;    pocz\u0105tek i koniec sezonu (u\u017cywane przy amortyzacji sezonowej).\n        <\/div>\n<div id=\"naglowek2\">\n          6)    Standardowe atrybuty sk\u0142adnik\u00f3w &#8211; zmienne w czasie:\n        <\/div>\n<div id=\"zawartosc2\">\n          &#8211;    lokalizacja,<br \/>\n          &#8211;    kom\u00f3rka organizacyjna,<br \/>\n          &#8211;    osoba materialnie odpowiedzialna,<br \/>\n          &#8211;    warto\u015b\u0107 pocz\u0105tkowa (&#8222;brutto&#8221;),<br \/>\n          &#8211;    warto\u015b\u0107 ksi\u0119gowa (&#8222;netto&#8221;),<br \/>\n          &#8211;    umorzenie &#8211; miesi\u0119czne, roczne i narastaj\u0105co,<br \/>\n          &#8211;    mno\u017cnik stawki amortyzacji,<br \/>\n          &#8211;    przyczyna podwy\u017cszenia stawki,<br \/>\n          &#8211;    przypisane konta ksi\u0119gowe,<br \/>\n          &#8211;    przypisane miejsca powstawania koszt\u00f3w.\n        <\/div>\n<div id=\"naglowek2\">\n          7)    Mo\u017cliwo\u015b\u0107 zdefiniowania dowolnej liczby niestandardowych atrybut\u00f3w typu:\n        <\/div>\n<div id=\"zawartosc2\">\n          &#8211;    tekstowego,<br \/>\n          &#8211;    liczbowego,<br \/>\n          &#8211;    kalendarzowego (data),<br \/>\n          &#8211;    logicznego (tak\/nie),<br \/>\n          &#8211;    s\u0142ownikowego (o warto\u015bciach b\u0119d\u0105cych elementami wyliczenia).\n        <\/div>\n<div id=\"naglowek2\">\n          8)    Jednolity spos\u00f3b prezentacji zawarto\u015bci kartotek na ekranie:\n        <\/div>\n<div id=\"zawartosc2\">\n          &#8211;    lista sk\u0142adnik\u00f3w po lewej stronie,<br \/>\n          &#8211;    specyfikacja wybranego sk\u0142adnika &#8211; po prawej.\n        <\/div>\n<div id=\"naglowek2\">\n          9)    Mo\u017cliwo\u015b\u0107 filtrowania wy\u015bwietlanych sk\u0142adnik\u00f3w wg warto\u015bci atrybut\u00f3w.\n        <\/div>\n<p><\/p>\n<div id=\"naglowek2\">\n          10)    Szeroki wachlarz predefiniowanych raport\u00f3w &#8211; szczeg\u00f3\u0142owych i zbiorczych &#8211; przeznaczonych do wydruku, z mo\u017cliwo\u015bci\u0105:\n        <\/div>\n<div id=\"zawartosc2\">\n          &#8211;    filtrowania i grupowania sk\u0142adnik\u00f3w (dotyczy raport\u00f3w szczeg\u00f3\u0142owych),<br \/>\n          &#8211;    zapisu w formacie DOC (Word), XLS (Excel) oraz PDF (Adobe),<br \/>\n          &#8211;    dodatkowej prezentacji danych w formie tabeli, z opcj\u0105 zapisu w formacie CSV i XML.\n        <\/div>\n<div id=\"naglowek2\">\n          11)    Mo\u017cliwo\u015b\u0107 definiowania w\u0142asnych raport\u00f3w.\n        <\/div>\n<p><\/p>\n<div id=\"naglowek2\">\n          12)    Typy transakcji (dokumentuj\u0105cych zmiany stan\u00f3w sk\u0142adnik\u00f3w):\n        <\/div>\n<div id=\"zawartosc2\">\n          &#8211;    przyj\u0119cie do u\u017cytkowania,<br \/>\n          &#8211;    zmiana lokalizacji\/kom\u00f3rki\/osoby,<br \/>\n          &#8211;    zmiana warto\u015bci (w przypadku wyposa\u017cenia &#8211; zmiana ilo\u015bci i\/lub warto\u015bci),<br \/>\n          &#8211;    zmiana parametr\u00f3w amortyzacji,<br \/>\n          &#8211;    odpis aktualizuj\u0105cy,<br \/>\n          &#8211;    odpis umorzeniowy,<br \/>\n          &#8211;    likwidacja.<br \/>\n          Mo\u017cna zmieni\u0107 oznaczenia oraz dopisa\u0107 dodatkowe rodzaje transakcji, kt\u00f3re musz\u0105 by\u0107 jednego z predefiniowanych typ\u00f3w.\n        <\/div>\n<div id=\"naglowek2\">\n          13)    Typy dokument\u00f3w (dokumentuj\u0105cych nak\u0142ady finansowe i zysk ze sprzeda\u017cy sk\u0142adnik\u00f3w):\n        <\/div>\n<div id=\"zawartosc2\">\n          &#8211;    zakup\/przych\u00f3d,<br \/>\n          &#8211;    sprzeda\u017c\/rozch\u00f3d.<br \/>\n          Mo\u017cna zmieni\u0107 oznaczenia i dopisa\u0107 dodatkowe rodzaje dokument\u00f3w, kt\u00f3re musz\u0105 by\u0107 jednego z predefiniowanych typ\u00f3w.\n        <\/div>\n<div id=\"naglowek2\">\n          14)    Automatyzacja czynno\u015bci zwi\u0105zanych z naliczaniem amortyzacji zgodnie z ustalonym dla ka\u017cdego sk\u0142adnika harmonogramem.\n        <\/div>\n<p><\/p>\n<div id=\"naglowek2\">\n          15)    Plany amortyzacji:\n        <\/div>\n<div id=\"zawartosc2\">\n          &#8211;    dla poszczeg\u00f3lnych sk\u0142adnik\u00f3w &#8211; na ca\u0142y okres amortyzacji,<br \/>\n          &#8211;    zbiorcze &#8211; na wybrany rok obrachunkowy.\n        <\/div>\n<div id=\"naglowek2\">\n          16)    Definiowalna struktura dokumentu ksi\u0119gowego oraz regu\u0142y dekretowania transakcji i dokument\u00f3w, w oparciu o kt\u00f3re program wytwarza plik w formacie CSV lub DBF dla programu finansowo-ksi\u0119gowego.\n        <\/div>\n<p><\/p>\n<div id=\"naglowek2\">\n          17)    Dokumentowanie i rozliczanie spis\u00f3w z natury, kt\u00f3re mog\u0105 dotyczy\u0107 ca\u0142ej kartoteki, albo jej cz\u0119\u015bci ograniczonej do lokalizacji, kom\u00f3rki organizacyjnej lub osoby.\n        <\/div>\n<p><\/p>\n<div id=\"naglowek2\">\n          18)    Definiowalna lista operator\u00f3w programu oraz system uprawnie\u0144 ograniczaj\u0105cych dost\u0119p do poszczeg\u00f3lnych kartotek i mo\u017cliwo\u015b\u0107 modyfikacji danych.\n        <\/div>\n<\/p><\/div>\n<\/td>\n<\/tr>\n<\/table>\n","protected":false},"excerpt":{"rendered":"<p>Ewidencja \u015arodk\u00f3w Trwa\u0142ych Program EST umo\u017cliwia ewidencjonowanie maj\u0105tku firmy &#8211; \u015brodk\u00f3w trwa\u0142ych, warto\u015bci niematerialnych i prawnych oraz wyposa\u017cenia, zgodnie z obowi\u0105zuj\u0105c\u0105 ustaw\u0105 o rachunkowo\u015bci. Dwutorowe naliczanie amortyzacji &#8211; oddzielnie dla potrzeb podatkowych (ewidencja kosztowa &#8211; zgodna z ustaw\u0105 o podatku dochodowym), oraz dla potrzeb bilansowych. G\u0142\u00f3wne cechy programu: 1) Cztery kartoteki: &#8211; \u015brodk\u00f3w trwa\u0142ych w [&hellip;]<\/p>\n","protected":false},"author":1,"featured_media":0,"parent":31,"menu_order":35,"comment_status":"closed","ping_status":"closed","template":"","meta":[],"yoast_head":"<!-- This site is optimized with the Yoast SEO plugin v21.0 - https:\/\/yoast.com\/wordpress\/plugins\/seo\/ -->\n<title>Ewidencja \u015arodk\u00f3w Trwa\u0142ych PTI - ZUBIX Kielce<\/title>\n<meta name=\"description\" content=\"System do Ewidencja \u015arodk\u00f3w Trwa\u0142ych umo\u017cliwia ewidencjonowanie maj\u0105tku firmy - \u015brodk\u00f3w trwa\u0142ych,warto\u015bci niematerialnych i prawnych oraz wyposa\u017cenia.\" \/>\n<meta name=\"robots\" content=\"index, follow, max-snippet:-1, max-image-preview:large, max-video-preview:-1\" \/>\n<link rel=\"canonical\" href=\"https:\/\/zubix.com.pl\/wordpress\/produkty\/est\/\" \/>\n<meta property=\"og:locale\" content=\"pl_PL\" \/>\n<meta property=\"og:type\" content=\"article\" \/>\n<meta property=\"og:title\" content=\"Ewidencja \u015arodk\u00f3w Trwa\u0142ych PTI - ZUBIX Kielce\" \/>\n<meta property=\"og:description\" content=\"System do Ewidencja \u015arodk\u00f3w Trwa\u0142ych umo\u017cliwia ewidencjonowanie maj\u0105tku firmy - \u015brodk\u00f3w trwa\u0142ych,warto\u015bci niematerialnych i prawnych oraz wyposa\u017cenia.\" \/>\n<meta property=\"og:url\" content=\"https:\/\/zubix.com.pl\/wordpress\/produkty\/est\/\" \/>\n<meta property=\"og:site_name\" content=\"PT-I ZUBIX\" \/>\n<meta property=\"article:modified_time\" content=\"2021-11-02T12:59:21+00:00\" \/>\n<meta property=\"og:image\" content=\"https:\/\/zubix.com.pl\/grafika\/strwale.jpg\" \/>\n<meta name=\"twitter:card\" content=\"summary_large_image\" \/>\n<meta name=\"twitter:label1\" content=\"Szacowany czas czytania\" \/>\n\t<meta name=\"twitter:data1\" content=\"3 minuty\" \/>\n<script type=\"application\/ld+json\" class=\"yoast-schema-graph\">{\"@context\":\"https:\/\/schema.org\",\"@graph\":[{\"@type\":\"WebPage\",\"@id\":\"https:\/\/zubix.com.pl\/wordpress\/produkty\/est\/\",\"url\":\"https:\/\/zubix.com.pl\/wordpress\/produkty\/est\/\",\"name\":\"Ewidencja \u015arodk\u00f3w Trwa\u0142ych PTI - ZUBIX Kielce\",\"isPartOf\":{\"@id\":\"https:\/\/zubix.com.pl\/wordpress\/#website\"},\"datePublished\":\"2019-01-01T11:00:32+00:00\",\"dateModified\":\"2021-11-02T12:59:21+00:00\",\"description\":\"System do Ewidencja \u015arodk\u00f3w Trwa\u0142ych umo\u017cliwia ewidencjonowanie maj\u0105tku firmy - \u015brodk\u00f3w trwa\u0142ych,warto\u015bci niematerialnych i prawnych oraz wyposa\u017cenia.\",\"breadcrumb\":{\"@id\":\"https:\/\/zubix.com.pl\/wordpress\/produkty\/est\/#breadcrumb\"},\"inLanguage\":\"pl-PL\",\"potentialAction\":[{\"@type\":\"ReadAction\",\"target\":[\"https:\/\/zubix.com.pl\/wordpress\/produkty\/est\/\"]}]},{\"@type\":\"BreadcrumbList\",\"@id\":\"https:\/\/zubix.com.pl\/wordpress\/produkty\/est\/#breadcrumb\",\"itemListElement\":[{\"@type\":\"ListItem\",\"position\":1,\"name\":\"Strona g\u0142\u00f3wna\",\"item\":\"https:\/\/zubix.com.pl\/wordpress\/\"},{\"@type\":\"ListItem\",\"position\":2,\"name\":\"Produkty\",\"item\":\"https:\/\/zubix.com.pl\/wordpress\/produkty\/\"},{\"@type\":\"ListItem\",\"position\":3,\"name\":\"Ewidencja \u015arodk\u00f3w Trwa\u0142ych\"}]},{\"@type\":\"WebSite\",\"@id\":\"https:\/\/zubix.com.pl\/wordpress\/#website\",\"url\":\"https:\/\/zubix.com.pl\/wordpress\/\",\"name\":\"PT-I ZUBIX\",\"description\":\"Programy dla Twojej firmy\",\"publisher\":{\"@id\":\"https:\/\/zubix.com.pl\/wordpress\/#organization\"},\"potentialAction\":[{\"@type\":\"SearchAction\",\"target\":{\"@type\":\"EntryPoint\",\"urlTemplate\":\"https:\/\/zubix.com.pl\/wordpress\/?s={search_term_string}\"},\"query-input\":\"required name=search_term_string\"}],\"inLanguage\":\"pl-PL\"},{\"@type\":\"Organization\",\"@id\":\"https:\/\/zubix.com.pl\/wordpress\/#organization\",\"name\":\"PTI ZUBIX\",\"url\":\"https:\/\/zubix.com.pl\/wordpress\/\",\"logo\":{\"@type\":\"ImageObject\",\"inLanguage\":\"pl-PL\",\"@id\":\"https:\/\/zubix.com.pl\/wordpress\/#\/schema\/logo\/image\/\",\"url\":\"http:\/\/zubix.com.pl\/wordpress\/wp-content\/uploads\/2019\/06\/zubix_header.png\",\"contentUrl\":\"http:\/\/zubix.com.pl\/wordpress\/wp-content\/uploads\/2019\/06\/zubix_header.png\",\"width\":480,\"height\":157,\"caption\":\"PTI ZUBIX\"},\"image\":{\"@id\":\"https:\/\/zubix.com.pl\/wordpress\/#\/schema\/logo\/image\/\"}}]}<\/script>\n<!-- \/ Yoast SEO plugin. -->","yoast_head_json":{"title":"Ewidencja \u015arodk\u00f3w Trwa\u0142ych PTI - ZUBIX Kielce","description":"System do Ewidencja \u015arodk\u00f3w Trwa\u0142ych umo\u017cliwia ewidencjonowanie maj\u0105tku firmy - \u015brodk\u00f3w trwa\u0142ych,warto\u015bci niematerialnych i prawnych oraz wyposa\u017cenia.","robots":{"index":"index","follow":"follow","max-snippet":"max-snippet:-1","max-image-preview":"max-image-preview:large","max-video-preview":"max-video-preview:-1"},"canonical":"https:\/\/zubix.com.pl\/wordpress\/produkty\/est\/","og_locale":"pl_PL","og_type":"article","og_title":"Ewidencja \u015arodk\u00f3w Trwa\u0142ych PTI - ZUBIX Kielce","og_description":"System do Ewidencja \u015arodk\u00f3w Trwa\u0142ych umo\u017cliwia ewidencjonowanie maj\u0105tku firmy - \u015brodk\u00f3w trwa\u0142ych,warto\u015bci niematerialnych i prawnych oraz wyposa\u017cenia.","og_url":"https:\/\/zubix.com.pl\/wordpress\/produkty\/est\/","og_site_name":"PT-I ZUBIX","article_modified_time":"2021-11-02T12:59:21+00:00","og_image":[{"url":"https:\/\/zubix.com.pl\/grafika\/strwale.jpg"}],"twitter_card":"summary_large_image","twitter_misc":{"Szacowany czas czytania":"3 minuty"},"schema":{"@context":"https:\/\/schema.org","@graph":[{"@type":"WebPage","@id":"https:\/\/zubix.com.pl\/wordpress\/produkty\/est\/","url":"https:\/\/zubix.com.pl\/wordpress\/produkty\/est\/","name":"Ewidencja \u015arodk\u00f3w Trwa\u0142ych PTI - ZUBIX Kielce","isPartOf":{"@id":"https:\/\/zubix.com.pl\/wordpress\/#website"},"datePublished":"2019-01-01T11:00:32+00:00","dateModified":"2021-11-02T12:59:21+00:00","description":"System do Ewidencja \u015arodk\u00f3w Trwa\u0142ych umo\u017cliwia ewidencjonowanie maj\u0105tku firmy - \u015brodk\u00f3w trwa\u0142ych,warto\u015bci niematerialnych i prawnych oraz wyposa\u017cenia.","breadcrumb":{"@id":"https:\/\/zubix.com.pl\/wordpress\/produkty\/est\/#breadcrumb"},"inLanguage":"pl-PL","potentialAction":[{"@type":"ReadAction","target":["https:\/\/zubix.com.pl\/wordpress\/produkty\/est\/"]}]},{"@type":"BreadcrumbList","@id":"https:\/\/zubix.com.pl\/wordpress\/produkty\/est\/#breadcrumb","itemListElement":[{"@type":"ListItem","position":1,"name":"Strona g\u0142\u00f3wna","item":"https:\/\/zubix.com.pl\/wordpress\/"},{"@type":"ListItem","position":2,"name":"Produkty","item":"https:\/\/zubix.com.pl\/wordpress\/produkty\/"},{"@type":"ListItem","position":3,"name":"Ewidencja \u015arodk\u00f3w Trwa\u0142ych"}]},{"@type":"WebSite","@id":"https:\/\/zubix.com.pl\/wordpress\/#website","url":"https:\/\/zubix.com.pl\/wordpress\/","name":"PT-I ZUBIX","description":"Programy dla Twojej firmy","publisher":{"@id":"https:\/\/zubix.com.pl\/wordpress\/#organization"},"potentialAction":[{"@type":"SearchAction","target":{"@type":"EntryPoint","urlTemplate":"https:\/\/zubix.com.pl\/wordpress\/?s={search_term_string}"},"query-input":"required name=search_term_string"}],"inLanguage":"pl-PL"},{"@type":"Organization","@id":"https:\/\/zubix.com.pl\/wordpress\/#organization","name":"PTI ZUBIX","url":"https:\/\/zubix.com.pl\/wordpress\/","logo":{"@type":"ImageObject","inLanguage":"pl-PL","@id":"https:\/\/zubix.com.pl\/wordpress\/#\/schema\/logo\/image\/","url":"http:\/\/zubix.com.pl\/wordpress\/wp-content\/uploads\/2019\/06\/zubix_header.png","contentUrl":"http:\/\/zubix.com.pl\/wordpress\/wp-content\/uploads\/2019\/06\/zubix_header.png","width":480,"height":157,"caption":"PTI ZUBIX"},"image":{"@id":"https:\/\/zubix.com.pl\/wordpress\/#\/schema\/logo\/image\/"}}]}},"_links":{"self":[{"href":"https:\/\/zubix.com.pl\/wordpress\/wp-json\/wp\/v2\/pages\/160"}],"collection":[{"href":"https:\/\/zubix.com.pl\/wordpress\/wp-json\/wp\/v2\/pages"}],"about":[{"href":"https:\/\/zubix.com.pl\/wordpress\/wp-json\/wp\/v2\/types\/page"}],"author":[{"embeddable":true,"href":"https:\/\/zubix.com.pl\/wordpress\/wp-json\/wp\/v2\/users\/1"}],"replies":[{"embeddable":true,"href":"https:\/\/zubix.com.pl\/wordpress\/wp-json\/wp\/v2\/comments?post=160"}],"version-history":[{"count":4,"href":"https:\/\/zubix.com.pl\/wordpress\/wp-json\/wp\/v2\/pages\/160\/revisions"}],"predecessor-version":[{"id":470,"href":"https:\/\/zubix.com.pl\/wordpress\/wp-json\/wp\/v2\/pages\/160\/revisions\/470"}],"up":[{"embeddable":true,"href":"https:\/\/zubix.com.pl\/wordpress\/wp-json\/wp\/v2\/pages\/31"}],"wp:attachment":[{"href":"https:\/\/zubix.com.pl\/wordpress\/wp-json\/wp\/v2\/media?parent=160"}],"curies":[{"name":"wp","href":"https:\/\/api.w.org\/{rel}","templated":true}]}}