{"id":158,"date":"2019-01-01T12:00:20","date_gmt":"2019-01-01T11:00:20","guid":{"rendered":"http:\/\/zubix.com.pl\/wordpress\/?page_id=158"},"modified":"2026-02-02T10:43:59","modified_gmt":"2026-02-02T09:43:59","slug":"gm","status":"publish","type":"page","link":"https:\/\/zubix.com.pl\/wordpress\/produkty\/gm\/","title":{"rendered":"Gospodarka Magazynowa"},"content":{"rendered":"<table border=\"0\" width=\"100%\" cellspacing=\"0\" cellpadding=\"0\">\n<tbody>\n<tr>\n<td bgcolor=\"#FEFDEF\" width=\"100%\">\n<div id=\"naglowek1\">System HANDEL<\/div>\n<div id=\"zawartosc1\">\n<div style=\"float: left; width: 105px;\"><img decoding=\"async\" src=\"https:\/\/zubix.com.pl\/grafika\/magazyn.jpg\" \/><\/div>\n<p>System &#8222;HANDEL-SQL&#8221; przeznaczony jest do obs\u0142ugi zakresie prowadzenia gospodarki magazynowej, wystawiania faktur itp.<\/p>\n<div id=\"naglowek2\">WERSJA PODSTAWOWA<\/div>\n<div id=\"zawartosc2\"><b><br \/>\nEdycja dokument\u00f3w magazynowych<br \/>\n<\/b> &#8211; umo\u017cliwia wprowadzanie, poprawianie, kasowanie dokument\u00f3w magazynowych (tj. Przyj\u0119\u0107, rozchod\u00f3w, przesuni\u0119\u0107 magazynowych), oraz wydruk tych dokument\u00f3w.<\/p>\n<p><b><br \/>\nKartoteka magazynowa<br \/>\n<\/b> &#8211; umo\u017cliwia przegl\u0105d stanu magazynu (magazyn\u00f3w) og\u00f3\u0142em, magazynami.<\/p>\n<p><b><br \/>\nS\u0142owniki<br \/>\n<\/b>&#8211; pozwalaj\u0105 na zak\u0142adanie typ\u00f3w dokument\u00f3w magazynowych w zale\u017cno\u015bci od indywidualnych potrzeb, wprowadzanie asortyment\u00f3w, kontrahent\u00f3w (dostawc\u00f3w, odbiorc\u00f3w) magazyn\u00f3w i jednostek miar. Dane wprowadzane do s\u0142ownika wykorzystywane s\u0105 w innych modu\u0142ach jako podpowied\u017a.<strong><br \/>\nWydruki<br \/>\n<\/strong>&#8211;\u00a0Wydruki podzielono\u00a0na grupy, kt\u00f3rych kolumny oraz ich uk\u0142ad daj\u0105 si\u0119 dowolnie konfigurowa\u0107:<br \/>\n&#8211; kartoteka magazynowa,<br \/>\n&#8211; dokumenty magazynowe<br \/>\n&#8211; dokumenty inwentaryzacyjne<br \/>\n&#8211; zestawienia<br \/>\n&#8211; faktury<\/p>\n<p>Og\u00f3\u0142em do dyspozycji u\u017cytkownika pozostaje kilkadziesi\u0105t r\u00f3\u017cnych tabulogram\u00f3w.<\/p>\n<p><b><br \/>\nInwentaryzacja<br \/>\n<\/b>&#8211; umo\u017cliwia spis z natury, korekt\u0119\u00a0ilo\u015bci na\u00a0stanach magazynowych oraz dodawanie nowych asortyment\u00f3w. W wyniku inwentaryzacji otrzymuje si\u0119 raport w postaci: r\u00f3\u017cnic inwentaryzacyjnych, nadwy\u017cek inwentaryzacyjnych, niedobor\u00f3w inwentaryzacyjnych.<\/p>\n<p><b><br \/>\nFunkcje pomocnicze<br \/>\n<\/b> &#8211; pozwalaj\u0105 na zmian\u0119 daty oblicze\u0144, okresu obliczeniowego (program oferuje\u00a0dowolny okres obliczeniowy), zmian\u0119 has\u0142a u\u017cytkownika.<\/p>\n<p>Ponadto system posiada tzw. Uruchomienie z uprawnieniami administratora, dost\u0119pne dla w\u0142a\u015bciciela firmy lub osoby upowa\u017cnionej, kt\u00f3re s\u0142u\u017cy do ustalania parametr\u00f3w systemu, powo\u0142ania u\u017cytkownik\u00f3w i nadania im praw, instalacj\u0119 drukarki (drukarek), otwarcie\/zamkni\u0119cie miesi\u0105ca itp.<\/p>\n<\/div>\n<div id=\"naglowek2\">FAKTUROWANIE, VAT<\/div>\n<div id=\"zawartosc2\">wystawianie faktur VAT, koryguj\u0105cych, prowadzenie rejestru faktur, wydruk zestawie\u0144 oraz przegl\u0105danie selektywne faktur i rachunk\u00f3w, KSeF.<\/div>\n<div id=\"naglowek2\">UPUSTY<\/div>\n<div id=\"zawartosc2\">funkcja umo\u017cliwiaj\u0105ca udzielenie upust\u00f3w procentowych lub kwotowych przy sprzeda\u017cy.<\/div>\n<div id=\"naglowek2\">WSP\u00d3\u0141PRACA Z &#8222;FK&#8221;<\/div>\n<div id=\"zawartosc2\">opcja umo\u017cliwia export do systemu FK faktur sprzeda\u017cy, rejestr\u00f3w VAT. Faktury s\u0105 automatycznie zaksi\u0119gowane w systemie FK. Eksport faktur, rachunk\u00f3w zakup\u00f3w nieudokumentowanych (paragon\u00f3w). Eksport dokument\u00f3w przesuni\u0119\u0107 magazynowych.<\/div>\n<div id=\"naglowek2\">OBS\u0141UGA DRUKARKI FISKALNEJ<\/div>\n<div id=\"zawartosc2\">pozwala na wydruk paragonu na drukarce. Ceny i nazwy s\u0105 automatycznie przekazywane do drukarki fiskalnej. Mo\u017cliwe u\u017cywanie jednej drukarki do obs\u0142ugi kilku komputer\u00f3w w sieci.<\/div>\n<div id=\"naglowek2\">KASA<\/div>\n<div id=\"zawartosc2\">pozwala na prowadzenie dokumentacji kasowej. Wystawianie dokument\u00f3w KP i KW.<br \/>\nMo\u017cliwo\u015b\u0107 powi\u0105zania dokument\u00f3w kasowych z dokumentami zakupu\/sprzeda\u017cy.<\/div>\n<div id=\"naglowek2\">Kartoteka \u015brodk\u00f3w nietrwa\u0142ych<\/div>\n<div id=\"zawartosc2\">umo\u017cliwia kontrol\u0119 obiegu \u015brodk\u00f3w nietrwa\u0142ych (wypo\u017cyczenie, zwrot, likwidacja) jak r\u00f3wnie\u017c ich inwentaryzacj\u0119.<\/div>\n<div id=\"naglowek2\">Kontrakty<\/div>\n<div id=\"zawartosc2\">opcja pozwala na wprowadzanie kontrakt\u00f3w m.in. z dostawcami produkt\u00f3w rolnych.<\/div>\n<div id=\"naglowek2\">Zam\u00f3wienia<\/div>\n<div id=\"zawartosc2\">mo\u017cliwo\u015b\u0107 wystawiania dokument\u00f3w zam\u00f3wie\u0144 zar\u00f3wno od odbiorc\u00f3w jak i do dostawc\u00f3w.<\/div>\n<div id=\"naglowek2\">Faktury RR<\/div>\n<div id=\"zawartosc2\">funkcja umo\u017cliwia wystawianie faktur RR przy zakupie produkt\u00f3w rolnych.<\/div>\n<div id=\"naglowek2\">Wsp\u00f3\u0142praca z MS EXCEL<\/div>\n<div id=\"zawartosc2\">pozwala na eksport danych z raport\u00f3w do programu MS Excel.<\/div>\n<\/div>\n<\/td>\n<\/tr>\n<\/tbody>\n<\/table>\n","protected":false},"excerpt":{"rendered":"<p>System HANDEL System &#8222;HANDEL-SQL&#8221; przeznaczony jest do obs\u0142ugi zakresie prowadzenia gospodarki magazynowej, wystawiania faktur itp. WERSJA PODSTAWOWA Edycja dokument\u00f3w magazynowych &#8211; umo\u017cliwia wprowadzanie, poprawianie, kasowanie dokument\u00f3w magazynowych (tj. Przyj\u0119\u0107, rozchod\u00f3w, przesuni\u0119\u0107 magazynowych), oraz wydruk tych dokument\u00f3w. Kartoteka magazynowa &#8211; umo\u017cliwia przegl\u0105d stanu magazynu (magazyn\u00f3w) og\u00f3\u0142em, magazynami. S\u0142owniki &#8211; pozwalaj\u0105 na zak\u0142adanie typ\u00f3w dokument\u00f3w magazynowych w [&hellip;]<\/p>\n","protected":false},"author":1,"featured_media":0,"parent":31,"menu_order":34,"comment_status":"closed","ping_status":"closed","template":"","meta":[],"yoast_head":"<!-- This site is optimized with the Yoast SEO plugin v21.0 - https:\/\/yoast.com\/wordpress\/plugins\/seo\/ -->\n<title>Zubix Gospodarka magazynowa System do zarz\u0105dzania magazynem<\/title>\n<meta name=\"description\" content=\"Zubix Gospodarka magazynowa przeznaczony jest do obs\u0142ugi zakresie prowadzenia gospodarki magazynowej, wystawiania faktur, inwentaryzacji.\" \/>\n<meta name=\"robots\" content=\"index, follow, max-snippet:-1, max-image-preview:large, max-video-preview:-1\" \/>\n<link rel=\"canonical\" href=\"https:\/\/zubix.com.pl\/wordpress\/produkty\/gm\/\" \/>\n<meta property=\"og:locale\" content=\"pl_PL\" \/>\n<meta property=\"og:type\" content=\"article\" \/>\n<meta property=\"og:title\" content=\"Zubix Gospodarka magazynowa System do zarz\u0105dzania magazynem\" \/>\n<meta property=\"og:description\" content=\"Zubix Gospodarka magazynowa przeznaczony jest do obs\u0142ugi zakresie prowadzenia gospodarki magazynowej, wystawiania faktur, inwentaryzacji.\" \/>\n<meta property=\"og:url\" content=\"https:\/\/zubix.com.pl\/wordpress\/produkty\/gm\/\" \/>\n<meta property=\"og:site_name\" content=\"PT-I ZUBIX\" \/>\n<meta property=\"article:modified_time\" content=\"2026-02-02T09:43:59+00:00\" \/>\n<meta property=\"og:image\" content=\"https:\/\/zubix.com.pl\/grafika\/magazyn.jpg\" \/>\n<meta name=\"twitter:card\" content=\"summary_large_image\" \/>\n<meta name=\"twitter:label1\" content=\"Szacowany czas czytania\" \/>\n\t<meta name=\"twitter:data1\" content=\"3 minuty\" \/>\n<script type=\"application\/ld+json\" class=\"yoast-schema-graph\">{\"@context\":\"https:\/\/schema.org\",\"@graph\":[{\"@type\":\"WebPage\",\"@id\":\"https:\/\/zubix.com.pl\/wordpress\/produkty\/gm\/\",\"url\":\"https:\/\/zubix.com.pl\/wordpress\/produkty\/gm\/\",\"name\":\"Zubix Gospodarka magazynowa System do zarz\u0105dzania magazynem\",\"isPartOf\":{\"@id\":\"https:\/\/zubix.com.pl\/wordpress\/#website\"},\"datePublished\":\"2019-01-01T11:00:20+00:00\",\"dateModified\":\"2026-02-02T09:43:59+00:00\",\"description\":\"Zubix Gospodarka magazynowa przeznaczony jest do obs\u0142ugi zakresie prowadzenia gospodarki magazynowej, wystawiania faktur, inwentaryzacji.\",\"breadcrumb\":{\"@id\":\"https:\/\/zubix.com.pl\/wordpress\/produkty\/gm\/#breadcrumb\"},\"inLanguage\":\"pl-PL\",\"potentialAction\":[{\"@type\":\"ReadAction\",\"target\":[\"https:\/\/zubix.com.pl\/wordpress\/produkty\/gm\/\"]}]},{\"@type\":\"BreadcrumbList\",\"@id\":\"https:\/\/zubix.com.pl\/wordpress\/produkty\/gm\/#breadcrumb\",\"itemListElement\":[{\"@type\":\"ListItem\",\"position\":1,\"name\":\"Strona g\u0142\u00f3wna\",\"item\":\"https:\/\/zubix.com.pl\/wordpress\/\"},{\"@type\":\"ListItem\",\"position\":2,\"name\":\"Produkty\",\"item\":\"https:\/\/zubix.com.pl\/wordpress\/produkty\/\"},{\"@type\":\"ListItem\",\"position\":3,\"name\":\"Gospodarka Magazynowa\"}]},{\"@type\":\"WebSite\",\"@id\":\"https:\/\/zubix.com.pl\/wordpress\/#website\",\"url\":\"https:\/\/zubix.com.pl\/wordpress\/\",\"name\":\"PT-I ZUBIX\",\"description\":\"Programy dla Twojej firmy\",\"publisher\":{\"@id\":\"https:\/\/zubix.com.pl\/wordpress\/#organization\"},\"potentialAction\":[{\"@type\":\"SearchAction\",\"target\":{\"@type\":\"EntryPoint\",\"urlTemplate\":\"https:\/\/zubix.com.pl\/wordpress\/?s={search_term_string}\"},\"query-input\":\"required name=search_term_string\"}],\"inLanguage\":\"pl-PL\"},{\"@type\":\"Organization\",\"@id\":\"https:\/\/zubix.com.pl\/wordpress\/#organization\",\"name\":\"PTI ZUBIX\",\"url\":\"https:\/\/zubix.com.pl\/wordpress\/\",\"logo\":{\"@type\":\"ImageObject\",\"inLanguage\":\"pl-PL\",\"@id\":\"https:\/\/zubix.com.pl\/wordpress\/#\/schema\/logo\/image\/\",\"url\":\"http:\/\/zubix.com.pl\/wordpress\/wp-content\/uploads\/2019\/06\/zubix_header.png\",\"contentUrl\":\"http:\/\/zubix.com.pl\/wordpress\/wp-content\/uploads\/2019\/06\/zubix_header.png\",\"width\":480,\"height\":157,\"caption\":\"PTI ZUBIX\"},\"image\":{\"@id\":\"https:\/\/zubix.com.pl\/wordpress\/#\/schema\/logo\/image\/\"}}]}<\/script>\n<!-- \/ Yoast SEO plugin. -->","yoast_head_json":{"title":"Zubix Gospodarka magazynowa System do zarz\u0105dzania magazynem","description":"Zubix Gospodarka magazynowa przeznaczony jest do obs\u0142ugi zakresie prowadzenia gospodarki magazynowej, wystawiania faktur, inwentaryzacji.","robots":{"index":"index","follow":"follow","max-snippet":"max-snippet:-1","max-image-preview":"max-image-preview:large","max-video-preview":"max-video-preview:-1"},"canonical":"https:\/\/zubix.com.pl\/wordpress\/produkty\/gm\/","og_locale":"pl_PL","og_type":"article","og_title":"Zubix Gospodarka magazynowa System do zarz\u0105dzania magazynem","og_description":"Zubix Gospodarka magazynowa przeznaczony jest do obs\u0142ugi zakresie prowadzenia gospodarki magazynowej, wystawiania faktur, inwentaryzacji.","og_url":"https:\/\/zubix.com.pl\/wordpress\/produkty\/gm\/","og_site_name":"PT-I ZUBIX","article_modified_time":"2026-02-02T09:43:59+00:00","og_image":[{"url":"https:\/\/zubix.com.pl\/grafika\/magazyn.jpg"}],"twitter_card":"summary_large_image","twitter_misc":{"Szacowany czas czytania":"3 minuty"},"schema":{"@context":"https:\/\/schema.org","@graph":[{"@type":"WebPage","@id":"https:\/\/zubix.com.pl\/wordpress\/produkty\/gm\/","url":"https:\/\/zubix.com.pl\/wordpress\/produkty\/gm\/","name":"Zubix Gospodarka magazynowa System do zarz\u0105dzania magazynem","isPartOf":{"@id":"https:\/\/zubix.com.pl\/wordpress\/#website"},"datePublished":"2019-01-01T11:00:20+00:00","dateModified":"2026-02-02T09:43:59+00:00","description":"Zubix Gospodarka magazynowa przeznaczony jest do obs\u0142ugi zakresie prowadzenia gospodarki magazynowej, wystawiania faktur, inwentaryzacji.","breadcrumb":{"@id":"https:\/\/zubix.com.pl\/wordpress\/produkty\/gm\/#breadcrumb"},"inLanguage":"pl-PL","potentialAction":[{"@type":"ReadAction","target":["https:\/\/zubix.com.pl\/wordpress\/produkty\/gm\/"]}]},{"@type":"BreadcrumbList","@id":"https:\/\/zubix.com.pl\/wordpress\/produkty\/gm\/#breadcrumb","itemListElement":[{"@type":"ListItem","position":1,"name":"Strona g\u0142\u00f3wna","item":"https:\/\/zubix.com.pl\/wordpress\/"},{"@type":"ListItem","position":2,"name":"Produkty","item":"https:\/\/zubix.com.pl\/wordpress\/produkty\/"},{"@type":"ListItem","position":3,"name":"Gospodarka Magazynowa"}]},{"@type":"WebSite","@id":"https:\/\/zubix.com.pl\/wordpress\/#website","url":"https:\/\/zubix.com.pl\/wordpress\/","name":"PT-I ZUBIX","description":"Programy dla Twojej firmy","publisher":{"@id":"https:\/\/zubix.com.pl\/wordpress\/#organization"},"potentialAction":[{"@type":"SearchAction","target":{"@type":"EntryPoint","urlTemplate":"https:\/\/zubix.com.pl\/wordpress\/?s={search_term_string}"},"query-input":"required name=search_term_string"}],"inLanguage":"pl-PL"},{"@type":"Organization","@id":"https:\/\/zubix.com.pl\/wordpress\/#organization","name":"PTI ZUBIX","url":"https:\/\/zubix.com.pl\/wordpress\/","logo":{"@type":"ImageObject","inLanguage":"pl-PL","@id":"https:\/\/zubix.com.pl\/wordpress\/#\/schema\/logo\/image\/","url":"http:\/\/zubix.com.pl\/wordpress\/wp-content\/uploads\/2019\/06\/zubix_header.png","contentUrl":"http:\/\/zubix.com.pl\/wordpress\/wp-content\/uploads\/2019\/06\/zubix_header.png","width":480,"height":157,"caption":"PTI ZUBIX"},"image":{"@id":"https:\/\/zubix.com.pl\/wordpress\/#\/schema\/logo\/image\/"}}]}},"_links":{"self":[{"href":"https:\/\/zubix.com.pl\/wordpress\/wp-json\/wp\/v2\/pages\/158"}],"collection":[{"href":"https:\/\/zubix.com.pl\/wordpress\/wp-json\/wp\/v2\/pages"}],"about":[{"href":"https:\/\/zubix.com.pl\/wordpress\/wp-json\/wp\/v2\/types\/page"}],"author":[{"embeddable":true,"href":"https:\/\/zubix.com.pl\/wordpress\/wp-json\/wp\/v2\/users\/1"}],"replies":[{"embeddable":true,"href":"https:\/\/zubix.com.pl\/wordpress\/wp-json\/wp\/v2\/comments?post=158"}],"version-history":[{"count":8,"href":"https:\/\/zubix.com.pl\/wordpress\/wp-json\/wp\/v2\/pages\/158\/revisions"}],"predecessor-version":[{"id":656,"href":"https:\/\/zubix.com.pl\/wordpress\/wp-json\/wp\/v2\/pages\/158\/revisions\/656"}],"up":[{"embeddable":true,"href":"https:\/\/zubix.com.pl\/wordpress\/wp-json\/wp\/v2\/pages\/31"}],"wp:attachment":[{"href":"https:\/\/zubix.com.pl\/wordpress\/wp-json\/wp\/v2\/media?parent=158"}],"curies":[{"name":"wp","href":"https:\/\/api.w.org\/{rel}","templated":true}]}}