{"id":156,"date":"2019-01-01T12:00:43","date_gmt":"2019-01-01T11:00:43","guid":{"rendered":"http:\/\/zubix.com.pl\/wordpress\/?page_id=156"},"modified":"2021-11-02T13:58:16","modified_gmt":"2021-11-02T12:58:16","slug":"k-p","status":"publish","type":"page","link":"https:\/\/zubix.com.pl\/wordpress\/produkty\/k-p\/","title":{"rendered":"Kadry i P\u0142ace"},"content":{"rendered":"<table border=\"0\" width=\"100%\" cellspacing=\"0\" cellpadding=\"0\">\n<tbody>\n<tr>\n<td bgcolor=\"#FEFDEF\" width=\"100%\">\n<div id=\"naglowek1\">Kadry i P\u0142ace<\/div>\n<div id=\"zawartosc1\">\n<div style=\"float: left; width: 105px;\"><img decoding=\"async\" src=\"https:\/\/zubix.com.pl\/grafika\/kadry.jpg\" \/><\/div>\n<p>ZUBIX Kadry i P\u0142ace to nowoczesny i rozbudowany system ewidencji i rozliczania pracownik\u00f3w. Zosta\u0142 stworzony w oparciu o technologi\u0119 baz danych <b>Microsoft SQL Server<\/b> i dedykowany jest dla \u015brodowiska Microsoft Windows, w szczeg\u00f3lno\u015bci najnowszych wyda\u0144: Vista i Windows 7. System umo\u017cliwia wielostanowiskow\u0105 prac\u0119 w sieci lokalnej. Mo\u017cna powo\u0142a\u0107 dowoln\u0105 liczb\u0119 u\u017cytkownik\u00f3w z ewentualnym ograniczeniem dost\u0119pu do funkcji systemu.<\/p>\n<p style=\"line-height: normal;\"><img decoding=\"async\" loading=\"lazy\" id=\"Obraz 3\" src=\"https:\/\/zubix.com.pl\/grafika\/image002.jpg\" width=\"605\" height=\"59\" \/><\/p>\n<p><b>Ewidencja danych kadrowych.<\/b><\/p>\n<p style=\"line-height: normal;\"><b><br \/>\n<img decoding=\"async\" loading=\"lazy\" id=\"Obraz 8\" src=\"https:\/\/zubix.com.pl\/grafika\/image003.jpg\" width=\"604\" height=\"137\" \/><br \/>\n<\/b><\/p>\n<p>Pe\u0142na, przejrzysta ewidencja danych osobowych i danych dotycz\u0105cych zatrudnienia. Program dostarczany jest z bogatym, standardowym zestawem p\u00f3l informacyjnych. Zestaw ten podzielony jest na listy i obejmuje dane osobowe (personalia, dane adresowe, wykszta\u0142cenie, historia zatrudnienia i inne), dane zatrudnienia (min. ubezpieczenia spo\u0142eczne i zdrowotne), umowy o prac\u0119 i umowy cywilnoprawne (rodzaj umowy, stanowisko, wymiar czasu pracy, stawka i inne warunki umowy).<br \/>\nSystem oferuje unikaln\u0105 funkcj\u0119 rozbudowy list p\u00f3l informacyjnych. U\u017cytkownik (administrator) ma mo\u017cliwo\u015b\u0107 dodawania, usuwania, ustalania kolejno\u015bci i opis\u00f3w p\u00f3l na listach. Pola mog\u0105 by\u0107 dowolnego typu: nazwy, numery, kwoty, daty, s\u0142owniki, tabele.<br \/>\nU\u017cytkownik ma mo\u017cliwo\u015b\u0107 wyszukiwania pracownik\u00f3w wg dowolnych kryteri\u00f3w opartych o pola informacyjne.<br \/>\nWszystkie pola informacyjne dost\u0119pne s\u0105 w funkcjach raportowania, tworzenia pism, selekcjach, itp.<\/p>\n<p><b><br \/>\nEwidencja czasu pracy.<br \/>\n<\/b><\/p>\n<p style=\"margin-top: 6.0pt; line-height: normal;\"><b><br \/>\n<img decoding=\"async\" loading=\"lazy\" id=\"Obraz 7\" src=\"https:\/\/zubix.com.pl\/grafika\/image004.jpg\" width=\"604\" height=\"56\" \/><br \/>\n<\/b><\/p>\n<p>System pozwala na utworzenie dowolnej liczby plan\u00f3w pracy przypisywanych pracownikom. Plan pracy to roczny harmonogram definiuj\u0105cy nominalne dni pracy, dni wolne i \u015bwi\u0119ta, oraz godziny pracy. Ewidencja godzinowa mo\u017ce by\u0107 prowadzona w formie pe\u0142nej (dok\u0142adne godziny wej\u015bcia i wyj\u015bcia, ew. przerwa na lunch itp.) lub uproszczonej (tylko liczba godzin).<br \/>\nMiesi\u0119czna karta czasu pracy umo\u017cliwia ewidencj\u0119 godzin pracy, godzin nadliczbowych, nocnych i dowolnych innych (mo\u017cliwo\u015b\u0107 definicji).<br \/>\nRoczna karta czasu pracy odpowiada za zarz\u0105dzanie ewidencj\u0105 nieobecno\u015bci . Rodzaje nieobecno\u015bci podzielone s\u0105 na dwie kategorie &#8211; nieobecno\u015bci urlopowe i zwolnienia zasi\u0142kowe z mo\u017cliwo\u015bci\u0105 rozbudowy. Urlop wypoczynkowy rozliczany jest godzinowo.<br \/>\nKarty czasu pracy przedstawione s\u0105 w przejrzystej formie graficznej, pozwalaj\u0105cej na szybkie i wygodne zarz\u0105dzanie godzinami pracy i nieobecno\u015bciami pracownik\u00f3w. Jest mo\u017cliwo\u015b\u0107 wydruku seryjnego kart pracy dla grupy pracownik\u00f3w.<br \/>\nRachuba p\u0142ac ma do dyspozycji kartotek\u0119 zasi\u0142kow\u0105 i kartotek\u0119 urlopow\u0105 umo\u017cliwiaj\u0105ce dok\u0142adne rozliczenie zwolnie\u0144 zasi\u0142kowych i innych absencji.<\/p>\n<p><b>Rachuba p\u0142ac<\/b><\/p>\n<p style=\"margin-top: 6.0pt; line-height: normal;\"><b><br \/>\n<img decoding=\"async\" loading=\"lazy\" id=\"Obraz 9\" src=\"https:\/\/zubix.com.pl\/grafika\/image005.jpg\" width=\"604\" height=\"100\" \/><br \/>\n<\/b><\/p>\n<p>Modu\u0142 rozliczania p\u0142ac jest w pe\u0142ni sparametryzowany. Pozwala to na szybkie przystosowanie go do warunk\u00f3w znajduj\u0105cych si\u0119 w firmie z uwzgl\u0119dnieniem istniej\u0105cych tam typ\u00f3w i termin\u00f3w wyp\u0142at, sposob\u00f3w wynagradzania oraz zasad obliczania wynagrodze\u0144 dla r\u00f3\u017cnych grup pracownik\u00f3w. Przystosowania tego mo\u017ce dokona\u0107 samodzielnie u\u017cytkownik systemu.<br \/>\nSystem obs\u0142uguje dowoln\u0105 liczb\u0119 r\u00f3\u017cnych rodzaj\u00f3w wyp\u0142at z dowoln\u0105 liczb\u0105 list p\u0142ac na ka\u017cdej z nich oraz dowoln\u0105 liczb\u0119 sk\u0142adnik\u00f3w p\u0142acowych sk\u0142adaj\u0105cych si\u0119 na wyp\u0142at\u0119. U\u017cytkownik ma pe\u0142ny wp\u0142yw na w\u0142a\u015bciwo\u015bci danego sk\u0142adnika, jego przyporz\u0105dkowanie oraz spos\u00f3b wyliczania. Spos\u00f3b obliczania ka\u017cdego sk\u0142adnika opisany jest dowolnie modyfikowalnym algorytmem. W ramach algorytm\u00f3w dost\u0119pnych jest szereg wbudowanych funkcji, min. funkcja warunkowa, funkcje pobieraj\u0105ce dane kadrowe, funkcje pobieraj\u0105ce dane z archiwum p\u0142acowego, zaokr\u0105glenia, itp. Operacje wytwarzania nowych wyp\u0142at, naliczania p\u0142ac, archiwizowania i przechodzenia na nowy okres s\u0105 proste w obs\u0142udze i w du\u017cym stopniu zautomatyzowane.<br \/>\nProgram dostarczany jest z prekonfigurowanymi wzorcami wyp\u0142at r\u00f3\u017cnych rodzaj\u00f3w: obs\u0142uga pracownik\u00f3w rozliczanych kwotowo lub godzinowo, umowy zlecenia, rady nadzorcze i inne.<br \/>\nW archiwum p\u0142acowym pami\u0119tane s\u0105 parametry i kwoty wszystkich sk\u0142adnik\u00f3w wyp\u0142at. Bogaty s\u0142ownik sk\u0142adnik\u00f3w p\u0142acowych ma mo\u017cliwo\u015bci\u0105 rozbudowy i aktualizacji przez u\u017cytkownika systemu.<\/p>\n<p><b>Raporty\/Pisma\/Wydruki<\/b><\/p>\n<p style=\"margin-top: 6.0pt; line-height: normal;\"><b><br \/>\n<img decoding=\"async\" loading=\"lazy\" id=\"Obraz 10\" src=\"https:\/\/zubix.com.pl\/grafika\/image006.jpg\" width=\"605\" height=\"136\" \/><br \/>\n<\/b><\/p>\n<p style=\"margin-top: 6.0pt; line-height: normal;\">System oferuje rozbudowany mechanizm tworzenia<b> <\/b>w\u0142asnych raport\u00f3w dotycz\u0105cych pracownik\u00f3w w postaci tabelarycznego zestawienia. Do wykorzystania s\u0105 wszystkie informacje osobowe, informacje dotycz\u0105ce um\u00f3w, czasu pracy, nieobecno\u015bci, sta\u017cu oraz sk\u0142adniki wyp\u0142at. Raporty mog\u0105 by\u0107 sortowane, filtrowane, grupowane, a informacje liczbowe sumowane.<br \/>\nFunkcja selekcji umo\u017cliwia wyb\u00f3r pracownik\u00f3w wg dowolnego kryterium. Mo\u017cna nadawa\u0107 ograniczenia na dowolne pola informacyjne lub dane czasu pracy. Definicje selekcji s\u0105 zapami\u0119tywane i je\u017celi wykorzystujemy stale kilka z nich, nie trzeba budowa\u0107 ich od nowa. Po wykonaniu selekcji tworzona jest grupa wybranych pracownik\u00f3w na kt\u00f3rej mo\u017cna wykona\u0107 dowoln\u0105 operacj\u0119, w tym wygenerowa\u0107 raport.<br \/>\nJest te\u017c mo\u017cliwo\u015b\u0107 tworzenia w\u0142asnych szablon\u00f3w pism typu: kwestionariusze, umowy, za\u015bwiadczenia itp. Wbudowany edytor pozwala budowa\u0107 szablony obejmuj\u0105ce dowolne informacje kadrowe i p\u0142acowe pracownika. Pisma mog\u0105 by\u0107 tworzone przy u\u017cyciu w\u0142asnego kroju, wielko\u015bci lub koloru czcionek. System dostarczany jest ze standardowymi wzorami pism.<br \/>\nSystem zawiera wiele standardowych zestawie\u0144 p\u0142acowych: Listy wyp\u0142at, &#8222;Paski&#8221; dla pracownika, Zestawienie sk\u0142adnik\u00f3w, Rozdzielnik kosztowy, PIT-y, Archiwum p\u0142acowe, itp. Zestawienia mog\u0105 by\u0107 sporz\u0105dzane dla dowolnie wybranych wyp\u0142at\/list i za dowolnie wybrany okres.<br \/>\nWi\u0119kszo\u015b\u0107 wydruk\u00f3w oferuje funkcj\u0119 wydruku seryjnego, czyli wykonanie serii wydruk\u00f3w, po jednym dla ka\u017cdego pracownika z wybranej listy. Funkcja dost\u0119pna jest dla pism, deklaracji, kart pracy, archiwum p\u0142acowego, itp.<br \/>\nSystem ma funkcj\u0119 bezpo\u015bredniego wydruku lub eksportu do programu Excel, wszelkich danych kadrowych i\/lub p\u0142acowych dost\u0119pnych w postaci tabelarycznej.<\/p>\n<p><b>Wymiana danych<\/b><\/p>\n<p style=\"line-height: normal;\"><b><br \/>\n<img decoding=\"async\" loading=\"lazy\" id=\"Obraz 11\" src=\"https:\/\/zubix.com.pl\/grafika\/image007.jpg\" width=\"422\" height=\"121\" \/><br \/>\n<\/b><\/p>\n<p>System wsp\u00f3\u0142pracuje z programem P\u0142atnik. Generowane s\u0105 deklaracje zg\u0142oszeniowe oraz comiesi\u0119czne deklaracje rozliczeniowe dla ZUS.<br \/>\nRozbudowany modu\u0142 ksi\u0119gowania wyp\u0142aty pozwala na eksport danych do <a href=\"https:\/\/zubix.com.pl\/wordpress\/index.php\/produkty\/fk\/\">Systemu Finansowo-Ksi\u0119gowego<\/a>.<br \/>\nJest mo\u017cliwo\u015b\u0107 wygenerowania przelew\u00f3w z wyp\u0142aty do bankowych system\u00f3w elektronicznych.<\/p>\n<p><b><br \/>\nProgram jest stale rozwijany i na bie\u017c\u0105co modyfikowany pod k\u0105tem wszelkich zmian stanu prawnego.<br \/>\n<\/b><\/p>\n<p>Cena systemu jest uzale\u017cniona od liczby obs\u0142ugiwanych pracownik\u00f3w oraz wybranych modu\u0142\u00f3w.<\/p>\n<p>Dost\u0119pne modu\u0142y:<\/p>\n<div id=\"naglowek2\">PBE &#8211; Bankowo\u015b\u0107 elektroniczna<\/div>\n<div id=\"zawartosc2\">Eksport przelew\u00f3w z wyp\u0142atami pracownik\u00f3w w formacie ELIXIR lub innym.<\/div>\n<div id=\"naglowek2\">FKD &#8211; Ksi\u0119gowanie wyp\u0142at w systemie FK<\/div>\n<div id=\"zawartosc2\">Eksport noty ksi\u0119gowej do systemu FK. Rozbudowany edytor wzorc\u00f3w ksi\u0119gowania.<\/div>\n<div id=\"naglowek2\">RCP &#8211; Wsp\u00f3\u0142praca z czytnikami RCP<\/div>\n<div id=\"zawartosc2\">Import danych dotycz\u0105cych godzin wej\u015bcia i wyj\u015bcia pracownik\u00f3w i\/lub godzin przepracowanych z rejestrator\u00f3w czasu pracy.<br \/>\nPor\u00f3wnywanie odczyt\u00f3w z planami pracy i ewidencj\u0105 nieobecno\u015bci oraz sygnalizowanie niezgodno\u015bci.<\/div>\n<div id=\"naglowek2\">DEK &#8211; e-Deklaracje<\/div>\n<div id=\"zawartosc2\">Deklaracje elektroniczne PIT.<br \/>\nGenerowanie i przesy\u0142anie deklaracji oraz odbi\u00f3r i wydruk po\u015bwiadcze\u0144 odbioru bezpo\u015brednio z programu K-P.<\/div>\n<div id=\"naglowek2\">ROZ &#8211; Rozdzia\u0142 koszt\u00f3w<\/div>\n<div id=\"zawartosc2\">Modu\u0142 pozwala rozdziela\u0107 pojedyncze sk\u0142adniki p\u0142acowe wg rodzaju koszt\u00f3w przypisanych do odpowiadaj\u0105cych im kont kosztowych.<\/div>\n<div id=\"naglowek2\">TXT &#8211; Alternatywny wydruk pask\u00f3w w trybie tekstowym<\/div>\n<div id=\"zawartosc2\">Wydruk pask\u00f3w na drukarce ig\u0142owej.<br \/>\nUwo\u017cliwia wydruk pask\u00f3w zakrytych, na specjalnym, przeznaczonym do tego celu papierze (dwuwarstwowa sk\u0142adanka).<\/div>\n<div id=\"naglowek2\">REZ &#8211; Rezerwy na \u015bwiadczenia pracownicze<\/div>\n<div id=\"zawartosc2\">Parametryzowane zestawienia szacuj\u0105ce rezerwy na nagrody jubileuszowe oraz rezerwy na odprawy emerytalne.<\/div>\n<div id=\"naglowek2\">MUL &#8211; Wersja &#8222;multi&#8221;<\/div>\n<div id=\"zawartosc2\">Wersja dla biur rachunkowych. Umo\u017cliwia rozliczanie wielu podmiot\u00f3w (firm) w ramach jednego programu.<\/div>\n<\/div>\n<\/td>\n<\/tr>\n<\/tbody>\n<\/table>\n","protected":false},"excerpt":{"rendered":"<p>Kadry i P\u0142ace ZUBIX Kadry i P\u0142ace to nowoczesny i rozbudowany system ewidencji i rozliczania pracownik\u00f3w. Zosta\u0142 stworzony w oparciu o technologi\u0119 baz danych Microsoft SQL Server i dedykowany jest dla \u015brodowiska Microsoft Windows, w szczeg\u00f3lno\u015bci najnowszych wyda\u0144: Vista i Windows 7. System umo\u017cliwia wielostanowiskow\u0105 prac\u0119 w sieci lokalnej. Mo\u017cna powo\u0142a\u0107 dowoln\u0105 liczb\u0119 u\u017cytkownik\u00f3w z [&hellip;]<\/p>\n","protected":false},"author":1,"featured_media":0,"parent":31,"menu_order":33,"comment_status":"closed","ping_status":"closed","template":"","meta":[],"yoast_head":"<!-- This site is optimized with the Yoast SEO plugin v21.0 - https:\/\/yoast.com\/wordpress\/plugins\/seo\/ -->\n<title>Zubix Kadry i P\u0142ace system do ewidencji i rozliczania pracownik\u00f3w<\/title>\n<meta name=\"description\" content=\"Zubix Kadry i P\u0142ace system do ewidencji i rozliczania pracownik\u00f3w. Jest to rozbudowany program do rozliczania z pracownikami\" \/>\n<meta name=\"robots\" content=\"index, follow, max-snippet:-1, max-image-preview:large, max-video-preview:-1\" \/>\n<link rel=\"canonical\" href=\"https:\/\/zubix.com.pl\/wordpress\/produkty\/k-p\/\" \/>\n<meta property=\"og:locale\" content=\"pl_PL\" \/>\n<meta property=\"og:type\" content=\"article\" \/>\n<meta property=\"og:title\" content=\"Zubix Kadry i P\u0142ace system do ewidencji i rozliczania pracownik\u00f3w\" \/>\n<meta property=\"og:description\" content=\"Zubix Kadry i P\u0142ace system do ewidencji i rozliczania pracownik\u00f3w. Jest to rozbudowany program do rozliczania z pracownikami\" \/>\n<meta property=\"og:url\" content=\"https:\/\/zubix.com.pl\/wordpress\/produkty\/k-p\/\" \/>\n<meta property=\"og:site_name\" content=\"PT-I ZUBIX\" \/>\n<meta property=\"article:modified_time\" content=\"2021-11-02T12:58:16+00:00\" \/>\n<meta property=\"og:image\" content=\"https:\/\/zubix.com.pl\/grafika\/kadry.jpg\" \/>\n<meta name=\"twitter:card\" content=\"summary_large_image\" \/>\n<meta name=\"twitter:label1\" content=\"Szacowany czas czytania\" \/>\n\t<meta name=\"twitter:data1\" content=\"6 minut\" \/>\n<script type=\"application\/ld+json\" class=\"yoast-schema-graph\">{\"@context\":\"https:\/\/schema.org\",\"@graph\":[{\"@type\":\"WebPage\",\"@id\":\"https:\/\/zubix.com.pl\/wordpress\/produkty\/k-p\/\",\"url\":\"https:\/\/zubix.com.pl\/wordpress\/produkty\/k-p\/\",\"name\":\"Zubix Kadry i P\u0142ace system do ewidencji i rozliczania pracownik\u00f3w\",\"isPartOf\":{\"@id\":\"https:\/\/zubix.com.pl\/wordpress\/#website\"},\"datePublished\":\"2019-01-01T11:00:43+00:00\",\"dateModified\":\"2021-11-02T12:58:16+00:00\",\"description\":\"Zubix Kadry i P\u0142ace system do ewidencji i rozliczania pracownik\u00f3w. Jest to rozbudowany program do rozliczania z pracownikami\",\"breadcrumb\":{\"@id\":\"https:\/\/zubix.com.pl\/wordpress\/produkty\/k-p\/#breadcrumb\"},\"inLanguage\":\"pl-PL\",\"potentialAction\":[{\"@type\":\"ReadAction\",\"target\":[\"https:\/\/zubix.com.pl\/wordpress\/produkty\/k-p\/\"]}]},{\"@type\":\"BreadcrumbList\",\"@id\":\"https:\/\/zubix.com.pl\/wordpress\/produkty\/k-p\/#breadcrumb\",\"itemListElement\":[{\"@type\":\"ListItem\",\"position\":1,\"name\":\"Strona g\u0142\u00f3wna\",\"item\":\"https:\/\/zubix.com.pl\/wordpress\/\"},{\"@type\":\"ListItem\",\"position\":2,\"name\":\"Produkty\",\"item\":\"https:\/\/zubix.com.pl\/wordpress\/produkty\/\"},{\"@type\":\"ListItem\",\"position\":3,\"name\":\"Kadry i P\u0142ace\"}]},{\"@type\":\"WebSite\",\"@id\":\"https:\/\/zubix.com.pl\/wordpress\/#website\",\"url\":\"https:\/\/zubix.com.pl\/wordpress\/\",\"name\":\"PT-I ZUBIX\",\"description\":\"Programy dla Twojej firmy\",\"publisher\":{\"@id\":\"https:\/\/zubix.com.pl\/wordpress\/#organization\"},\"potentialAction\":[{\"@type\":\"SearchAction\",\"target\":{\"@type\":\"EntryPoint\",\"urlTemplate\":\"https:\/\/zubix.com.pl\/wordpress\/?s={search_term_string}\"},\"query-input\":\"required name=search_term_string\"}],\"inLanguage\":\"pl-PL\"},{\"@type\":\"Organization\",\"@id\":\"https:\/\/zubix.com.pl\/wordpress\/#organization\",\"name\":\"PTI ZUBIX\",\"url\":\"https:\/\/zubix.com.pl\/wordpress\/\",\"logo\":{\"@type\":\"ImageObject\",\"inLanguage\":\"pl-PL\",\"@id\":\"https:\/\/zubix.com.pl\/wordpress\/#\/schema\/logo\/image\/\",\"url\":\"http:\/\/zubix.com.pl\/wordpress\/wp-content\/uploads\/2019\/06\/zubix_header.png\",\"contentUrl\":\"http:\/\/zubix.com.pl\/wordpress\/wp-content\/uploads\/2019\/06\/zubix_header.png\",\"width\":480,\"height\":157,\"caption\":\"PTI ZUBIX\"},\"image\":{\"@id\":\"https:\/\/zubix.com.pl\/wordpress\/#\/schema\/logo\/image\/\"}}]}<\/script>\n<!-- \/ Yoast SEO plugin. -->","yoast_head_json":{"title":"Zubix Kadry i P\u0142ace system do ewidencji i rozliczania pracownik\u00f3w","description":"Zubix Kadry i P\u0142ace system do ewidencji i rozliczania pracownik\u00f3w. Jest to rozbudowany program do rozliczania z pracownikami","robots":{"index":"index","follow":"follow","max-snippet":"max-snippet:-1","max-image-preview":"max-image-preview:large","max-video-preview":"max-video-preview:-1"},"canonical":"https:\/\/zubix.com.pl\/wordpress\/produkty\/k-p\/","og_locale":"pl_PL","og_type":"article","og_title":"Zubix Kadry i P\u0142ace system do ewidencji i rozliczania pracownik\u00f3w","og_description":"Zubix Kadry i P\u0142ace system do ewidencji i rozliczania pracownik\u00f3w. Jest to rozbudowany program do rozliczania z pracownikami","og_url":"https:\/\/zubix.com.pl\/wordpress\/produkty\/k-p\/","og_site_name":"PT-I ZUBIX","article_modified_time":"2021-11-02T12:58:16+00:00","og_image":[{"url":"https:\/\/zubix.com.pl\/grafika\/kadry.jpg"}],"twitter_card":"summary_large_image","twitter_misc":{"Szacowany czas czytania":"6 minut"},"schema":{"@context":"https:\/\/schema.org","@graph":[{"@type":"WebPage","@id":"https:\/\/zubix.com.pl\/wordpress\/produkty\/k-p\/","url":"https:\/\/zubix.com.pl\/wordpress\/produkty\/k-p\/","name":"Zubix Kadry i P\u0142ace system do ewidencji i rozliczania pracownik\u00f3w","isPartOf":{"@id":"https:\/\/zubix.com.pl\/wordpress\/#website"},"datePublished":"2019-01-01T11:00:43+00:00","dateModified":"2021-11-02T12:58:16+00:00","description":"Zubix Kadry i P\u0142ace system do ewidencji i rozliczania pracownik\u00f3w. Jest to rozbudowany program do rozliczania z pracownikami","breadcrumb":{"@id":"https:\/\/zubix.com.pl\/wordpress\/produkty\/k-p\/#breadcrumb"},"inLanguage":"pl-PL","potentialAction":[{"@type":"ReadAction","target":["https:\/\/zubix.com.pl\/wordpress\/produkty\/k-p\/"]}]},{"@type":"BreadcrumbList","@id":"https:\/\/zubix.com.pl\/wordpress\/produkty\/k-p\/#breadcrumb","itemListElement":[{"@type":"ListItem","position":1,"name":"Strona g\u0142\u00f3wna","item":"https:\/\/zubix.com.pl\/wordpress\/"},{"@type":"ListItem","position":2,"name":"Produkty","item":"https:\/\/zubix.com.pl\/wordpress\/produkty\/"},{"@type":"ListItem","position":3,"name":"Kadry i P\u0142ace"}]},{"@type":"WebSite","@id":"https:\/\/zubix.com.pl\/wordpress\/#website","url":"https:\/\/zubix.com.pl\/wordpress\/","name":"PT-I ZUBIX","description":"Programy dla Twojej firmy","publisher":{"@id":"https:\/\/zubix.com.pl\/wordpress\/#organization"},"potentialAction":[{"@type":"SearchAction","target":{"@type":"EntryPoint","urlTemplate":"https:\/\/zubix.com.pl\/wordpress\/?s={search_term_string}"},"query-input":"required name=search_term_string"}],"inLanguage":"pl-PL"},{"@type":"Organization","@id":"https:\/\/zubix.com.pl\/wordpress\/#organization","name":"PTI ZUBIX","url":"https:\/\/zubix.com.pl\/wordpress\/","logo":{"@type":"ImageObject","inLanguage":"pl-PL","@id":"https:\/\/zubix.com.pl\/wordpress\/#\/schema\/logo\/image\/","url":"http:\/\/zubix.com.pl\/wordpress\/wp-content\/uploads\/2019\/06\/zubix_header.png","contentUrl":"http:\/\/zubix.com.pl\/wordpress\/wp-content\/uploads\/2019\/06\/zubix_header.png","width":480,"height":157,"caption":"PTI ZUBIX"},"image":{"@id":"https:\/\/zubix.com.pl\/wordpress\/#\/schema\/logo\/image\/"}}]}},"_links":{"self":[{"href":"https:\/\/zubix.com.pl\/wordpress\/wp-json\/wp\/v2\/pages\/156"}],"collection":[{"href":"https:\/\/zubix.com.pl\/wordpress\/wp-json\/wp\/v2\/pages"}],"about":[{"href":"https:\/\/zubix.com.pl\/wordpress\/wp-json\/wp\/v2\/types\/page"}],"author":[{"embeddable":true,"href":"https:\/\/zubix.com.pl\/wordpress\/wp-json\/wp\/v2\/users\/1"}],"replies":[{"embeddable":true,"href":"https:\/\/zubix.com.pl\/wordpress\/wp-json\/wp\/v2\/comments?post=156"}],"version-history":[{"count":6,"href":"https:\/\/zubix.com.pl\/wordpress\/wp-json\/wp\/v2\/pages\/156\/revisions"}],"predecessor-version":[{"id":468,"href":"https:\/\/zubix.com.pl\/wordpress\/wp-json\/wp\/v2\/pages\/156\/revisions\/468"}],"up":[{"embeddable":true,"href":"https:\/\/zubix.com.pl\/wordpress\/wp-json\/wp\/v2\/pages\/31"}],"wp:attachment":[{"href":"https:\/\/zubix.com.pl\/wordpress\/wp-json\/wp\/v2\/media?parent=156"}],"curies":[{"name":"wp","href":"https:\/\/api.w.org\/{rel}","templated":true}]}}