{"id":154,"date":"2019-01-01T12:00:16","date_gmt":"2019-01-01T11:00:16","guid":{"rendered":"http:\/\/zubix.com.pl\/wordpress\/?page_id=154"},"modified":"2021-11-02T13:56:22","modified_gmt":"2021-11-02T12:56:22","slug":"sno","status":"publish","type":"page","link":"https:\/\/zubix.com.pl\/wordpress\/produkty\/sno\/","title":{"rendered":"System Naliczania Op\u0142at"},"content":{"rendered":"<table border=\"0\" width=\"100%\" cellspacing=\"0\" cellpadding=\"0\">\n<tbody>\n<tr>\n<td bgcolor=\"#FEFDEF\" width=\"100%\">\n<div id=\"naglowek1\">System Naliczania Op\u0142at<\/div>\n<div id=\"zawartosc1\">\n<div style=\"float: left; width: 105px;\"><img decoding=\"async\" src=\"https:\/\/zubix.com.pl\/grafika\/czynsze.jpg\" \/><\/div>\n<p>System Naliczania Op\u0142at (dawniej <a href=\"?ID=czynsze\">CZYNSZE<\/a>) to wszechstronny i uniwersalny program przeznaczony do obs\u0142ugi obiekt\u00f3w (lokale, gara\u017ce, stanowiska handlowe, czesne itp.),<br \/>\nZastosowane rozwi\u0105zania pozwalaj\u0105 na efektywne wykorzystanie programu w:<br \/>\n&#8211; Sp\u00f3\u0142dzielniach mieszkaniowych<br \/>\n&#8211; Przedsi\u0119biorstwach Gospodarki Mieszkaniowej obs\u0142uguj\u0105cych zar\u00f3wno mieszkania czynszowe, komunalne jak i wsp\u00f3lnoty mieszkaniowe<br \/>\n&#8211; Biurach zajmuj\u0105cych si\u0119 obs\u0142ug\u0105 wsp\u00f3lnot mieszkaniowych<br \/>\n&#8211; Pojedynczych wsp\u00f3lnotach mieszkaniowych<br \/>\n&#8211; Towarzystwach Budownictwa Spo\u0142ecznego<br \/>\n&#8211; Zak\u0142adach us\u0142ug komunalnych<br \/>\n&#8211; Szko\u0142ach i uczelniach prywatnych<br \/>\n&#8211; Firmach zajmuj\u0105cych si\u0119 dystrybucj\u0105 energii elektrycznej, wody i innych medi\u00f3w<br \/>\n&#8211; Targowiskach, halach targowych itp.<\/p>\n<p>Tak du\u017ca uniwersalno\u015b\u0107 programu osi\u0105gni\u0119ta zosta\u0142a poprzez zastosowanie elastycznego, prostego, intuicyjnie oczywistego opisu obiekt\u00f3w.<br \/>\nPrzyk\u0142adowym obiektem rozliczeniowym mo\u017ce by\u0107 np. Lokal, punkt odbioru. Mo\u017ce to by\u0107 lokal mieszkalny, u\u017cytkowy, gara\u017c itp. Op\u0142aty za gara\u017c, kom\u00f3rk\u0119, miejsce parkingowe itp. mog\u0105 te\u017c by\u0107 (alternatywnie) potraktowane jako sk\u0142adniki op\u0142at.<\/p>\n<p><img decoding=\"async\" src=\"https:\/\/zubix.com.pl\/grafika\/skladniki.jpg\" border=\"0\" \/><\/p>\n<ul>\n<li>Aby opisa\u0107 lokal, u\u017cytkownik mo\u017ce okre\u015bli\u0107 jakie jego fizyczne cechy s\u0105 potrzebne do wyliczenia p\u0142atno\u015bci przez lokatora. S\u0105 to np. ilo\u015b\u0107 m2 powierzchni, powierzchnia grzewcza, ilo\u015b\u0107 os\u00f3b, pi\u0119tro itp.<\/li>\n<li>Nast\u0119pnie okre\u015blamy z jakich sk\u0142adnik\u00f3w sk\u0142ada si\u0119 p\u0142atno\u015b\u0107 (np. woda, czynsz, koszty zarz\u0105du, sk\u0142adka na fundusz remontowy, CO itp.(zn\u00f3w pe\u0142na dowolno\u015b\u0107!)<\/li>\n<li>Podajemy w prosty spos\u00f3b (ale dowolnie skomplikowane) wzory wyliczaj\u0105ce warto\u015b\u0107 sk\u0142adnik\u00f3w p\u0142atno\u015bci (wzory nie musz\u0105 by\u0107 prostym mno\u017ceniem {cena}*{ilo\u015b\u0107}, ale dowolnym warunkowym wyra\u017ceniem). Ka\u017cdy wz\u00f3r jest dost\u0119pny w czytelnej postaci np. {zu\u017cycie wody dla budynku} * {osoby w lokalu} \/ suma_budynku({osoby w lokalu}). Je\u015bli ilo\u015b\u0107 os\u00f3b zmieni si\u0119 w \u015brodku miesi\u0105ca, to program automatycznie, \u201einteligentnie&#8221; to uwzgl\u0119dni!<\/li>\n<li>Wyst\u0119puj\u0105cy w powy\u017cszym wzorze wyra\u017cenie suma_budynku() jest jedn\u0105 z wbudowanych gotowych funkcji pozwalaj\u0105cych na \u0142atwiejsze zapisanie wzor\u00f3w.<br \/>\nInne przydatne funkcje to: zu\u017cycie wody, \u015brednia warto\u015b\u0107 z okresu, suma warunkowa czy funkcja pobieraj\u0105ca kwoty zaksi\u0119gowane bezpo\u015brednio z <a href=\"https:\/\/zubix.com.pl\/wordpress\/index.php\/produkty\/fk\/\">Systemu F-K<\/a>.<\/li>\n<li>Aby uporz\u0105dkowa\u0107 zapis wzor\u00f3w, mo\u017cna wyodr\u0119bni\u0107 grup\u0119 stawek i mno\u017cnik\u00f3w, kt\u00f3re s\u0105 u\u017cywane we wzorach<\/li>\n<li>Ka\u017cdy sk\u0142adnik mo\u017ce mie\u0107 zapami\u0119tan\u0105 swoj\u0105 histori\u0119 zmian. Mo\u017cna to wykorzysta\u0107 we wzorach! Nie ma wi\u0119c problemu z wyliczeniem dowolnego sk\u0142adnika, dla kt\u00f3rego stawki zmienia\u0142y si\u0119 w ci\u0105gu miesi\u0105ca. Mo\u017cna tak\u017ce wpisywa\u0107 warto\u015bci, kt\u00f3re dopiero w przysz\u0142o\u015bci b\u0119d\u0105 obowi\u0105zywa\u0142y (podaj\u0105c dat\u0119 obowi\u0105zywania).<\/li>\n<li>Do ka\u017cdego lokalu przyporz\u0105dkowany mo\u017ce by\u0107 w\u0142a\u015bciciel (lub kilku!), lokator i p\u0142atnik.<\/li>\n<li>Specjalny modu\u0142 pozwala wprowadza\u0107 odczyty licznik\u00f3w (ciep\u0142a, wody) i wylicza\u0107 obci\u0105\u017cenie za dane medium w dowolnie skomplikowany spos\u00f3b, uwzgl\u0119dniaj\u0105c np. brak mo\u017cliwo\u015bci odczytu licznika. Przyk\u0142ad: Je\u015bli({odczyt wody za stycze\u0144}&gt;0 i {odczyt wody za luty}&gt;0, wtedy ({odczyt wody za luty} \u2013 {odczyt wody za stycze\u0144}) * {stawka za wod\u0119}, w przeciwnym razie {rycza\u0142t za wod\u0119}*{ilo\u015b\u0107 os\u00f3b}.\n<p><img decoding=\"async\" src=\"https:\/\/zubix.com.pl\/grafika\/algorytm.jpg\" border=\"0\" \/><img decoding=\"async\" src=\"https:\/\/zubix.com.pl\/grafika\/wydrukczyn.jpg\" border=\"0\" \/><\/li>\n<\/ul>\n<p>Wszystkie obs\u0142ugiwane lokale pogrupowane s\u0105 w budynki (budynek lub kilka budynk\u00f3w mo\u017ce stanowi\u0107 wsp\u00f3lnot\u0119), budynki pogrupowane mog\u0105 by\u0107 w osiedla. Ten podzia\u0142 pozwala na znaczne uproszczenie opisu, poniewa\u017c wszystkie cechy opisuj\u0105ce lokal (tak\u017ce wzory i stawki), je\u015bli s\u0105 wsp\u00f3lne dla wszystkich lokali w budynku\/osiedlu, wystarczy opisa\u0107 w opisie budynku\/osiedla (np. stawka za ogrzewanie w z\u0142\/m2).<br \/>\n<img decoding=\"async\" src=\"https:\/\/zubix.com.pl\/grafika\/obiekty.jpg\" border=\"0\" \/><\/p>\n<p>Program nawi\u0105zuje dwustronn\u0105 \u0142\u0105czno\u015b\u0107 z <a href=\"https:\/\/zubix.com.pl\/wordpress\/index.php\/produkty\/fk\/\">Systemem Finansowo-Ksi\u0119gowym<\/a> (modu\u0142 wsp\u00f3\u0142pracy z systemem FK firmy ZUBIX jest ju\u017c wbudowany w program).<\/p>\n<p><img decoding=\"async\" src=\"https:\/\/zubix.com.pl\/grafika\/pracazFK.jpg\" border=\"0\" \/><\/p>\n<ul>\n<li>Do <a href=\"https:\/\/zubix.com.pl\/wordpress\/index.php\/produkty\/fk\/\">Systemu F-K<\/a> posy\u0142ane s\u0105 przypisy (oczywi\u015bcie mog\u0105 to by\u0107 ksi\u0119gowania ka\u017cdego sk\u0142adnika na inne konto np. fundusz remontowy powinien mie\u0107 wydzielone konto).<\/li>\n<li><a href=\"?ID=fksql\">System F-K<\/a> ksi\u0119guje wp\u0142ywaj\u0105ce wp\u0142aty, wysy\u0142a wezwania do zap\u0142aty, nalicza odsetki. System F-K posiada wbudowan\u0105 funkcj\u0119 pozwalaj\u0105c\u0105 na bie\u017c\u0105co nalicza\u0107 odsetki lokatorowi, kt\u00f3ry zg\u0142osi\u0142 si\u0119 do kasy z zamiarem zap\u0142aty.<\/li>\n<li>Program pobiera sobie z <a href=\"https:\/\/zubix.com.pl\/wordpress\/index.php\/produkty\/fk\/\">Sytemu F-K<\/a> informacj\u0119 o zad\u0142u\u017ceniu ka\u017cdego p\u0142atnika. W ka\u017cdej chwili mo\u017cemy si\u0119 dowiedzie\u0107 o stanie rozrachunk\u00f3w z ka\u017cdym p\u0142atnikiem. Na sporz\u0105dzanej przez program informacji o wysoko\u015bci stawek obowi\u0105zuj\u0105cych od danego terminu (kt\u00f3re wysy\u0142amy do lokator\u00f3w) mo\u017ce by\u0107 umieszczone bardzo precyzyjne i czytelne rozliczenie poprzednich okres\u00f3w, wskazana wysoko\u015b\u0107 kwot do zap\u0142aty za najbli\u017csze miesi\u0105ce. Nawet osoby o ograniczonej percepcji zorientuj\u0105 si\u0119 \u0142atwo w swoich zobowi\u0105zaniach.<\/li>\n<\/ul>\n<p>Aby u\u0142atwi\u0107 prac\u0119 z programem, zastosowano szereg udogodnie\u0144:<\/p>\n<ul>\n<li>Wspomniane ju\u017c wcze\u015bniej &#8211; &#8222;dziedziczenie&#8221; warto\u015bci sk\u0142adnik\u00f3w (z osiedla do budynku, z budynku do lokalu)<\/li>\n<li>Wspomniane ju\u017c wcze\u015bniej u\u0142atwione wpisywanie stanu licznik\u00f3w<\/li>\n<li>Mo\u017cliwo\u015b\u0107 wyselekcjonowania (do podgl\u0105du, do oblicze\u0144, do wydruk\u00f3w) dowolnej grupy lokali, wed\u0142ug dowolnych kryteri\u00f3w (np. lokale w kt\u00f3rych nie odczytano licznik\u00f3w, lokale, w kt\u00f3rych jest wi\u0119cej ni\u017c 5 os\u00f3b, lokale, kt\u00f3re maj\u0105 anten\u0119 zbiorcz\u0105, lokale, kt\u00f3re maj\u0105 instalacj\u0119 gazow\u0105 itp., a tak\u017ce dowolna kombinacja kryteri\u00f3w)<\/li>\n<li>Mo\u017cliwo\u015b\u0107 wpisywania (lub zmiany) jednego sk\u0142adnika do wszystkich lokali, albo te\u017c edycja wszystkich sk\u0142adnik\u00f3w jednego lokalu.<\/li>\n<\/ul>\n<p>W zale\u017cno\u015bci od cel\u00f3w, do kt\u00f3rych program jest stosowany, mo\u017cna skorzysta\u0107 z jego dodatkowych funkcji:<\/p>\n<ul>\n<li>Dla sp\u00f3\u0142dzielni mieszkaniowych &#8211; Modu\u0142 cz\u0142onkowski pozwala przetwarza\u0107 i przechowywa\u0107 dane<br \/>\nkontrahent\u00f3w (oczekuj\u0105cy, kandydat, przew\u0142aszczony, skre\u015blony, cz\u0142onek sp\u00f3\u0142dzielni itp.) oraz<br \/>\ndla ka\u017cdego stanu (ka\u017cdego rodzaju kontrahenta) mo\u017cliwe jest zdefiniowanie dowolnej<br \/>\nilo\u015bci i rodzaju danych np.: adres, data ur., nr. cz\u0142onkowski, kwota udzia\u0142u,<br \/>\ndata przyj\u0119cia itp.<br \/>\nWszystkie dane mog\u0105 by\u0107 dowolnie zmieniane z okre\u015bleniem daty co pozwala na przechowywanie<br \/>\nkompletnej historii zmian. Mo\u017cna zatem odtworzy\u0107 stan kontrahenta z dowolnego poprzedniego<br \/>\n(lub nawet przysz\u0142ego) dnia.<br \/>\nWszystkie wprowadzone dane mog\u0105 zosta\u0107 wydrukowane.<\/li>\n<li>Dla wsp\u00f3lnot mieszkaniowych &#8211; mo\u017cliwo\u015b\u0107 opracowania bud\u017cetu!<\/li>\n<li>Dla Towarzystw Budownictwa Spo\u0142ecznego &#8211; obs\u0142uga wykupu lokali (system F-K przejmuje tak jak w przypadku innych sk\u0142adnik\u00f3w obowi\u0105zki rejestracji i windykacji).<\/li>\n<li>Modu\u0142 korespondencji posiada mechanizm automatycznego sortowania, wyszukiwania, podgl\u0105du pism (korespondencji z lokatorami).<br \/>\nMog\u0105 to by\u0107 np. dokumenty MS WORD, pliki graficzne (zeskanowane pisma) a tak\u017ce inne dowolne pliki, kt\u00f3re WINDOWS potrafi otworzy\u0107.<\/li>\n<li>Ksi\u0105\u017cka meldunkowa z histori\u0105 meldunk\u00f3w i wydrukiem.<\/li>\n<li>Wydruki w\u0142asne to modu\u0142 pozwalaj\u0105cy przygotowa\u0107 dowolne pismo (dowolna tre\u015b\u0107,<br \/>\nwygl\u0105d, tabele itp&#8230;) korespondencji seryjnej z p\u0142atnikami poszczeg\u00f3lnych lokali.<br \/>\nDane do korespondencji mog\u0105 by\u0107 pobierane ze wszystkich warto\u015bci opisuj\u0105cych lokal<br \/>\noraz kontrahenta. Wydruk mo\u017ce s\u0142u\u017cy\u0107 do przygotowania np. wezwa\u0144, rozlicze\u0144, postanowie\u0144, rachunk\u00f3w itp.<\/li>\n<li>Modu\u0142 umo\u017cliwiaj\u0105cy tworzenie noty ksi\u0119gowej z pliku rozlicze\u0144 &#8222;Metrony&#8221;.<\/li>\n<li>Modu\u0142 &#8222;Czynsze on-line&#8221; umo\u017cliwiaj\u0105cy umieszczanie na stronie internetowej zabezpieczonych has\u0142em op\u0142at dla ka\u017cdego lokalu (lokatora).<br \/>\nNasza firma mo\u017ce udost\u0119pni\u0107 domen\u0119 NAZWA.eczynsze.pl (gdzie NAZWA jest dowolna) oraz miejsce na serwerze dla danych &#8222;Czynsz\u00f3w on-line&#8221;<\/li>\n<\/ul>\n<p>Mimo ogromnych mo\u017cliwo\u015bci programu, mamy zamiar rozwija\u0107 go permanentnie, zgodnie z uwagami i wymogami naszych klient\u00f3w, tak jak to czynimy z wszystkimi programami firmy ZUBIX. Jednym s\u0142owem, je\u015bli program nie wykonuje jakiej\u015b funkcji na kt\u00f3rej Pa\u0144stwu zale\u017cy, to prawdopodobnie ju\u017c nast\u0119pna wersja b\u0119dzie j\u0105 wykonywa\u0142a&#8230;<\/p>\n<p><b><br \/>\nCENA<br \/>\n<\/b><br \/>\nCena Systemu Naliczania Op\u0142at (CZYNSZE) zale\u017cy od ilo\u015bci lokali, kt\u00f3re program ma obs\u0142ugiwa\u0107 i od ilo\u015bci stanowisk, na kt\u00f3rych program b\u0119dzie zainstalowany (w sieci).<\/p>\n<p><a href=\"https:\/\/zubix.com.pl\/wordpress\/index.php\/produkty\/zasady-sprzedazy\/\">Zasady sprzeda\u017cy oprogramowania<\/a><br \/>\nCena modu\u0142u bud\u017cetowania &#8211; 10% ceny programu.<br \/>\nCena modu\u0142u TBS &#8211; 10% ceny programu.<br \/>\nCena modu\u0142u cz\u0142onkowskiego &#8211; 15% ceny programu.<br \/>\nCena modu\u0142u wk\u0142ad\u00f3w dla sp\u00f3\u0142dzielni &#8211; 7% ceny programu (wymagane posiadanie modu\u0142u cz\u0142onkowskiego).<br \/>\nCena modu\u0142u korespondencji &#8211; 3% ceny programu.<br \/>\nCena modu\u0142u ksi\u0105\u017cki meldunkowej &#8211; 6% ceny programu.<br \/>\nCena modu\u0142u wydruk\u00f3w w\u0142asnych seryjnych &#8211; 10% ceny programu.<br \/>\nCena modu\u0142u wsp\u00f3\u0142pracy z &#8222;Metron\u0105&#8221; &#8211; 3% ceny programu.<br \/>\nCena modu\u0142u &#8222;Czynsze on-line&#8221; &#8211; 8% ceny programu (5% w przypadku hostingu danych na serwerze ZUBIX).<br \/>\nCena modu\u0142u Dziennik zg\u0142osze\u0144 &#8211; 7% ceny programu.<br \/>\nCena modu\u0142u licznik\u00f3w (rozszerzenie i szczeg\u00f3\u0142owa ewidencja) &#8211; 12% ceny programu.<br \/>\nCena modu\u0142u importu licznik\u00f3w (odczyty radiowe) &#8211; 3% ceny programu.<br \/>\nDla strony internetowej i dla danych przechowywanych na naszym serwerze z domen\u0105 NAZWA.eczynsze.pl op\u0142ata miesi\u0119czna 20 z\u0142 + 0,5% ceny programu.<\/p>\n<p>Ceny programu F-K firmy ZUBIX, do kt\u00f3rego System Nalicza Op\u0142aty<br \/>\nzale\u017c\u0105 od zakupionych modu\u0142\u00f3w, ilo\u015bci wsp\u00f3lnot (je\u015bli program obs\u0142uguje wsp\u00f3lnoty, to wymagana jest wersja MULTI programu F-K) i ilo\u015bci stanowisk w sieci, na kt\u00f3rych program ma by\u0107 zainstalowany. Po szczeg\u00f3\u0142y prosimy dzwoni\u0107 (041) 344-44-47 lub 8.<\/p>\n<\/div>\n<\/td>\n<\/tr>\n<\/tbody>\n<\/table>\n","protected":false},"excerpt":{"rendered":"<p>System Naliczania Op\u0142at System Naliczania Op\u0142at (dawniej CZYNSZE) to wszechstronny i uniwersalny program przeznaczony do obs\u0142ugi obiekt\u00f3w (lokale, gara\u017ce, stanowiska handlowe, czesne itp.), Zastosowane rozwi\u0105zania pozwalaj\u0105 na efektywne wykorzystanie programu w: &#8211; Sp\u00f3\u0142dzielniach mieszkaniowych &#8211; Przedsi\u0119biorstwach Gospodarki Mieszkaniowej obs\u0142uguj\u0105cych zar\u00f3wno mieszkania czynszowe, komunalne jak i wsp\u00f3lnoty mieszkaniowe &#8211; Biurach zajmuj\u0105cych si\u0119 obs\u0142ug\u0105 wsp\u00f3lnot mieszkaniowych &#8211; [&hellip;]<\/p>\n","protected":false},"author":1,"featured_media":0,"parent":31,"menu_order":32,"comment_status":"closed","ping_status":"closed","template":"","meta":[],"yoast_head":"<!-- This site is optimized with the Yoast SEO plugin v21.0 - https:\/\/yoast.com\/wordpress\/plugins\/seo\/ -->\n<title>System naliczania op\u0142at rozbudowany program do naliczania op\u0142at<\/title>\n<meta name=\"description\" content=\"System naliczania op\u0142at SNO jest to modu\u0142 przenaczony do naliczania op\u0142at dla sp\u00f3\u0142dzielni mieszkaniowych, zak\u0142ad\u00f3w komunalnych, szk\u00f3\u0142, TBS-\u00f3w,\" \/>\n<meta name=\"robots\" content=\"index, follow, max-snippet:-1, max-image-preview:large, max-video-preview:-1\" \/>\n<link rel=\"canonical\" href=\"https:\/\/zubix.com.pl\/wordpress\/produkty\/sno\/\" \/>\n<meta property=\"og:locale\" content=\"pl_PL\" \/>\n<meta property=\"og:type\" content=\"article\" \/>\n<meta property=\"og:title\" content=\"System naliczania op\u0142at rozbudowany program do naliczania op\u0142at\" \/>\n<meta property=\"og:description\" content=\"System naliczania op\u0142at SNO jest to modu\u0142 przenaczony do naliczania op\u0142at dla sp\u00f3\u0142dzielni mieszkaniowych, zak\u0142ad\u00f3w komunalnych, szk\u00f3\u0142, TBS-\u00f3w,\" \/>\n<meta property=\"og:url\" content=\"https:\/\/zubix.com.pl\/wordpress\/produkty\/sno\/\" \/>\n<meta property=\"og:site_name\" content=\"PT-I ZUBIX\" \/>\n<meta property=\"article:modified_time\" content=\"2021-11-02T12:56:22+00:00\" \/>\n<meta property=\"og:image\" content=\"https:\/\/zubix.com.pl\/grafika\/czynsze.jpg\" \/>\n<meta name=\"twitter:card\" content=\"summary_large_image\" \/>\n<meta name=\"twitter:label1\" content=\"Szacowany czas czytania\" \/>\n\t<meta name=\"twitter:data1\" content=\"7 minut\" \/>\n<script type=\"application\/ld+json\" class=\"yoast-schema-graph\">{\"@context\":\"https:\/\/schema.org\",\"@graph\":[{\"@type\":\"WebPage\",\"@id\":\"https:\/\/zubix.com.pl\/wordpress\/produkty\/sno\/\",\"url\":\"https:\/\/zubix.com.pl\/wordpress\/produkty\/sno\/\",\"name\":\"System naliczania op\u0142at rozbudowany program do naliczania op\u0142at\",\"isPartOf\":{\"@id\":\"https:\/\/zubix.com.pl\/wordpress\/#website\"},\"datePublished\":\"2019-01-01T11:00:16+00:00\",\"dateModified\":\"2021-11-02T12:56:22+00:00\",\"description\":\"System naliczania op\u0142at SNO jest to modu\u0142 przenaczony do naliczania op\u0142at dla sp\u00f3\u0142dzielni mieszkaniowych, zak\u0142ad\u00f3w komunalnych, szk\u00f3\u0142, TBS-\u00f3w,\",\"breadcrumb\":{\"@id\":\"https:\/\/zubix.com.pl\/wordpress\/produkty\/sno\/#breadcrumb\"},\"inLanguage\":\"pl-PL\",\"potentialAction\":[{\"@type\":\"ReadAction\",\"target\":[\"https:\/\/zubix.com.pl\/wordpress\/produkty\/sno\/\"]}]},{\"@type\":\"BreadcrumbList\",\"@id\":\"https:\/\/zubix.com.pl\/wordpress\/produkty\/sno\/#breadcrumb\",\"itemListElement\":[{\"@type\":\"ListItem\",\"position\":1,\"name\":\"Strona g\u0142\u00f3wna\",\"item\":\"https:\/\/zubix.com.pl\/wordpress\/\"},{\"@type\":\"ListItem\",\"position\":2,\"name\":\"Produkty\",\"item\":\"https:\/\/zubix.com.pl\/wordpress\/produkty\/\"},{\"@type\":\"ListItem\",\"position\":3,\"name\":\"System Naliczania Op\u0142at\"}]},{\"@type\":\"WebSite\",\"@id\":\"https:\/\/zubix.com.pl\/wordpress\/#website\",\"url\":\"https:\/\/zubix.com.pl\/wordpress\/\",\"name\":\"PT-I ZUBIX\",\"description\":\"Programy dla Twojej firmy\",\"publisher\":{\"@id\":\"https:\/\/zubix.com.pl\/wordpress\/#organization\"},\"potentialAction\":[{\"@type\":\"SearchAction\",\"target\":{\"@type\":\"EntryPoint\",\"urlTemplate\":\"https:\/\/zubix.com.pl\/wordpress\/?s={search_term_string}\"},\"query-input\":\"required name=search_term_string\"}],\"inLanguage\":\"pl-PL\"},{\"@type\":\"Organization\",\"@id\":\"https:\/\/zubix.com.pl\/wordpress\/#organization\",\"name\":\"PTI ZUBIX\",\"url\":\"https:\/\/zubix.com.pl\/wordpress\/\",\"logo\":{\"@type\":\"ImageObject\",\"inLanguage\":\"pl-PL\",\"@id\":\"https:\/\/zubix.com.pl\/wordpress\/#\/schema\/logo\/image\/\",\"url\":\"http:\/\/zubix.com.pl\/wordpress\/wp-content\/uploads\/2019\/06\/zubix_header.png\",\"contentUrl\":\"http:\/\/zubix.com.pl\/wordpress\/wp-content\/uploads\/2019\/06\/zubix_header.png\",\"width\":480,\"height\":157,\"caption\":\"PTI ZUBIX\"},\"image\":{\"@id\":\"https:\/\/zubix.com.pl\/wordpress\/#\/schema\/logo\/image\/\"}}]}<\/script>\n<!-- \/ Yoast SEO plugin. -->","yoast_head_json":{"title":"System naliczania op\u0142at rozbudowany program do naliczania op\u0142at","description":"System naliczania op\u0142at SNO jest to modu\u0142 przenaczony do naliczania op\u0142at dla sp\u00f3\u0142dzielni mieszkaniowych, zak\u0142ad\u00f3w komunalnych, szk\u00f3\u0142, TBS-\u00f3w,","robots":{"index":"index","follow":"follow","max-snippet":"max-snippet:-1","max-image-preview":"max-image-preview:large","max-video-preview":"max-video-preview:-1"},"canonical":"https:\/\/zubix.com.pl\/wordpress\/produkty\/sno\/","og_locale":"pl_PL","og_type":"article","og_title":"System naliczania op\u0142at rozbudowany program do naliczania op\u0142at","og_description":"System naliczania op\u0142at SNO jest to modu\u0142 przenaczony do naliczania op\u0142at dla sp\u00f3\u0142dzielni mieszkaniowych, zak\u0142ad\u00f3w komunalnych, szk\u00f3\u0142, TBS-\u00f3w,","og_url":"https:\/\/zubix.com.pl\/wordpress\/produkty\/sno\/","og_site_name":"PT-I ZUBIX","article_modified_time":"2021-11-02T12:56:22+00:00","og_image":[{"url":"https:\/\/zubix.com.pl\/grafika\/czynsze.jpg"}],"twitter_card":"summary_large_image","twitter_misc":{"Szacowany czas czytania":"7 minut"},"schema":{"@context":"https:\/\/schema.org","@graph":[{"@type":"WebPage","@id":"https:\/\/zubix.com.pl\/wordpress\/produkty\/sno\/","url":"https:\/\/zubix.com.pl\/wordpress\/produkty\/sno\/","name":"System naliczania op\u0142at rozbudowany program do naliczania op\u0142at","isPartOf":{"@id":"https:\/\/zubix.com.pl\/wordpress\/#website"},"datePublished":"2019-01-01T11:00:16+00:00","dateModified":"2021-11-02T12:56:22+00:00","description":"System naliczania op\u0142at SNO jest to modu\u0142 przenaczony do naliczania op\u0142at dla sp\u00f3\u0142dzielni mieszkaniowych, zak\u0142ad\u00f3w komunalnych, szk\u00f3\u0142, TBS-\u00f3w,","breadcrumb":{"@id":"https:\/\/zubix.com.pl\/wordpress\/produkty\/sno\/#breadcrumb"},"inLanguage":"pl-PL","potentialAction":[{"@type":"ReadAction","target":["https:\/\/zubix.com.pl\/wordpress\/produkty\/sno\/"]}]},{"@type":"BreadcrumbList","@id":"https:\/\/zubix.com.pl\/wordpress\/produkty\/sno\/#breadcrumb","itemListElement":[{"@type":"ListItem","position":1,"name":"Strona g\u0142\u00f3wna","item":"https:\/\/zubix.com.pl\/wordpress\/"},{"@type":"ListItem","position":2,"name":"Produkty","item":"https:\/\/zubix.com.pl\/wordpress\/produkty\/"},{"@type":"ListItem","position":3,"name":"System Naliczania Op\u0142at"}]},{"@type":"WebSite","@id":"https:\/\/zubix.com.pl\/wordpress\/#website","url":"https:\/\/zubix.com.pl\/wordpress\/","name":"PT-I ZUBIX","description":"Programy dla Twojej firmy","publisher":{"@id":"https:\/\/zubix.com.pl\/wordpress\/#organization"},"potentialAction":[{"@type":"SearchAction","target":{"@type":"EntryPoint","urlTemplate":"https:\/\/zubix.com.pl\/wordpress\/?s={search_term_string}"},"query-input":"required name=search_term_string"}],"inLanguage":"pl-PL"},{"@type":"Organization","@id":"https:\/\/zubix.com.pl\/wordpress\/#organization","name":"PTI ZUBIX","url":"https:\/\/zubix.com.pl\/wordpress\/","logo":{"@type":"ImageObject","inLanguage":"pl-PL","@id":"https:\/\/zubix.com.pl\/wordpress\/#\/schema\/logo\/image\/","url":"http:\/\/zubix.com.pl\/wordpress\/wp-content\/uploads\/2019\/06\/zubix_header.png","contentUrl":"http:\/\/zubix.com.pl\/wordpress\/wp-content\/uploads\/2019\/06\/zubix_header.png","width":480,"height":157,"caption":"PTI ZUBIX"},"image":{"@id":"https:\/\/zubix.com.pl\/wordpress\/#\/schema\/logo\/image\/"}}]}},"_links":{"self":[{"href":"https:\/\/zubix.com.pl\/wordpress\/wp-json\/wp\/v2\/pages\/154"}],"collection":[{"href":"https:\/\/zubix.com.pl\/wordpress\/wp-json\/wp\/v2\/pages"}],"about":[{"href":"https:\/\/zubix.com.pl\/wordpress\/wp-json\/wp\/v2\/types\/page"}],"author":[{"embeddable":true,"href":"https:\/\/zubix.com.pl\/wordpress\/wp-json\/wp\/v2\/users\/1"}],"replies":[{"embeddable":true,"href":"https:\/\/zubix.com.pl\/wordpress\/wp-json\/wp\/v2\/comments?post=154"}],"version-history":[{"count":8,"href":"https:\/\/zubix.com.pl\/wordpress\/wp-json\/wp\/v2\/pages\/154\/revisions"}],"predecessor-version":[{"id":466,"href":"https:\/\/zubix.com.pl\/wordpress\/wp-json\/wp\/v2\/pages\/154\/revisions\/466"}],"up":[{"embeddable":true,"href":"https:\/\/zubix.com.pl\/wordpress\/wp-json\/wp\/v2\/pages\/31"}],"wp:attachment":[{"href":"https:\/\/zubix.com.pl\/wordpress\/wp-json\/wp\/v2\/media?parent=154"}],"curies":[{"name":"wp","href":"https:\/\/api.w.org\/{rel}","templated":true}]}}